{"id":25705,"date":"2024-04-09T21:04:32","date_gmt":"2024-04-09T18:04:32","guid":{"rendered":"https:\/\/prelive2.pomello.ee\/?post_type=product&#038;p=25705"},"modified":"2024-04-11T16:54:51","modified_gmt":"2024-04-11T13:54:51","slug":"my-lamination-biotin-kulmu-ja-ripsmeseerum","status":"publish","type":"product","link":"https:\/\/prelive2.pomello.ee\/fi\/toode\/my-lamination-biotin-kulmu-ja-ripsmeseerum\/","title":{"rendered":"My Lamination Biotin kulmu- ja ripsmeseerum"},"content":{"rendered":"<p><strong>My Lamination Biotin kulmu- ja ripsmeseerum funktsionaalsed koostisosad:<\/strong><\/p>\n<p>&nbsp;<\/p>\n<p><strong>1. Biotiin:<\/strong> Tugevdab, toidab ja soodustab kasvu.<br \/>\n<strong>2. Metioniin<\/strong>: Tugevdav, taastav ja s\u00e4ilitav.<br \/>\n<strong>3. H\u00fcdrol\u00fc\u00fcsitud Keratiin:<\/strong> Taastab ja annab keha ning s\u00e4ra.<br \/>\n<strong>4. Taimne Kollageen:<\/strong> T\u00e4iteaine, tugevdaja ja hermeetik.<br \/>\n<strong>5. Taimne Gl\u00fctseriin:<\/strong> Niisutav, pehmendav ja kaitsev.<br \/>\n<strong>6. Tokoferool (Vitamiin E Atsetaat):<\/strong> Antioks\u00fcdantne ja kaitsev.<br \/>\n<strong>7. Linoolhape (Linaseemnehape):<\/strong> Vitamiin F, tuhmumisvastane ja toitev.<br \/>\n<strong>8. Askorb\u00fc\u00fcltetraisopalmiit (Vitamiin C):<\/strong> Kaitsev ja valgustav.<br \/>\n<strong>9. Pantenool (Pro-Vitamiin B5):<\/strong> Tugevdab, niisutab ja annab s\u00e4ra.<\/p>\n<p>&nbsp;<\/p>\n<p><strong>Kuidas Kasutada:<\/strong><br \/>\nKanna seerumit puhastele ripsmetele v\u00f5i kulmudele juurest otsani. Soovitatav on kasutada kaks korda p\u00e4evas &#8211; hommikul ja \u00f5htul &#8211; tagamaks optimaalne tulemus.<\/p>\n<p>&nbsp;<\/p>\n<p>My Lamination biotiiniga ripsme- a kulmuseerum on sinu ideaalne kaaslane, mis annab sulle tugevad, terved ja kaunid ripsmed ning kulmud. Lisaks sellele, et see seerum on efektiivne, on sellel ka t\u00e4pne pintsli ja aplikaatorharjaga varustatud disain, mis muudab selle kasutamise mugavaks ja t\u00f5husaks.<\/p>\n<p>&nbsp;<\/p>\n","protected":false},"excerpt":{"rendered":"<p>Avasta My Lamination Biotin kulmu- ja ripsmeseerum!<\/p>\n<p>&nbsp;<\/p>\n<p>My Laminationi uusim toode, Biotiiniga kulmu- ja ripsmeseerum! See on biotiiniga rikastatud seerum, mis on loodud spetsiaalselt selleks, et tugevdada, toita ja soodustada ripsmete ning kulmude kasvu. See revolutsiooniline seerum sisaldab <strong>\u00fcheksa<\/strong> funktsionaalset koostisosa, mis tagavad sinu ripsmetele ja kulmudele parima v\u00f5imaliku hoolduse.<\/p>\n<p>&nbsp;<\/p>\n<p><strong>Miks valida My Lamination Biotin kulmu- ja ripsmeseerum?<\/strong><\/p>\n<p>&nbsp;<\/p>\n<p><strong>&#8211;<\/strong> <strong>Biotiiniga rikastatud:<\/strong> Biotiin on tuntud oma v\u00f5ime poolest tugevdada juukseid ning soodustada nende kasvu.<br \/>\n<strong>&#8211; \u00dcheksa funktsionaalset koostisosa:<\/strong> Lisaks biotiinile sisaldab see seerum veel kaheksat teist olulist koostisainet, mis aitavad tagada tervete ja kaunite ripsmete ning kulmude ilu.<br \/>\n<strong>&#8211; Tugevdav ja toitev:<\/strong> Seerumi regulaarne kasutamine aitab tugevdada ning toita nii ripsmeid kui ka kulmusid, muutes need tervemaks ja tugevamaks.<br \/>\n<strong>&#8211; Kergesti kasutatav:<\/strong> T\u00e4nu spetsiaalselt v\u00e4lja t\u00f6\u00f6tatud aplikaatorile on seerumi kandmine ripsmetele ja kulmudele lihtne ja mugav.<\/p>\n<p>&nbsp;<\/p>\n<p><strong>Kuidas kasutada My Lamination Biotin kulmu- ja ripsmeseerumit?<\/strong><\/p>\n<p>&nbsp;<\/p>\n<p>Kandke seerumit puhtale ripsmetele ja kulmudele juurtest otsteni. Soovitatav on kasutada seerumit regulaarselt, et saavutada parimad tulemused.<\/p>\n<p>\u00c4ra lase oma ripsmetel ja kulmudel j\u00e4\u00e4da ilma parimast hooldusest! Avasta juba t\u00e4na My Lamination Biotin kulmu- ja ripsmeseerumi v\u00f5lu ning naudi tervemaid ja kaunimaid ripsmeid ning kulme.<\/p>\n","protected":false},"featured_media":25709,"comment_status":"open","ping_status":"closed","template":"","meta":{"_monsterinsights_skip_tracking":false,"_monsterinsights_sitenote_active":false,"_monsterinsights_sitenote_note":"","_monsterinsights_sitenote_category":0},"product_cat":[206,448,199],"product_tag":[],"class_list":{"0":"post-25705","1":"product","2":"type-product","3":"status-publish","4":"has-post-thumbnail","6":"product_cat-kulmud","7":"product_cat-ripsme-ja-kulmuseerumid","8":"product_cat-ripsmed","9":"pa_brand-my-lamination","10":"pa_suurus-45ml","12":"first","13":"instock","14":"taxable","15":"shipping-taxable","16":"purchasable","17":"product-type-simple"},"_links":{"self":[{"href":"https:\/\/prelive2.pomello.ee\/fi\/wp-json\/wp\/v2\/product\/25705","targetHints":{"allow":["GET"]}}],"collection":[{"href":"https:\/\/prelive2.pomello.ee\/fi\/wp-json\/wp\/v2\/product"}],"about":[{"href":"https:\/\/prelive2.pomello.ee\/fi\/wp-json\/wp\/v2\/types\/product"}],"replies":[{"embeddable":true,"href":"https:\/\/prelive2.pomello.ee\/fi\/wp-json\/wp\/v2\/comments?post=25705"}],"version-history":[{"count":1,"href":"https:\/\/prelive2.pomello.ee\/fi\/wp-json\/wp\/v2\/product\/25705\/revisions"}],"predecessor-version":[{"id":25712,"href":"https:\/\/prelive2.pomello.ee\/fi\/wp-json\/wp\/v2\/product\/25705\/revisions\/25712"}],"wp:featuredmedia":[{"embeddable":true,"href":"https:\/\/prelive2.pomello.ee\/fi\/wp-json\/wp\/v2\/media\/25709"}],"wp:attachment":[{"href":"https:\/\/prelive2.pomello.ee\/fi\/wp-json\/wp\/v2\/media?parent=25705"}],"wp:term":[{"taxonomy":"product_cat","embeddable":true,"href":"https:\/\/prelive2.pomello.ee\/fi\/wp-json\/wp\/v2\/product_cat?post=25705"},{"taxonomy":"product_tag","embeddable":true,"href":"https:\/\/prelive2.pomello.ee\/fi\/wp-json\/wp\/v2\/product_tag?post=25705"}],"curies":[{"name":"wp","href":"https:\/\/api.w.org\/{rel}","templated":true}]}}