{"id":25348,"date":"2024-03-23T12:29:36","date_gmt":"2024-03-23T09:29:36","guid":{"rendered":"https:\/\/prelive2.pomello.ee\/toode\/nikk-mole-mousse-bergamot-puhdistusvaahto\/"},"modified":"2024-03-23T12:29:36","modified_gmt":"2024-03-23T09:29:36","slug":"nikk-mole-mousse-bergamot-puhdistusvaahto","status":"publish","type":"product","link":"https:\/\/prelive2.pomello.ee\/fi\/toode\/nikk-mole-mousse-bergamot-puhdistusvaahto\/","title":{"rendered":"NIKK MOLE Mousse Bergamot puhdistusvaahto"},"content":{"rendered":"<p><strong>NIKK MOLE Mousse Bergamot puhdistusvaahto tarjoaa rikkaan yhdistelm\u00e4n luonnollisia ainesosia, jotka tukevat ja hemmottelevat ihoasi:<\/strong><\/p>\n<p>&nbsp;<\/p>\n<p>&#8211; Rosmariiniuute: S\u00e4vytt\u00e4\u00e4 ihoa ja tasoittaa sen v\u00e4ri\u00e4.<br \/>\n&#8211; Bergamotin eteerinen \u00f6ljy: Normalisoi talintuotantoa ja kaventaa huokosia.<br \/>\n&#8211; Ylang-ylang-hydrolaatti: Rauhoittaa ihoa ja aktivoi solujen uusiutumisprosesseja.<br \/>\n&#8211; Luonnollinen betaiini: Kosteuttaa ja rauhoittaa ihoa aktiivisesti.<br \/>\n&#8211; Provitamiini B5: Suojaa ihoa ja edist\u00e4\u00e4 ihosolujen uusiutumista.<\/p>\n<p>&nbsp;<\/p>\n<p><strong>K\u00e4ytt\u00f6<\/strong>: Levit\u00e4 pieni m\u00e4\u00e4r\u00e4 vaahtoavaa shampoota halutulle alueelle ja levit\u00e4 hell\u00e4varaisesti py\u00f6rivin liikkein. Kun k\u00e4yt\u00e4t kulmakarvoille tai ripsille, poista shampoo kostealla vanulapulla. Levitett\u00e4ess\u00e4 kasvoille, hiero tarvittava m\u00e4\u00e4r\u00e4 vaahtoa kostealle iholle aamulla ja\/tai illalla. Huuhtele huolellisesti vedell\u00e4.<\/p>\n<p>&nbsp;<\/p>\n<p>Varotoimet: V\u00e4lt\u00e4 aineen joutumista silmiin. Lopeta k\u00e4ytt\u00f6, jos sinulla on yksil\u00f6llinen intoleranssi. S\u00e4ilytett\u00e4v\u00e4 lasten ja el\u00e4inten ulottumattomissa +5 \u00b0C &#8211; +22 \u00b0C l\u00e4mp\u00f6tilassa. S\u00e4ilyvyys 18 kuukautta.<\/p>\n","protected":false},"excerpt":{"rendered":"<p>NIKK MOLE Mousse Bergamot puhdistusvaahto &#8211; hell\u00e4varainen ja ilmava kauneusrituaali, joka hemmottelee kasvojen ihoasi. T\u00e4m\u00e4 hell\u00e4varainen puhdistusaine on kehitetty erityisesti ennen kauneushoitoja tai p\u00e4iv\u00e4n p\u00e4\u00e4tteeksi poistamaan meikin ja ep\u00e4puhtaudet j\u00e4tt\u00e4en ihon raikkaaksi ja s\u00e4teilev\u00e4ksi. Lis\u00e4ksi se sopii erinomaisesti my\u00f6s luonnollisten ripsien ja kulmakarvojen puhdistamiseen ennen niiden v\u00e4rj\u00e4yst\u00e4 tai laminointia.<\/p>\n<p>&nbsp;<\/p>\n<p>Koko: 100 ml<\/p>\n","protected":false},"featured_media":24836,"comment_status":"open","ping_status":"closed","template":"","meta":{"_monsterinsights_skip_tracking":false,"_monsterinsights_sitenote_active":false,"_monsterinsights_sitenote_note":"","_monsterinsights_sitenote_category":0},"product_cat":[915,518,916,476,520,475],"product_tag":[],"class_list":{"0":"post-25348","1":"product","2":"type-product","3":"status-publish","4":"has-post-thumbnail","6":"product_cat-esi-ja-jalkihoito","7":"product_cat-jalkihoito","8":"product_cat-esihoito-fi","9":"product_cat-kulmakarvat","10":"product_cat-puhdistustuotteet","11":"product_cat-ripset","12":"pa_brand-nikk-mole-fi","13":"pa_suurus-100-ml-fi","15":"first","16":"instock","17":"taxable","18":"shipping-taxable","19":"purchasable","20":"product-type-simple"},"_links":{"self":[{"href":"https:\/\/prelive2.pomello.ee\/fi\/wp-json\/wp\/v2\/product\/25348","targetHints":{"allow":["GET"]}}],"collection":[{"href":"https:\/\/prelive2.pomello.ee\/fi\/wp-json\/wp\/v2\/product"}],"about":[{"href":"https:\/\/prelive2.pomello.ee\/fi\/wp-json\/wp\/v2\/types\/product"}],"replies":[{"embeddable":true,"href":"https:\/\/prelive2.pomello.ee\/fi\/wp-json\/wp\/v2\/comments?post=25348"}],"version-history":[{"count":0,"href":"https:\/\/prelive2.pomello.ee\/fi\/wp-json\/wp\/v2\/product\/25348\/revisions"}],"wp:featuredmedia":[{"embeddable":true,"href":"https:\/\/prelive2.pomello.ee\/fi\/wp-json\/wp\/v2\/media\/24836"}],"wp:attachment":[{"href":"https:\/\/prelive2.pomello.ee\/fi\/wp-json\/wp\/v2\/media?parent=25348"}],"wp:term":[{"taxonomy":"product_cat","embeddable":true,"href":"https:\/\/prelive2.pomello.ee\/fi\/wp-json\/wp\/v2\/product_cat?post=25348"},{"taxonomy":"product_tag","embeddable":true,"href":"https:\/\/prelive2.pomello.ee\/fi\/wp-json\/wp\/v2\/product_tag?post=25348"}],"curies":[{"name":"wp","href":"https:\/\/api.w.org\/{rel}","templated":true}]}}