{"id":25346,"date":"2024-03-23T12:41:50","date_gmt":"2024-03-23T09:41:50","guid":{"rendered":"https:\/\/prelive2.pomello.ee\/toode\/nikk-mole-mousse-macadamia-puhdistusvaahtoa\/"},"modified":"2024-03-23T12:41:50","modified_gmt":"2024-03-23T09:41:50","slug":"nikk-mole-mousse-macadamia-puhdistusvaahtoa","status":"publish","type":"product","link":"https:\/\/prelive2.pomello.ee\/fi\/toode\/nikk-mole-mousse-macadamia-puhdistusvaahtoa\/","title":{"rendered":"NIKK MOLE Mousse Macadamia puhdistusvaahtoa"},"content":{"rendered":"<p>Tutustu <strong>NIKK MOLE Mousse Macadamia Cleansing Foam<\/strong> -puhdistusvaahtoon, joka on rikastettu makadamia\u00f6ljyll\u00e4, vehn\u00e4nalkiouutteella ja silkkiproteiineilla, jotka puhdistavat ihosi hell\u00e4varaisesti ja poistavat meikin. Luonnollisten ainesosien ansiosta se pehment\u00e4\u00e4, ravitsee ja elvytt\u00e4\u00e4 ihoasi antaen sille hyvin hoidetun ulkon\u00e4\u00f6n. Ainutlaatuinen kosteuttava kompleksi yll\u00e4pit\u00e4\u00e4 ihon hydro-lipiditasapainoa tehden siit\u00e4 sile\u00e4n ja elastisen.<\/p>\n<p>&nbsp;<\/p>\n<p>&#8211; Macadamia\u00f6ljy (hy\u00f6dyllinen kuivalle iholle \u2013 kosteuttaa, normalisoi talirauhasten toimintaa);<br \/>\n&#8211; Luonnollinen betaiini (rauhoittaa ihoa);<br \/>\n&#8211; Provitamiini B5 (suojaa ja edist\u00e4\u00e4 ihosolujen uusiutumista).<\/p>\n<p>&nbsp;<\/p>\n<p><strong>K\u00e4ytt\u00f6<\/strong>: Levit\u00e4 shampoovaahtoa halutulle alueelle ja levit\u00e4 kevyesti py\u00f6rivin liikkein. Kun k\u00e4yt\u00e4t kulmakarvoille tai ripsille, poista shampoo kostealla vanulapulla. Levitett\u00e4ess\u00e4 kasvoille, hiero kostealle iholle aamulla ja\/tai illalla. Huuhtele huolellisesti vedell\u00e4.<\/p>\n<p>&nbsp;<\/p>\n<p>Varotoimet: V\u00e4lt\u00e4 aineen joutumista silmiin. Lopeta k\u00e4ytt\u00f6, jos sinulla on yksil\u00f6llinen intoleranssi. S\u00e4ilyt\u00e4 lasten ja el\u00e4inten ulottumattomissa +5\u00b0C &#8211; 22\u00b0C l\u00e4mp\u00f6tilassa. S\u00e4ilyvyys 18 kuukautta.<\/p>\n","protected":false},"excerpt":{"rendered":"<p>NIKK MOLE Mousse Macadamia puhdistusvaahto &#8211; ihoa pehment\u00e4v\u00e4, ravinteikas ja korjaava, joka luo hyvin hoidetun ulkon\u00e4\u00f6n. Kosteuttava kompleksi yll\u00e4pit\u00e4\u00e4 hydro-lipiditasapainoa tehden ihosta sile\u00e4n ja elastisen.<\/p>\n<p>&nbsp;<\/p>\n<p>Koko: 100 ml<\/p>\n","protected":false},"featured_media":24841,"comment_status":"open","ping_status":"closed","template":"","meta":{"_monsterinsights_skip_tracking":false,"_monsterinsights_sitenote_active":false,"_monsterinsights_sitenote_note":"","_monsterinsights_sitenote_category":0},"product_cat":[915,518,916,476,520,475],"product_tag":[],"class_list":{"0":"post-25346","1":"product","2":"type-product","3":"status-publish","4":"has-post-thumbnail","6":"product_cat-esi-ja-jalkihoito","7":"product_cat-jalkihoito","8":"product_cat-esihoito-fi","9":"product_cat-kulmakarvat","10":"product_cat-puhdistustuotteet","11":"product_cat-ripset","12":"pa_brand-nikk-mole-fi","13":"pa_suurus-100-ml-fi","15":"first","16":"instock","17":"taxable","18":"shipping-taxable","19":"purchasable","20":"product-type-simple"},"_links":{"self":[{"href":"https:\/\/prelive2.pomello.ee\/fi\/wp-json\/wp\/v2\/product\/25346","targetHints":{"allow":["GET"]}}],"collection":[{"href":"https:\/\/prelive2.pomello.ee\/fi\/wp-json\/wp\/v2\/product"}],"about":[{"href":"https:\/\/prelive2.pomello.ee\/fi\/wp-json\/wp\/v2\/types\/product"}],"replies":[{"embeddable":true,"href":"https:\/\/prelive2.pomello.ee\/fi\/wp-json\/wp\/v2\/comments?post=25346"}],"version-history":[{"count":0,"href":"https:\/\/prelive2.pomello.ee\/fi\/wp-json\/wp\/v2\/product\/25346\/revisions"}],"wp:featuredmedia":[{"embeddable":true,"href":"https:\/\/prelive2.pomello.ee\/fi\/wp-json\/wp\/v2\/media\/24841"}],"wp:attachment":[{"href":"https:\/\/prelive2.pomello.ee\/fi\/wp-json\/wp\/v2\/media?parent=25346"}],"wp:term":[{"taxonomy":"product_cat","embeddable":true,"href":"https:\/\/prelive2.pomello.ee\/fi\/wp-json\/wp\/v2\/product_cat?post=25346"},{"taxonomy":"product_tag","embeddable":true,"href":"https:\/\/prelive2.pomello.ee\/fi\/wp-json\/wp\/v2\/product_tag?post=25346"}],"curies":[{"name":"wp","href":"https:\/\/api.w.org\/{rel}","templated":true}]}}