{"id":25344,"date":"2024-03-23T12:55:48","date_gmt":"2024-03-23T09:55:48","guid":{"rendered":"https:\/\/prelive2.pomello.ee\/toode\/nikk-mole-enzyme-cleanser-powder-3in1\/"},"modified":"2024-03-23T12:55:48","modified_gmt":"2024-03-23T09:55:48","slug":"nikk-mole-enzyme-cleanser-powder-3in1","status":"publish","type":"product","link":"https:\/\/prelive2.pomello.ee\/fi\/toode\/nikk-mole-enzyme-cleanser-powder-3in1\/","title":{"rendered":"NIKK MOLE Enzyme Cleanser Powder 3in1"},"content":{"rendered":"<p>Ainutlaatuinen <strong>NIKK MOLE Enzyme Cleanser Powder 3in1<\/strong>, joka perustuu pehme\u00e4\u00e4n entsyymijauheeseen, on suunniteltu erityisesti ihon valmisteluun ennen v\u00e4rj\u00e4yst\u00e4, valkaisua tai laminointia. Tuote poistaa hell\u00e4varaisesti ylim\u00e4\u00e4r\u00e4isen \u00f6ljyn, kuolleet solut ja ep\u00e4puhtaudet vahingoittamatta ihoa.<\/p>\n<p>&nbsp;<\/p>\n<p>Se on moderni vaihtoehto pesureille, koska se ei sis\u00e4ll\u00e4 hankaavia hiukkasia tai aggressiivisia komponentteja. T\u00e4ydellinen my\u00f6s hell\u00e4varaiseen lianpoistoon puhdistusvaahdon tai shampoon sijaan. Tuotteella on hieno, herkk\u00e4 rakenne, joka luo ihanteellisen pohjan seuraaville tuotteille.<\/p>\n<p>&nbsp;<\/p>\n<p>Ammattimainen koostumus perustuu hedelm\u00e4happoihin ja granaattiomenaentsyymeihin, jotka aktivoituvat joutuessaan kosketuksiin veden kanssa ja takaavat hell\u00e4varaisen kuorinnan, syv\u00e4puhdistuksen, kiillon ja sileyden.<\/p>\n<p>&nbsp;<\/p>\n<p>Sopii kaikille ihotyypeille, my\u00f6s kuivalle ja herk\u00e4lle iholle.<\/p>\n<p>&nbsp;<\/p>\n<p><strong>K\u00e4ytt\u00f6<\/strong>:<\/p>\n<p>1. Sekoita pieni m\u00e4\u00e4r\u00e4 jauhetta veteen suhteessa 1:1.<br \/>\n2. Vatkaa siveltimell\u00e4, kunnes muodostuu kevytt\u00e4 vaahtoa ja levit\u00e4 puhdistettavalle alueelle lempein liikkein.<br \/>\n3. Anna vaikuttaa 1-2 minuuttia.<br \/>\n4. Poista tuotej\u00e4\u00e4m\u00e4t vedell\u00e4 kostutetulla vanulapulla.<\/p>\n<p>&nbsp;<\/p>\n<p>Mahdollinen yksil\u00f6llinen herkkyys komponenteille. V\u00e4lt\u00e4 katsekontaktia. Vain ulkok\u00e4ytt\u00f6\u00f6n.<\/p>\n","protected":false},"excerpt":{"rendered":"<p>NIKK MOLE Enzyme Cleanser Powder 3in1 &#8211; puhdistus, kuorinta ja detox yhdess\u00e4 tuotteessa! Moderni vaihtoehto kuorinnalle, joka ei sis\u00e4ll\u00e4 hankaavia hiukkasia tai aggressiivisia komponentteja. T\u00e4m\u00e4 monipuolinen tuote puhdistaa hell\u00e4varaisesti, kuorii ja poistaa myrkkyj\u00e4, ja sit\u00e4 voidaan k\u00e4ytt\u00e4\u00e4 sek\u00e4 puhdistusvaahtojen ett\u00e4 shampooiden sijaan ep\u00e4puhtauksien poistamiseen. Tutustu ihonhoitorutiinisi innovatiiviseen ratkaisuun jo t\u00e4n\u00e4\u00e4n!<\/p>\n<p>&nbsp;<\/p>\n<p>Koko: 50 g<\/p>\n","protected":false},"featured_media":24848,"comment_status":"open","ping_status":"closed","template":"","meta":{"_monsterinsights_skip_tracking":false,"_monsterinsights_sitenote_active":false,"_monsterinsights_sitenote_note":"","_monsterinsights_sitenote_category":0},"product_cat":[476,918,520],"product_tag":[],"class_list":{"0":"post-25344","1":"product","2":"type-product","3":"status-publish","4":"has-post-thumbnail","6":"product_cat-kulmakarvat","7":"product_cat-kuorijat","8":"product_cat-puhdistustuotteet","9":"pa_brand-nikk-mole-fi","10":"pa_suurus-50-g-fi","12":"first","13":"instock","14":"taxable","15":"shipping-taxable","16":"purchasable","17":"product-type-simple"},"_links":{"self":[{"href":"https:\/\/prelive2.pomello.ee\/fi\/wp-json\/wp\/v2\/product\/25344","targetHints":{"allow":["GET"]}}],"collection":[{"href":"https:\/\/prelive2.pomello.ee\/fi\/wp-json\/wp\/v2\/product"}],"about":[{"href":"https:\/\/prelive2.pomello.ee\/fi\/wp-json\/wp\/v2\/types\/product"}],"replies":[{"embeddable":true,"href":"https:\/\/prelive2.pomello.ee\/fi\/wp-json\/wp\/v2\/comments?post=25344"}],"version-history":[{"count":0,"href":"https:\/\/prelive2.pomello.ee\/fi\/wp-json\/wp\/v2\/product\/25344\/revisions"}],"wp:featuredmedia":[{"embeddable":true,"href":"https:\/\/prelive2.pomello.ee\/fi\/wp-json\/wp\/v2\/media\/24848"}],"wp:attachment":[{"href":"https:\/\/prelive2.pomello.ee\/fi\/wp-json\/wp\/v2\/media?parent=25344"}],"wp:term":[{"taxonomy":"product_cat","embeddable":true,"href":"https:\/\/prelive2.pomello.ee\/fi\/wp-json\/wp\/v2\/product_cat?post=25344"},{"taxonomy":"product_tag","embeddable":true,"href":"https:\/\/prelive2.pomello.ee\/fi\/wp-json\/wp\/v2\/product_tag?post=25344"}],"curies":[{"name":"wp","href":"https:\/\/api.w.org\/{rel}","templated":true}]}}