{"id":25342,"date":"2024-03-23T13:10:15","date_gmt":"2024-03-23T10:10:15","guid":{"rendered":"https:\/\/prelive2.pomello.ee\/toode\/nikk-mole-salt-degreaser\/"},"modified":"2024-03-23T13:10:15","modified_gmt":"2024-03-23T10:10:15","slug":"nikk-mole-salt-degreaser","status":"publish","type":"product","link":"https:\/\/prelive2.pomello.ee\/fi\/toode\/nikk-mole-salt-degreaser\/","title":{"rendered":"NIKK MOLE Salt Degreaser"},"content":{"rendered":"","protected":false},"excerpt":{"rendered":"<p>NIKK MOLE Salt Degreaser -suolaliuos, joka on erityisesti suunniteltu hiusten ja ihon perusteelliseen puhdistukseen ennen v\u00e4rj\u00e4yst\u00e4, ripsiin ja kulmakarvoihin. Normaalin meikinpoistoaineen k\u00e4yt\u00f6n j\u00e4lkeen j\u00e4\u00e4 usein \u00f6ljyisi\u00e4 j\u00e4\u00e4mi\u00e4, mink\u00e4 vuoksi on t\u00e4rke\u00e4\u00e4 puhdistaa silm\u00e4nymp\u00e4rysalue huolellisesti luonnollisesta rasvasta ja mikrop\u00f6lyst\u00e4, jotta varmistetaan ihanteellinen perusta ripsien optimaaliselle kiinnittymiselle kemialliseen v\u00e4riaineeseen. . L\u00f6yd\u00e4 t\u00e4ydellinen ratkaisu kauneushoitojen parantamiseen!<\/p>\n<p>&nbsp;<\/p>\n<p>Riippumatta siit\u00e4, tapahtuuko v\u00e4rj\u00e4ys salongissa vai kotona, rasvanpoistoaineen k\u00e4ytt\u00f6 pident\u00e4\u00e4 v\u00e4rin kestoa hiuksissa ja valmistelee hiukset ihanteelliseen pigmentaatioon.<\/p>\n<p>&nbsp;<\/p>\n<p>Se on helppok\u00e4ytt\u00f6inen: levit\u00e4 tuotetta vanulappuun ja sen j\u00e4lkeen iholle.<\/p>\n<p>&nbsp;<\/p>\n<p>Koko: 200 ml<\/p>\n","protected":false},"featured_media":24853,"comment_status":"open","ping_status":"closed","template":"","meta":{"_monsterinsights_skip_tracking":false,"_monsterinsights_sitenote_active":false,"_monsterinsights_sitenote_note":"","_monsterinsights_sitenote_category":0},"product_cat":[518,915,916,476,475],"product_tag":[],"class_list":{"0":"post-25342","1":"product","2":"type-product","3":"status-publish","4":"has-post-thumbnail","6":"product_cat-jalkihoito","7":"product_cat-esi-ja-jalkihoito","8":"product_cat-esihoito-fi","9":"product_cat-kulmakarvat","10":"product_cat-ripset","11":"pa_brand-nikk-mole-fi","12":"pa_suurus-200-ml-fi","14":"first","15":"instock","16":"taxable","17":"shipping-taxable","18":"purchasable","19":"product-type-simple"},"_links":{"self":[{"href":"https:\/\/prelive2.pomello.ee\/fi\/wp-json\/wp\/v2\/product\/25342","targetHints":{"allow":["GET"]}}],"collection":[{"href":"https:\/\/prelive2.pomello.ee\/fi\/wp-json\/wp\/v2\/product"}],"about":[{"href":"https:\/\/prelive2.pomello.ee\/fi\/wp-json\/wp\/v2\/types\/product"}],"replies":[{"embeddable":true,"href":"https:\/\/prelive2.pomello.ee\/fi\/wp-json\/wp\/v2\/comments?post=25342"}],"version-history":[{"count":0,"href":"https:\/\/prelive2.pomello.ee\/fi\/wp-json\/wp\/v2\/product\/25342\/revisions"}],"wp:featuredmedia":[{"embeddable":true,"href":"https:\/\/prelive2.pomello.ee\/fi\/wp-json\/wp\/v2\/media\/24853"}],"wp:attachment":[{"href":"https:\/\/prelive2.pomello.ee\/fi\/wp-json\/wp\/v2\/media?parent=25342"}],"wp:term":[{"taxonomy":"product_cat","embeddable":true,"href":"https:\/\/prelive2.pomello.ee\/fi\/wp-json\/wp\/v2\/product_cat?post=25342"},{"taxonomy":"product_tag","embeddable":true,"href":"https:\/\/prelive2.pomello.ee\/fi\/wp-json\/wp\/v2\/product_tag?post=25342"}],"curies":[{"name":"wp","href":"https:\/\/api.w.org\/{rel}","templated":true}]}}