{"id":25340,"date":"2024-03-27T21:40:52","date_gmt":"2024-03-27T18:40:52","guid":{"rendered":"https:\/\/prelive2.pomello.ee\/toode\/oko-ultra-thin-7-sivellin\/"},"modified":"2024-03-27T21:40:52","modified_gmt":"2024-03-27T18:40:52","slug":"oko-ultra-thin-7-sivellin","status":"publish","type":"product","link":"https:\/\/prelive2.pomello.ee\/fi\/toode\/oko-ultra-thin-7-sivellin\/","title":{"rendered":"OKO Ultra-Thin #7 Sivellin"},"content":{"rendered":"","protected":false},"excerpt":{"rendered":"<p>OKO Ultra-Thin #7 Sivellin on v\u00e4ltt\u00e4m\u00e4t\u00f6n ty\u00f6kalu kulmakarvojen hoitoon ja kulmakarvojen mestareille.<\/p>\n<p>&nbsp;<\/p>\n<p><strong>Sivellin mahdollistaa:<\/strong><\/p>\n<p>&#8211; V\u00e4riaineen tarkka ja koskematon levitys<br \/>\n&#8211; Hybridiv\u00e4rin tai hennan levitt\u00e4miseen<br \/>\n&#8211; Emulsioiden levitt\u00e4miseksi suoritat Lash Liftin<br \/>\n&#8211; Ripsien v\u00e4rj\u00e4\u00e4miseen<br \/>\n&#8211; Hienoja juonteita varten<\/p>\n<p>&nbsp;<\/p>\n<p>Yksityiskohdilla on v\u00e4li\u00e4! Harjan kahva on valmistettu asiantuntijan k\u00e4den anatomiaa huomioiden, mik\u00e4 takaa paremman mukavuuden ty\u00f6skentelyss\u00e4.<\/p>\n<p>&nbsp;<\/p>\n<p>&#8211; Harjasten korkeus: 10 mm<br \/>\n&#8211; Harjan pituus: 16,5 cm<br \/>\n&#8211; Materiaali: synteettinen, nylon<\/p>\n","protected":false},"featured_media":25103,"comment_status":"open","ping_status":"closed","template":"","meta":{"_monsterinsights_skip_tracking":false,"_monsterinsights_sitenote_active":false,"_monsterinsights_sitenote_note":"","_monsterinsights_sitenote_category":0},"product_cat":[476,511,475,546,563,544,540],"product_tag":[],"class_list":{"0":"post-25340","1":"product","2":"type-product","3":"status-publish","4":"has-post-thumbnail","6":"product_cat-kulmakarvat","7":"product_cat-kulmakarvojen-tarvikkeet","8":"product_cat-ripset","9":"product_cat-ripsien-tarvikkeet","10":"product_cat-siveltimet","11":"product_cat-tarvikkeet-fi","12":"product_cat-tarvikkeet","13":"pa_brand-oko-fi","15":"first","16":"instock","17":"taxable","18":"shipping-taxable","19":"purchasable","20":"product-type-simple"},"_links":{"self":[{"href":"https:\/\/prelive2.pomello.ee\/fi\/wp-json\/wp\/v2\/product\/25340","targetHints":{"allow":["GET"]}}],"collection":[{"href":"https:\/\/prelive2.pomello.ee\/fi\/wp-json\/wp\/v2\/product"}],"about":[{"href":"https:\/\/prelive2.pomello.ee\/fi\/wp-json\/wp\/v2\/types\/product"}],"replies":[{"embeddable":true,"href":"https:\/\/prelive2.pomello.ee\/fi\/wp-json\/wp\/v2\/comments?post=25340"}],"version-history":[{"count":0,"href":"https:\/\/prelive2.pomello.ee\/fi\/wp-json\/wp\/v2\/product\/25340\/revisions"}],"wp:featuredmedia":[{"embeddable":true,"href":"https:\/\/prelive2.pomello.ee\/fi\/wp-json\/wp\/v2\/media\/25103"}],"wp:attachment":[{"href":"https:\/\/prelive2.pomello.ee\/fi\/wp-json\/wp\/v2\/media?parent=25340"}],"wp:term":[{"taxonomy":"product_cat","embeddable":true,"href":"https:\/\/prelive2.pomello.ee\/fi\/wp-json\/wp\/v2\/product_cat?post=25340"},{"taxonomy":"product_tag","embeddable":true,"href":"https:\/\/prelive2.pomello.ee\/fi\/wp-json\/wp\/v2\/product_tag?post=25340"}],"curies":[{"name":"wp","href":"https:\/\/api.w.org\/{rel}","templated":true}]}}