{"id":25336,"date":"2024-03-27T21:51:01","date_gmt":"2024-03-27T18:51:01","guid":{"rendered":"https:\/\/prelive2.pomello.ee\/toode\/oko-blue-magic-premium-pinsetit\/"},"modified":"2024-03-27T21:51:01","modified_gmt":"2024-03-27T18:51:01","slug":"oko-blue-magic-premium-pinsetit","status":"publish","type":"product","link":"https:\/\/prelive2.pomello.ee\/fi\/toode\/oko-blue-magic-premium-pinsetit\/","title":{"rendered":"OKO Blue Magic Premium Pinsetit"},"content":{"rendered":"","protected":false},"excerpt":{"rendered":"<p>OKO Blue Magic Premium Tweezers ovat vinot kulmakarvojen pinsetit, jotka ovat <strong>rajoitettu er\u00e4<\/strong> &#8211; eksklusiivinen muotoilu ja toiminnallisuus vaativimmalle kauneusharrastajalle.<\/p>\n<p>&nbsp;<\/p>\n<p>OKO Blue Magic Limited Edition on ammattik\u00e4ytt\u00f6\u00f6n tarkoitettu pinsetti, jossa on ainutlaatuinen muotoilu ja kulutusta kest\u00e4v\u00e4 pinnoite. Unohda j\u00e4nnitys ty\u00f6skennelless\u00e4si &#8211; pinseteiss\u00e4 on pehme\u00e4 ja sile\u00e4 sulkeminen ja ne auttavat tekem\u00e4\u00e4n t\u00e4ydellisen korjauksen nopeammin ja paremmin.<br \/>\nPinsetit ovat samanlaisia \u200b\u200bkuin klassiset vinot OKO Easy Touch pinsetit; niill\u00e4 on mukava muoto ja pienet reunat, jotka auttavat suorittamaan yksityiskohtaisemman kulmakarvojen korjauksen.<\/p>\n<p>&nbsp;<\/p>\n<p>Pinsetit ovat eritt\u00e4in pehmeit\u00e4, pehme\u00e4sti painavia ja sopivat t\u00e4ydellisesti k\u00e4teen. Manuaalisen teroituksen ja 45 asteen viisteell\u00e4 kiillotettujen reunojen ansiosta pinsetit pit\u00e4v\u00e4t hyvin ja poistavat lyhyimm\u00e4t ja ohuimmatkin karvat rikkomatta niit\u00e4.<\/p>\n<p>&nbsp;<\/p>\n<p>OKO Blue Magic -pinsetit on valmistettu korkealaatuisesta ruostumattomasta ter\u00e4ksest\u00e4, t\u00e4ydellisesti kiillotettu ja ruiskutettu, kest\u00e4v\u00e4t fyysist\u00e4 kulumista, p\u00e4ivitt\u00e4ist\u00e4 desinfiointia ja erilaisia \u200b\u200bsterilisaatioita.<\/p>\n<p>&nbsp;<\/p>\n<p>Ty\u00f6kalu teroitetaan k\u00e4sin, ja oikein k\u00e4ytettyn\u00e4 se palvelee mestaria pitk\u00e4\u00e4n.<\/p>\n<p>Pinsettej\u00e4 voidaan k\u00e4sitell\u00e4 kuivalla l\u00e4mm\u00f6ll\u00e4.<\/p>\n<p>&nbsp;<\/p>\n<p>Pinsettej\u00e4 julkaistaan \u200b\u200brajoitettu er\u00e4!<\/p>\n","protected":false},"featured_media":25109,"comment_status":"open","ping_status":"closed","template":"","meta":{"_monsterinsights_skip_tracking":false,"_monsterinsights_sitenote_active":false,"_monsterinsights_sitenote_note":"","_monsterinsights_sitenote_category":0},"product_cat":[476,511,561,540],"product_tag":[],"class_list":{"0":"post-25336","1":"product","2":"type-product","3":"status-publish","4":"has-post-thumbnail","6":"product_cat-kulmakarvat","7":"product_cat-kulmakarvojen-tarvikkeet","8":"product_cat-pinsetit","9":"product_cat-tarvikkeet","11":"first","12":"instock","13":"taxable","14":"shipping-taxable","15":"purchasable","16":"product-type-simple"},"_links":{"self":[{"href":"https:\/\/prelive2.pomello.ee\/fi\/wp-json\/wp\/v2\/product\/25336","targetHints":{"allow":["GET"]}}],"collection":[{"href":"https:\/\/prelive2.pomello.ee\/fi\/wp-json\/wp\/v2\/product"}],"about":[{"href":"https:\/\/prelive2.pomello.ee\/fi\/wp-json\/wp\/v2\/types\/product"}],"replies":[{"embeddable":true,"href":"https:\/\/prelive2.pomello.ee\/fi\/wp-json\/wp\/v2\/comments?post=25336"}],"version-history":[{"count":0,"href":"https:\/\/prelive2.pomello.ee\/fi\/wp-json\/wp\/v2\/product\/25336\/revisions"}],"wp:featuredmedia":[{"embeddable":true,"href":"https:\/\/prelive2.pomello.ee\/fi\/wp-json\/wp\/v2\/media\/25109"}],"wp:attachment":[{"href":"https:\/\/prelive2.pomello.ee\/fi\/wp-json\/wp\/v2\/media?parent=25336"}],"wp:term":[{"taxonomy":"product_cat","embeddable":true,"href":"https:\/\/prelive2.pomello.ee\/fi\/wp-json\/wp\/v2\/product_cat?post=25336"},{"taxonomy":"product_tag","embeddable":true,"href":"https:\/\/prelive2.pomello.ee\/fi\/wp-json\/wp\/v2\/product_tag?post=25336"}],"curies":[{"name":"wp","href":"https:\/\/api.w.org\/{rel}","templated":true}]}}