{"id":25219,"date":"2024-03-27T22:08:51","date_gmt":"2024-03-27T19:08:51","guid":{"rendered":"https:\/\/prelive2.pomello.ee\/toode\/oko-mini-vahalammitin\/"},"modified":"2024-03-27T22:08:51","modified_gmt":"2024-03-27T19:08:51","slug":"oko-mini-vahalammitin","status":"publish","type":"product","link":"https:\/\/prelive2.pomello.ee\/fi\/toode\/oko-mini-vahalammitin\/","title":{"rendered":"OKO Mini vahal\u00e4mmitin"},"content":{"rendered":"<p>OKO Mini vahal\u00e4mmitinon mobiili ja toimii puhelimen laturista, virtapankista tai kannettavasta tietokoneesta yleisen Type-C-portin ansiosta.<\/p>\n<p>&nbsp;<\/p>\n<p>Vahal\u00e4mmitin on varustettu automaattisella l\u00e4mp\u00f6tilans\u00e4\u00e4d\u00f6ll\u00e4 115\u00b0C (\u00b110\u00b0C). Se pit\u00e4\u00e4 aina tasaisen l\u00e4mp\u00f6tilan ilman ylikuumenemista.<br \/>\nVahal\u00e4mmitin runko on valmistettu teksturoidusta polykarbonaatista, joka kest\u00e4\u00e4 korkeita l\u00e4mp\u00f6tiloja, mekaanisia vaurioita ja naarmuja.<br \/>\nVahal\u00e4mmitin on valmistettu joustavasta, l\u00e4mm\u00f6nkest\u00e4v\u00e4st\u00e4 silikonista ja ne on helppo puhdistaa &#8211; odota vain, kunnes vaha on t\u00e4ysin j\u00e4\u00e4htynyt ja ne voidaan helposti poistaa silikonirastista.<\/p>\n<p>&nbsp;<\/p>\n<p><strong>Vahal\u00e4mmitin on CE, FCC sertifikaatti.<\/strong><\/p>\n<p>&nbsp;<\/p>\n<ul>\n<li>Pieni ja kompakti koko &#8211; vahasulattaja vie v\u00e4h\u00e4n tilaa ja on k\u00e4tev\u00e4 kuljettaa ty\u00f6laukussa<\/li>\n<li>Nopea l\u00e4mmitys k\u00e4ytt\u00f6l\u00e4mp\u00f6tilaan ja t\u00e4ydellinen vahavalmius 5-6 minuutissa<\/li>\n<li>Mukana 3 vaihdettavaa silikonirtti\u00e4, joiden kapasiteetti on 8g<\/li>\n<li>Toimii puhelimen laturista, virtapankista, kannettavasta tietokoneesta<\/li>\n<li>Automaattinen l\u00e4mp\u00f6tilan s\u00e4\u00e4t\u00f6 115\u00b110\u00b0C<\/li>\n<li>Yhteensopiva kaikkien USB-virtal\u00e4hteiden kanssa<\/li>\n<\/ul>\n<p>&nbsp;<\/p>\n<p><strong>OKO-vahal\u00e4mmittimen ominaisuudet:<\/strong><br \/>\nVahal\u00e4mmittimen koko: 52*40 mm<br \/>\nRuukun tilavuus: 8 g<br \/>\nK\u00e4ytt\u00f6l\u00e4mp\u00f6tila: 115\u00b110\u00b0C<br \/>\nTeho: 4,5W<\/p>\n<p>&nbsp;<\/p>\n<p><strong>Sis\u00e4lt\u00e4\u00e4<\/strong>:<br \/>\nvahal\u00e4mmitin;<br \/>\n3 vaihdettavaa silikonirukkua (musta, pinkki, sininen);<br \/>\nUSB Type-C -kaapeli<\/p>\n<p>&nbsp;<\/p>\n<p>Takuu: 6 kuukautta<\/p>\n<p>&nbsp;<\/p>\n<p>Tuotevideon l\u00f6yd\u00e4t <strong><a href=\"https:\/\/www.youtube.com\/watch?v=PdZuX2CH6iA\" target=\"_blank\" rel=\"noopener\">t\u00e4\u00e4lt\u00e4<\/a><\/strong><\/p>\n","protected":false},"excerpt":{"rendered":"<p>OKO Mini Wax Heater vahal\u00e4mmitin on todella liikkuva ja kompakti. OKO-vahal\u00e4mmitin on kannettava ja vie vain v\u00e4h\u00e4n ty\u00f6tilaa, joten p\u00e4\u00e4set eroon isoista laitteista, optimoit ty\u00f6tilan ja teet ty\u00f6skentelyst\u00e4 entist\u00e4 mukavampaa ja nopeampaa!<\/p>\n<p>&nbsp;<\/p>\n<p>Muotoilu on miniatyyri &#8211; vahansulatusastian tilavuus on vain 8 g, ja mukana tulevat 3 vaihdettavaa silikoniastiaa mahdollistavat ty\u00f6skentelyn erityyppisten ja -rakenteisten rakeistettujen vahojen kanssa. Pieni m\u00e4\u00e4r\u00e4 vahaa l\u00e4mpenee paljon nopeammin, vain 5-6 minuutissa vaha on t\u00e4ysin k\u00e4ytt\u00f6valmis.<\/p>\n<p>&nbsp;<\/p>\n<p>Vahanl\u00e4mmitin on t\u00e4ydellinen valinta niille, jotka haluavat k\u00e4ytt\u00e4\u00e4 sit\u00e4 kotona tai satunnaisesti salongissa.<\/p>\n","protected":false},"featured_media":25117,"comment_status":"open","ping_status":"closed","template":"","meta":{"_monsterinsights_skip_tracking":false,"_monsterinsights_sitenote_active":false,"_monsterinsights_sitenote_note":"","_monsterinsights_sitenote_category":0},"product_cat":[925,542,476,540],"product_tag":[],"class_list":{"0":"post-25219","1":"product","2":"type-product","3":"status-publish","4":"has-post-thumbnail","6":"product_cat-vahan-lammittajat","7":"product_cat-karvanpoisto-tarvikkeet-fi","8":"product_cat-kulmakarvat","9":"product_cat-tarvikkeet","10":"pa_brand-oko-fi","12":"first","13":"outofstock","14":"taxable","15":"shipping-taxable","16":"purchasable","17":"product-type-simple"},"_links":{"self":[{"href":"https:\/\/prelive2.pomello.ee\/fi\/wp-json\/wp\/v2\/product\/25219","targetHints":{"allow":["GET"]}}],"collection":[{"href":"https:\/\/prelive2.pomello.ee\/fi\/wp-json\/wp\/v2\/product"}],"about":[{"href":"https:\/\/prelive2.pomello.ee\/fi\/wp-json\/wp\/v2\/types\/product"}],"replies":[{"embeddable":true,"href":"https:\/\/prelive2.pomello.ee\/fi\/wp-json\/wp\/v2\/comments?post=25219"}],"version-history":[{"count":0,"href":"https:\/\/prelive2.pomello.ee\/fi\/wp-json\/wp\/v2\/product\/25219\/revisions"}],"wp:featuredmedia":[{"embeddable":true,"href":"https:\/\/prelive2.pomello.ee\/fi\/wp-json\/wp\/v2\/media\/25117"}],"wp:attachment":[{"href":"https:\/\/prelive2.pomello.ee\/fi\/wp-json\/wp\/v2\/media?parent=25219"}],"wp:term":[{"taxonomy":"product_cat","embeddable":true,"href":"https:\/\/prelive2.pomello.ee\/fi\/wp-json\/wp\/v2\/product_cat?post=25219"},{"taxonomy":"product_tag","embeddable":true,"href":"https:\/\/prelive2.pomello.ee\/fi\/wp-json\/wp\/v2\/product_tag?post=25219"}],"curies":[{"name":"wp","href":"https:\/\/api.w.org\/{rel}","templated":true}]}}