{"id":25217,"date":"2024-03-27T22:28:39","date_gmt":"2024-03-27T19:28:39","guid":{"rendered":"https:\/\/prelive2.pomello.ee\/toode\/oko-silicone-pads-silikonimoutit\/"},"modified":"2024-04-05T21:43:17","modified_gmt":"2024-04-05T18:43:17","slug":"oko-silicone-pads-silikonimoutit","status":"publish","type":"product","link":"https:\/\/prelive2.pomello.ee\/fi\/toode\/oko-silicone-pads-silikonimoutit\/","title":{"rendered":"OKO Silicone Pads silikonimoutit"},"content":{"rendered":"<p><strong>OKO Silicone Pads silikonimoutitsetti setti sis\u00e4lt\u00e4\u00e4::<\/strong><\/p>\n<p>&nbsp;<\/p>\n<p>Koko S. Suunniteltu toimimaan lyhyiden ripsien kanssa.<\/p>\n<p>Koko M. Suunniteltu toimimaan keskipitkien ripsien kanssa kohottavan vaikutuksen luomiseksi.<\/p>\n<p>Koko M1. Suunniteltu lyhyille ja keskipitkille ripsille, kohottava vaikutus. <\/p>\n<p>Koko M2. Suunniteltu toimimaan pidempien kuin keskipitkien ja pitkien ripsien kanssa. <\/p>\n<p>Koko L. Suunniteltu toimimaan pitkien ripsien kanssa.<\/p>\n","protected":false},"excerpt":{"rendered":"<p>OKO Silicone Pads silikonimuotit 5 parin sarjassa<\/p>\n<p>&nbsp;<\/p>\n<p>Laadukkaat muotti ovat avain ripsien kohotukseen hyv\u00e4n tuloksen saavuttamiseksi. On t\u00e4rke\u00e4\u00e4 k\u00e4ytt\u00e4\u00e4 sopivan kokoisia ja mestarille mahdollisimman mukavia silikonimuotit.<br \/>\nOKO silikonimuotit on valmistettu eritt\u00e4in pehme\u00e4st\u00e4, l\u00e4hes samettisesta silikonista. OKO-muotti ovat eritt\u00e4in kevyit\u00e4 ja l\u00e4hes huomaamattomia silm\u00e4luomessa, mik\u00e4 tekee ripsien laminointi- tai lash lift -toimenpiteest\u00e4 k\u00e4tev\u00e4n my\u00f6s eritt\u00e4in herkk\u00e4silm\u00e4isille asiakkaille. Pehmusteet on valmistettu joustavasta ja joustavasta silikonista, ja sile\u00e4n pinnoitteen ansiosta ne kiinnittyv\u00e4t pehme\u00e4sti ja lujasti silm\u00e4luomiin.<br \/>\nPehmusteet sopivat eripituisille ripsille ja ne voidaan sijoittaa mukavasti mihin tahansa silm\u00e4n muotoon.<\/p>\n<p>&nbsp;<\/p>\n<p>Pehmusteet on valmistettu pehme\u00e4st\u00e4 hypoallergeenisesta silikonista.<\/p>\n<p>&nbsp;<\/p>\n<p>OKO-muotti on saatavana viidess\u00e4 koossa: S, M, M1, M2, L.<\/p>\n<p>V\u00e4ri kuten kuvassa.<\/p>\n","protected":false},"featured_media":25136,"comment_status":"open","ping_status":"closed","template":"","meta":{"_monsterinsights_skip_tracking":false,"_monsterinsights_sitenote_active":false,"_monsterinsights_sitenote_note":"","_monsterinsights_sitenote_category":0},"product_cat":[516,521,475],"product_tag":[],"class_list":{"0":"post-25217","1":"product","2":"type-product","3":"status-publish","4":"has-post-thumbnail","6":"product_cat-lash-lift-fi","7":"product_cat-silikonityynyt","8":"product_cat-ripset","9":"pa_brand-oko-fi","11":"first","12":"instock","13":"taxable","14":"shipping-taxable","15":"purchasable","16":"product-type-simple"},"_links":{"self":[{"href":"https:\/\/prelive2.pomello.ee\/fi\/wp-json\/wp\/v2\/product\/25217","targetHints":{"allow":["GET"]}}],"collection":[{"href":"https:\/\/prelive2.pomello.ee\/fi\/wp-json\/wp\/v2\/product"}],"about":[{"href":"https:\/\/prelive2.pomello.ee\/fi\/wp-json\/wp\/v2\/types\/product"}],"replies":[{"embeddable":true,"href":"https:\/\/prelive2.pomello.ee\/fi\/wp-json\/wp\/v2\/comments?post=25217"}],"version-history":[{"count":0,"href":"https:\/\/prelive2.pomello.ee\/fi\/wp-json\/wp\/v2\/product\/25217\/revisions"}],"wp:featuredmedia":[{"embeddable":true,"href":"https:\/\/prelive2.pomello.ee\/fi\/wp-json\/wp\/v2\/media\/25136"}],"wp:attachment":[{"href":"https:\/\/prelive2.pomello.ee\/fi\/wp-json\/wp\/v2\/media?parent=25217"}],"wp:term":[{"taxonomy":"product_cat","embeddable":true,"href":"https:\/\/prelive2.pomello.ee\/fi\/wp-json\/wp\/v2\/product_cat?post=25217"},{"taxonomy":"product_tag","embeddable":true,"href":"https:\/\/prelive2.pomello.ee\/fi\/wp-json\/wp\/v2\/product_tag?post=25217"}],"curies":[{"name":"wp","href":"https:\/\/api.w.org\/{rel}","templated":true}]}}