{"id":25213,"date":"2024-03-29T15:46:27","date_gmt":"2024-03-29T12:46:27","guid":{"rendered":"https:\/\/prelive2.pomello.ee\/toode\/elan-make-up-mixing-palette\/"},"modified":"2024-03-29T15:46:27","modified_gmt":"2024-03-29T12:46:27","slug":"elan-make-up-mixing-palette","status":"publish","type":"product","link":"https:\/\/prelive2.pomello.ee\/fi\/toode\/elan-make-up-mixing-palette\/","title":{"rendered":"ELAN Make-Up Mixing Palette"},"content":{"rendered":"<p><strong>Valmistettu<\/strong>: Ukraina<\/p>\n<p><strong>Koko<\/strong>: 15cm * 11cm<\/p>\n<p><strong>V\u00e4ri<\/strong>: ruskea<\/p>\n<p><strong>Materiaali<\/strong>: muovi<\/p>\n","protected":false},"excerpt":{"rendered":"<p>ELAN Makeup Mixing Palette on suunniteltu sekoittamaan tuotteita geeli-, kerma- ja \u00f6ljytekstuureilla, kuten meikkivoiteet, peitevoiteet, huulipunat, pigmentit ja paljon muuta. Lis\u00e4ksi se on arvokas ty\u00f6kalu kulmakarvojen taiteilijoille, jotka voivat helposti sekoittaa siihen kulmakarvojen tai ripsien v\u00e4ri\u00e4. K\u00e4tev\u00e4 ja k\u00e4yt\u00e4nn\u00f6llinen k\u00e4ytt\u00e4\u00e4, paletti on valmistettu korkealaatuisesta kest\u00e4v\u00e4st\u00e4 muovista, joka on helppo puhdistaa ja desinfioida.<\/p>\n","protected":false},"featured_media":25174,"comment_status":"open","ping_status":"closed","template":"","meta":{"_monsterinsights_skip_tracking":false,"_monsterinsights_sitenote_active":false,"_monsterinsights_sitenote_note":"","_monsterinsights_sitenote_category":0},"product_cat":[476,511,541,540],"product_tag":[],"class_list":{"0":"post-25213","1":"product","2":"type-product","3":"status-publish","4":"has-post-thumbnail","6":"product_cat-kulmakarvat","7":"product_cat-kulmakarvojen-tarvikkeet","8":"product_cat-muut-tyokalut-fi","9":"product_cat-tarvikkeet","10":"pa_brand-elan-fi","12":"first","13":"instock","14":"taxable","15":"shipping-taxable","16":"purchasable","17":"product-type-simple"},"_links":{"self":[{"href":"https:\/\/prelive2.pomello.ee\/fi\/wp-json\/wp\/v2\/product\/25213","targetHints":{"allow":["GET"]}}],"collection":[{"href":"https:\/\/prelive2.pomello.ee\/fi\/wp-json\/wp\/v2\/product"}],"about":[{"href":"https:\/\/prelive2.pomello.ee\/fi\/wp-json\/wp\/v2\/types\/product"}],"replies":[{"embeddable":true,"href":"https:\/\/prelive2.pomello.ee\/fi\/wp-json\/wp\/v2\/comments?post=25213"}],"version-history":[{"count":0,"href":"https:\/\/prelive2.pomello.ee\/fi\/wp-json\/wp\/v2\/product\/25213\/revisions"}],"wp:featuredmedia":[{"embeddable":true,"href":"https:\/\/prelive2.pomello.ee\/fi\/wp-json\/wp\/v2\/media\/25174"}],"wp:attachment":[{"href":"https:\/\/prelive2.pomello.ee\/fi\/wp-json\/wp\/v2\/media?parent=25213"}],"wp:term":[{"taxonomy":"product_cat","embeddable":true,"href":"https:\/\/prelive2.pomello.ee\/fi\/wp-json\/wp\/v2\/product_cat?post=25213"},{"taxonomy":"product_tag","embeddable":true,"href":"https:\/\/prelive2.pomello.ee\/fi\/wp-json\/wp\/v2\/product_tag?post=25213"}],"curies":[{"name":"wp","href":"https:\/\/api.w.org\/{rel}","templated":true}]}}