{"id":25211,"date":"2024-03-31T10:22:51","date_gmt":"2024-03-31T07:22:51","guid":{"rendered":"https:\/\/prelive2.pomello.ee\/toode\/ekko-beauty-lashbrow-oil\/"},"modified":"2024-03-31T10:22:51","modified_gmt":"2024-03-31T07:22:51","slug":"ekko-beauty-lashbrow-oil","status":"publish","type":"product","link":"https:\/\/prelive2.pomello.ee\/fi\/toode\/ekko-beauty-lashbrow-oil\/","title":{"rendered":"Ekko Beauty Lash&amp;Brow Oil"},"content":{"rendered":"<p>Ekko Beauty Lash&amp;Brow Oilin tasapainoinen koostumus sis\u00e4lt\u00e4\u00e4 tarkasti annosteltuja luonnon\u00f6ljyj\u00e4:<\/p>\n<ul>\n<li>Kaurapuuro varmistaa kulmakarvojen ja ripsien nopean kasvun ja sit\u00e4 on k\u00e4ytetty muinaisista ajoista l\u00e4htien.<\/li>\n<li>Risiini\u00f6ljyll\u00e4 on voimakkaita terveytt\u00e4 parantavia vaikutuksia, joten se on v\u00e4ltt\u00e4m\u00e4t\u00f6n paksun meikin yst\u00e4ville.<\/li>\n<li>Persikka toimii luonnollisena kipul\u00e4\u00e4keaineena, mik\u00e4 tekee kulmakarvojen korjaamisesta helppoa ja kivutonta.<\/li>\n<li>Aprikoosin ytimell\u00e4 on tulehdusta est\u00e4v\u00e4 vaikutus ja se nopeuttaa ihosolujen uusiutumista.<\/li>\n<li>Takiainen \u00f6ljy aktivoi hiusten kasvua stimuloimalla uusien karvojen muodostumista.<\/li>\n<li>Lis\u00e4ksi koostumus sis\u00e4lt\u00e4\u00e4 A- ja E-ryhm\u00e4n vitamiineja, jotka tunkeutuvat helposti hiusten rakenteeseen, vahvistavat sit\u00e4 ja est\u00e4v\u00e4t haurautta.<\/li>\n<\/ul>\n<p>&nbsp;<\/p>\n<p>S\u00e4\u00e4nn\u00f6llisesti k\u00e4ytettyn\u00e4 tulokset n\u00e4kyv\u00e4t kahden viikon kuluttua. K\u00e4ytt\u00f6opas on pakkauksessa.<\/p>\n","protected":false},"excerpt":{"rendered":"<p>Ekko Beauty Lash&amp;Brow Oil on erityisesti kulmakarvoille ja ripsille suunniteltu \u00f6ljyyhdistelm\u00e4. T\u00e4m\u00e4 tuote on rikastettu vitamiineilla ja ravintoaineilla ja hoitaa tehokkaasti turkin rakennetta varmistaen intensiivisen kasvun ja hyvin hoidetun ulkon\u00e4\u00f6n s\u00e4\u00e4nn\u00f6llisess\u00e4 k\u00e4yt\u00f6ss\u00e4.<\/p>\n<p>&nbsp;<\/p>\n<p>Luonnon\u00f6ljyjen sekoitus pyrkii muotoilemaan asteittain kauniita kulmakarvojen \u00e4\u00e4riviivoja kasvoilla. <strong>Tuloksena:<\/strong><\/p>\n<ul>\n<li>Ravinteiden puutteen vuoksi lepotilassa olevat karvatupit her\u00e4\u00e4v\u00e4t.<\/li>\n<li>Hiukset alkavat kasvaa nopeammin ja saavat luonnollista vahvuutta ja joustavuutta.<\/li>\n<li>Hiustenl\u00e4ht\u00f6prosessi pys\u00e4htyy.<\/li>\n<li>Turkin luonnollinen v\u00e4ri ja rakenne paranevat.<\/li>\n<li>Ihon kunto kulmakarvojen ymp\u00e4rill\u00e4 paranee, kun epiteelisolut saavat annoksensa vitamiineja ja aminohappoja.<\/li>\n<\/ul>\n<p>&nbsp;<\/p>\n<div class=\"flex-1 overflow-hidden\">\n<div class=\"react-scroll-to-bottom--css-fnflf-79elbk h-full\">\n<div class=\"react-scroll-to-bottom--css-fnflf-1n7m0yu\">\n<div class=\"flex flex-col text-sm pb-9\">\n<div class=\"w-full text-token-text-primary\" data-testid=\"conversation-turn-5\">\n<div class=\"px-4 py-2 justify-center text-base md:gap-6 m-auto\">\n<div class=\"flex flex-1 text-base mx-auto gap-3 md:px-5 lg:px-1 xl:px-5 md:max-w-3xl lg:max-w-[40rem] xl:max-w-[48rem] group final-completion\">\n<div class=\"relative flex w-full flex-col agent-turn\">\n<div class=\"flex-col gap-1 md:gap-3\">\n<div class=\"flex flex-grow flex-col max-w-full\">\n<div class=\"min-h-[20px] text-message flex flex-col items-start gap-3 whitespace-pre-wrap break-words [.text-message+&amp;]:mt-5 overflow-x-auto\" data-message-author-role=\"assistant\" data-message-id=\"da6b2568-5e9e-4853-b23c-c33b8d64d548\">\n<div class=\"markdown prose w-full break-words dark:prose-invert light\">\n<p>Tuote sopii sek\u00e4 salonki- ett\u00e4 kotik\u00e4ytt\u00f6\u00f6n, erityisesti niille, jotka haluavat saavuttaa kauniit kulmakarvat ilman liiallista meikki\u00e4.<\/p>\n<\/div>\n<\/div>\n<\/div>\n<\/div>\n<\/div>\n<\/div>\n<\/div>\n<\/div>\n<\/div>\n<\/div>\n<\/div>\n<\/div>\n","protected":false},"featured_media":25189,"comment_status":"open","ping_status":"closed","template":"","meta":{"_monsterinsights_skip_tracking":false,"_monsterinsights_sitenote_active":false,"_monsterinsights_sitenote_note":"","_monsterinsights_sitenote_category":0},"product_cat":[923,518,915,917,476,475,514],"product_tag":[],"class_list":{"0":"post-25211","1":"product","2":"type-product","3":"status-publish","4":"has-post-thumbnail","6":"product_cat-jalkihoito-ja-kosteuttaminen","7":"product_cat-jalkihoito","8":"product_cat-esi-ja-jalkihoito","9":"product_cat-jalkihoito-fi","10":"product_cat-kulmakarvat","11":"product_cat-ripset","12":"product_cat-ripsi-ja-kulmakarvojen-seerumit","13":"pa_brand-ekko-beauty-fi","14":"pa_suurus-15-ml-fi","16":"first","17":"instock","18":"taxable","19":"shipping-taxable","20":"purchasable","21":"product-type-simple"},"_links":{"self":[{"href":"https:\/\/prelive2.pomello.ee\/fi\/wp-json\/wp\/v2\/product\/25211","targetHints":{"allow":["GET"]}}],"collection":[{"href":"https:\/\/prelive2.pomello.ee\/fi\/wp-json\/wp\/v2\/product"}],"about":[{"href":"https:\/\/prelive2.pomello.ee\/fi\/wp-json\/wp\/v2\/types\/product"}],"replies":[{"embeddable":true,"href":"https:\/\/prelive2.pomello.ee\/fi\/wp-json\/wp\/v2\/comments?post=25211"}],"version-history":[{"count":0,"href":"https:\/\/prelive2.pomello.ee\/fi\/wp-json\/wp\/v2\/product\/25211\/revisions"}],"wp:featuredmedia":[{"embeddable":true,"href":"https:\/\/prelive2.pomello.ee\/fi\/wp-json\/wp\/v2\/media\/25189"}],"wp:attachment":[{"href":"https:\/\/prelive2.pomello.ee\/fi\/wp-json\/wp\/v2\/media?parent=25211"}],"wp:term":[{"taxonomy":"product_cat","embeddable":true,"href":"https:\/\/prelive2.pomello.ee\/fi\/wp-json\/wp\/v2\/product_cat?post=25211"},{"taxonomy":"product_tag","embeddable":true,"href":"https:\/\/prelive2.pomello.ee\/fi\/wp-json\/wp\/v2\/product_tag?post=25211"}],"curies":[{"name":"wp","href":"https:\/\/api.w.org\/{rel}","templated":true}]}}