{"id":25209,"date":"2024-03-31T10:42:02","date_gmt":"2024-03-31T07:42:02","guid":{"rendered":"https:\/\/prelive2.pomello.ee\/toode\/elan-brow-elixir-10-ml\/"},"modified":"2024-03-31T10:42:02","modified_gmt":"2024-03-31T07:42:02","slug":"elan-brow-elixir-10-ml","status":"publish","type":"product","link":"https:\/\/prelive2.pomello.ee\/fi\/toode\/elan-brow-elixir-10-ml\/","title":{"rendered":"ELAN Brow Elixir 10 ml"},"content":{"rendered":"<p>Varoitus! <strong>ELAN Brow Elixir<\/strong> voi j\u00e4\u00e4ty\u00e4 alhaisissa l\u00e4mp\u00f6tiloissa. T\u00e4m\u00e4 on tuotteen normaali reaktio alhaiseen l\u00e4mp\u00f6tilaan. Jos tuote on j\u00e4\u00e4tynyt, aseta se huoneenl\u00e4mp\u00f6\u00f6n ja anna sulaa.<\/p>\n<p>&nbsp;<\/p>\n<p><strong>Manuaalinen:<\/strong><\/p>\n<p>&nbsp;<\/p>\n<p>Levit\u00e4 muutama tippa konsentraattia puhdistetulle kulmakarvojen alueelle tiputtamalla. Tuotetta suositellaan levitett\u00e4v\u00e4ksi hygieenisesti meikkisiveltimell\u00e4. Odota, kunnes se on t\u00e4ysin imeytynyt.<\/p>\n<p>&nbsp;<\/p>\n<p><strong>Ammattik\u00e4ytt\u00f6\u00f6n:<\/strong> K\u00e4yt\u00e4 tiivistett\u00e4 viimeisen\u00e4 vaiheena v\u00e4litt\u00f6m\u00e4sti kulmakarvojen laminoinnin j\u00e4lkeen.<\/p>\n<p>&nbsp;<\/p>\n<p><strong>Kotihoitoon:<\/strong> K\u00e4yt\u00e4 tiivistett\u00e4 kulmakarvojen ravitsemiseen, vahvistamiseen ja palauttamiseen. Konsentraattia suositellaan k\u00e4ytett\u00e4v\u00e4ksi p\u00e4ivitt\u00e4in.<\/p>\n","protected":false},"excerpt":{"rendered":"<p>ELAN Brow Elixir -konsentraatti on luonnon\u00f6ljyjen kompleksi, joka sis\u00e4lt\u00e4\u00e4 <strong>monoi-, kookos-, avokado-, rosa canina-, oliivi-, arktisia, argan- ja maissi\u00f6ljyj\u00e4.<\/strong> Se tarjoaa voimakkaan kosteuttavan, korjaavan, rauhoittavan ja suojaavan vaikutuksen iholle kulmakarvojen laminoinnin j\u00e4lkeen. Lis\u00e4ksi \u00f6ljyt ehk\u00e4isev\u00e4t kulmakarvojen kuivumista ja vaurioita sek\u00e4 edist\u00e4v\u00e4t niiden vahvistumista. Konsentraatissa oleva <strong>E-vitamiini<\/strong> tarjoaa t\u00e4rkeit\u00e4 antioksidanttisia ominaisuuksia.<\/p>\n<p>&nbsp;<\/p>\n<p><strong>Tulos:<\/strong> Kulmakarvat muuttuvat pehme\u00e4mmiksi ja joustavammiksi, mik\u00e4 helpottaa kulmakarvojen muodon kiinnitt\u00e4mist\u00e4 ja yll\u00e4pit\u00e4mist\u00e4. Iho on suojattu kuivumiselta ja kuivumiselta.<\/p>\n<p>&nbsp;<\/p>\n<p>S\u00e4ilyvyys: 24 kuukautta.<\/p>\n<p>&nbsp;<\/p>\n<p>S\u00e4ilyt\u00e4 tuotetta avaamisen j\u00e4lkeen 6 kuukautta.<\/p>\n<p>&nbsp;<\/p>\n<p>Koko 10 ml.<\/p>\n<p>&nbsp;<\/p>\n<p>Valmistettu Ukrainassa.<\/p>\n","protected":false},"featured_media":25198,"comment_status":"open","ping_status":"closed","template":"","meta":{"_monsterinsights_skip_tracking":false,"_monsterinsights_sitenote_active":false,"_monsterinsights_sitenote_note":"","_monsterinsights_sitenote_category":0},"product_cat":[915,917,476,514],"product_tag":[],"class_list":{"0":"post-25209","1":"product","2":"type-product","3":"status-publish","4":"has-post-thumbnail","6":"product_cat-esi-ja-jalkihoito","7":"product_cat-jalkihoito-fi","8":"product_cat-kulmakarvat","9":"product_cat-ripsi-ja-kulmakarvojen-seerumit","10":"pa_brand-elan-fi","11":"pa_suurus-10-ml-fi","13":"first","14":"instock","15":"taxable","16":"shipping-taxable","17":"purchasable","18":"product-type-simple"},"_links":{"self":[{"href":"https:\/\/prelive2.pomello.ee\/fi\/wp-json\/wp\/v2\/product\/25209","targetHints":{"allow":["GET"]}}],"collection":[{"href":"https:\/\/prelive2.pomello.ee\/fi\/wp-json\/wp\/v2\/product"}],"about":[{"href":"https:\/\/prelive2.pomello.ee\/fi\/wp-json\/wp\/v2\/types\/product"}],"replies":[{"embeddable":true,"href":"https:\/\/prelive2.pomello.ee\/fi\/wp-json\/wp\/v2\/comments?post=25209"}],"version-history":[{"count":0,"href":"https:\/\/prelive2.pomello.ee\/fi\/wp-json\/wp\/v2\/product\/25209\/revisions"}],"wp:featuredmedia":[{"embeddable":true,"href":"https:\/\/prelive2.pomello.ee\/fi\/wp-json\/wp\/v2\/media\/25198"}],"wp:attachment":[{"href":"https:\/\/prelive2.pomello.ee\/fi\/wp-json\/wp\/v2\/media?parent=25209"}],"wp:term":[{"taxonomy":"product_cat","embeddable":true,"href":"https:\/\/prelive2.pomello.ee\/fi\/wp-json\/wp\/v2\/product_cat?post=25209"},{"taxonomy":"product_tag","embeddable":true,"href":"https:\/\/prelive2.pomello.ee\/fi\/wp-json\/wp\/v2\/product_tag?post=25209"}],"curies":[{"name":"wp","href":"https:\/\/api.w.org\/{rel}","templated":true}]}}