{"id":25019,"date":"2024-03-23T13:53:13","date_gmt":"2024-03-23T10:53:13","guid":{"rendered":"https:\/\/prelive2.pomello.ee\/toode\/nikk-mole-eyebrow-dye\/"},"modified":"2024-03-25T08:31:54","modified_gmt":"2024-03-25T05:31:54","slug":"nikk-mole-eyebrow-dye","status":"publish","type":"product","link":"https:\/\/prelive2.pomello.ee\/fi\/toode\/nikk-mole-eyebrow-dye\/","title":{"rendered":"NIKK MOLE Eyebrow Dye"},"content":{"rendered":"<p><strong>NIKK MOLE Eyebrow Dye -kulmav\u00e4rin k\u00e4ytt\u00f6:<\/strong><\/p>\n<p>&nbsp;<\/p>\n<p>1. Valmistele iho v\u00e4rj\u00e4yst\u00e4 varten puhdistamalla se perusteellisesti.<br \/>\n2. Suosittelemme ihon puhdistamista Nikk Mole -puhdistusvaahdolla.<br \/>\n3. Parhaan tuloksen saat, kun k\u00e4yt\u00e4t my\u00f6s Nikk Mole Eyebrow Scrub -kuorintavoidetta ihon syvemp\u00e4\u00e4n puhdistukseen.<br \/>\n4. Muotoile kulmia Nikk Mole Brow Paste -tuotteella.<br \/>\n5. Sekoita v\u00e4ri ja hapetin suhteessa 1:1. Suosittelemme k\u00e4ytt\u00e4m\u00e4\u00e4n 1 cm v\u00e4riainetta ja saman verran hapettimia.<br \/>\n6. Sekoita hapetin huolellisesti maalin kanssa, kunnes saavutat tasaisen koostumuksen.<br \/>\n7. Levit\u00e4 v\u00e4ri\u00e4 haluamasi muodon mukaan. K\u00e4yt\u00e4 sivellint\u00e4 v\u00e4riaineen levitt\u00e4miseen.<br \/>\n8. Levitysaika riippuu halutusta lopputuloksesta: 5 minuutissa saadaan vaalea v\u00e4ri, 10 minuutissa keskipitk\u00e4n v\u00e4rinen tulos ja 15 minuutissa saadaan kaikkein t\u00e4ytel\u00e4isin s\u00e4vy tatuointivaikutelmaa varten.<br \/>\n9. Kun vaadittu altistumisaika on kulunut, pese v\u00e4riaine perusteellisesti pois pelkk\u00e4\u00e4n veteen kostutetulla vanulapulla.<br \/>\n10. Suorita kulmakarvojen korjaus.<br \/>\n11. Pidenn\u00e4 v\u00e4riaineen k\u00e4ytt\u00f6ik\u00e4\u00e4 iholla v\u00e4ltt\u00e4m\u00e4ll\u00e4 meikinpoistoaineiden ja kosmetiikan k\u00e4ytt\u00f6\u00e4 kulmakarvojen alueella.<\/p>\n<p>&nbsp;<\/p>\n<p>Mahdollinen yksil\u00f6llinen suvaitsemattomuus tietyille ainesosille!<\/p>\n<p>&nbsp;<\/p>\n<p><strong>Varotoimet:<\/strong><\/p>\n<p>1. Maali on tarkoitettu vain ammattik\u00e4ytt\u00f6\u00f6n.<br \/>\n2. S\u00e4ilyt\u00e4 +5\u00b0C &#8211; +25\u00b0C; pid\u00e4 poissa lasten ulottuvilta.<br \/>\n3. V\u00e4riainetta ei ole tarkoitettu alle 16-vuotiaiden k\u00e4ytt\u00f6\u00f6n.<br \/>\n4. Muista tehd\u00e4 herkkyystesti ennen v\u00e4riaineen k\u00e4ytt\u00f6\u00e4.<br \/>\n5. Lue ja noudata ohjeita huolellisesti.<br \/>\n6. \u00c4l\u00e4 levit\u00e4 v\u00e4riainetta, jos iho on \u00e4rtynyt tai herkk\u00e4 tai jos iholla on avoimia haavoja tai muita ihovaurioita.<br \/>\n7. K\u00e4yt\u00e4 suojak\u00e4sineit\u00e4 v\u00e4ltt\u00e4\u00e4ksesi kosketuksen ihoon.<br \/>\n8. V\u00e4lt\u00e4 kosketusta silmiin. Jos ainetta joutuu silmiin, huuhtele huolellisesti runsaalla puhtaalla vedell\u00e4. Ota tarvittaessa yhteytt\u00e4 l\u00e4\u00e4k\u00e4riin.<br \/>\n9. \u00c4l\u00e4 k\u00e4yt\u00e4 metallis\u00e4ili\u00f6it\u00e4 seoksen valmistukseen.<br \/>\n10. K\u00e4yt\u00e4 vain vastavalmistettua seosta.<\/p>\n<p>&nbsp;<\/p>\n<p><strong>Herkkyystesti:<\/strong><\/p>\n<p>1. Valmista seos ja sekoita v\u00e4riaine ja hapetin yht\u00e4 suurina osina.<br \/>\n2. Levit\u00e4 valmistettua seosta pienelle ihoalueelle ja j\u00e4t\u00e4 se kyyn\u00e4rp\u00e4\u00e4n sis\u00e4puolelle 15-30 minuutiksi. Pese se sitten pois.<br \/>\n3. Jos allergisen reaktion merkkej\u00e4 ei ilmene 48 tunnin kuluessa, voit k\u00e4ytt\u00e4\u00e4 v\u00e4riainetta turvallisesti.<\/p>\n","protected":false},"excerpt":{"rendered":"<p>NIKK MOLE Eyebrow Dye on keratiinilla ja hyaluronihapolla rikastettu kulmav\u00e4ri. Tuotteen innovatiivinen koostumus on suunniteltu v\u00e4rj\u00e4yksen lis\u00e4ksi my\u00f6s kulmille ja ripsiin. T\u00e4m\u00e4n ansiosta v\u00e4lt\u00e4mme haitalliset vaikutukset ja pid\u00e4mme ihon ja kulmakarvat tervein\u00e4 ja huoliteltuina. Nikk Mole kulmas\u00e4vy on suunnattu ammattilaisille, jotka haluavat saavuttaa t\u00e4ydellisyytt\u00e4 ty\u00f6ss\u00e4\u00e4n.<\/p>\n<p>&nbsp;<\/p>\n<p>Nikk Mole -kulmav\u00e4rit takaavat aina tasaiset ja t\u00e4ytel\u00e4iset s\u00e4vyt. V\u00e4rin voimakkuus vaihtelee v\u00e4rj\u00e4ysprosessin keston mukaan, mutta yksik\u00e4\u00e4n Nikk Mole -v\u00e4ri ei muuta s\u00e4vy\u00e4 prosessin aikana, joten saat juuri haluamasi s\u00e4vyn.<\/p>\n<p>&nbsp;<\/p>\n<p>Kulmakarvojen mestarit arvostavat Nikk Mole -v\u00e4rin plastista koostumusta, jonka ansiosta he voivat luoda selkeit\u00e4 graafisia linjoja ja kehitt\u00e4\u00e4 lopputuloksen, joka sopii kaikkiin v\u00e4rj\u00e4ystekniikoihin.<\/p>\n<p>&nbsp;<\/p>\n<p>Tutustu kulmakarvojen v\u00e4rj\u00e4ykseen aivan uudessa muodossa Nikk Mole Eyebrow Tintin avulla &#8211; ja nauti t\u00e4ydellisist\u00e4 kulmakarvoista!<\/p>\n","protected":false},"featured_media":24886,"comment_status":"open","ping_status":"closed","template":"","meta":{"_monsterinsights_skip_tracking":false,"_monsterinsights_sitenote_active":false,"_monsterinsights_sitenote_note":"","_monsterinsights_sitenote_category":0},"product_cat":[909,476,475,478,479],"product_tag":[],"class_list":{"0":"post-25019","1":"product","2":"type-product","3":"status-publish","4":"has-post-thumbnail","6":"product_cat-kestovari","7":"product_cat-kulmakarvat","8":"product_cat-ripset","9":"product_cat-ripsien-ja-kulmakarvojen-varit","10":"product_cat-ripsien-ja-kulmakarvojen-varit-fi","11":"pa_brand-nikk-mole-fi","12":"pa_suurus-15-ml-fi","13":"pa_varv-adjuster-fi","14":"pa_varv-taupe-fi","15":"pa_varv-blue-black-fi","16":"pa_varv-brown-fi","17":"pa_varv-dark-brown-fi","18":"pa_varv-graphite-fi","19":"pa_varv-light-brown-fi","21":"first","22":"instock","23":"taxable","24":"shipping-taxable","25":"purchasable","26":"product-type-variable"},"_links":{"self":[{"href":"https:\/\/prelive2.pomello.ee\/fi\/wp-json\/wp\/v2\/product\/25019","targetHints":{"allow":["GET"]}}],"collection":[{"href":"https:\/\/prelive2.pomello.ee\/fi\/wp-json\/wp\/v2\/product"}],"about":[{"href":"https:\/\/prelive2.pomello.ee\/fi\/wp-json\/wp\/v2\/types\/product"}],"replies":[{"embeddable":true,"href":"https:\/\/prelive2.pomello.ee\/fi\/wp-json\/wp\/v2\/comments?post=25019"}],"version-history":[{"count":1,"href":"https:\/\/prelive2.pomello.ee\/fi\/wp-json\/wp\/v2\/product\/25019\/revisions"}],"predecessor-version":[{"id":25028,"href":"https:\/\/prelive2.pomello.ee\/fi\/wp-json\/wp\/v2\/product\/25019\/revisions\/25028"}],"wp:featuredmedia":[{"embeddable":true,"href":"https:\/\/prelive2.pomello.ee\/fi\/wp-json\/wp\/v2\/media\/24886"}],"wp:attachment":[{"href":"https:\/\/prelive2.pomello.ee\/fi\/wp-json\/wp\/v2\/media?parent=25019"}],"wp:term":[{"taxonomy":"product_cat","embeddable":true,"href":"https:\/\/prelive2.pomello.ee\/fi\/wp-json\/wp\/v2\/product_cat?post=25019"},{"taxonomy":"product_tag","embeddable":true,"href":"https:\/\/prelive2.pomello.ee\/fi\/wp-json\/wp\/v2\/product_tag?post=25019"}],"curies":[{"name":"wp","href":"https:\/\/api.w.org\/{rel}","templated":true}]}}