{"id":25010,"date":"2024-03-23T15:07:10","date_gmt":"2024-03-23T12:07:10","guid":{"rendered":"https:\/\/prelive2.pomello.ee\/toode\/nikk-mole-skin-color-remover-varinpoistoaine-100ml\/"},"modified":"2024-03-23T15:07:10","modified_gmt":"2024-03-23T12:07:10","slug":"nikk-mole-skin-color-remover-varinpoistoaine-100ml","status":"publish","type":"product","link":"https:\/\/prelive2.pomello.ee\/fi\/toode\/nikk-mole-skin-color-remover-varinpoistoaine-100ml\/","title":{"rendered":"NIKK MOLE Skin Color Remover v\u00e4rinpoistoaine 100ml"},"content":{"rendered":"<p><strong>NIKK MOLE Skin Color Remover v\u00e4rinpoistoaine k\u00e4yt\u00e4:<\/strong><\/p>\n<p>&nbsp;<\/p>\n<ol>\n<li>Levit\u00e4 v\u00e4rinpoistoaine vanulappuun tai vanulappuun.<\/li>\n<li>Hiero pieni m\u00e4\u00e4r\u00e4 poistoainetta varovasti iholle ja anna vaikuttaa 1 minuutin ajan.<\/li>\n<li>Poista loput tuotteesta vedell\u00e4 kostutetulla vanulapulla.<\/li>\n<li>Jos ainetta joutuu silmiin, huuhtele v\u00e4litt\u00f6m\u00e4sti runsaalla vedell\u00e4 ja ota yhteys l\u00e4\u00e4k\u00e4riin.<\/li>\n<\/ol>\n<p>&nbsp;<\/p>\n<p>S\u00e4ilytett\u00e4v\u00e4 lasten ja el\u00e4inten ulottumattomissa.<\/p>\n","protected":false},"excerpt":{"rendered":"<p>NIKK MOLE Skin Color Remover on v\u00e4rinpoistoaine, joka on suunniteltu nopeaan ja helppoon v\u00e4rinpoistoon iholta. Ihanteellinen virheiden korjaamiseen tai ylim\u00e4\u00e4r\u00e4isen v\u00e4rin poistamiseen kulmakarvoja s\u00e4vytett\u00e4ess\u00e4. Se my\u00f6s vaalentaa ihoa hell\u00e4varaisesti 2-3 pohjas\u00e4vyll\u00e4, mutta ei vaikuta v\u00e4rj\u00e4ttyjen hiusten v\u00e4riin. Se sopii kaikille ihotyypeille kuivattamatta ihoa.<\/p>\n","protected":false},"featured_media":24898,"comment_status":"open","ping_status":"closed","template":"","meta":{"_monsterinsights_skip_tracking":false,"_monsterinsights_sitenote_active":false,"_monsterinsights_sitenote_note":"","_monsterinsights_sitenote_category":0},"product_cat":[903,518,476],"product_tag":[],"class_list":{"0":"post-25010","1":"product","2":"type-product","3":"status-publish","4":"has-post-thumbnail","6":"product_cat-varinpoisto","7":"product_cat-jalkihoito","8":"product_cat-kulmakarvat","9":"pa_brand-nikk-mole-fi","10":"pa_suurus-100-ml-fi","12":"first","13":"instock","14":"taxable","15":"shipping-taxable","16":"purchasable","17":"product-type-simple"},"_links":{"self":[{"href":"https:\/\/prelive2.pomello.ee\/fi\/wp-json\/wp\/v2\/product\/25010","targetHints":{"allow":["GET"]}}],"collection":[{"href":"https:\/\/prelive2.pomello.ee\/fi\/wp-json\/wp\/v2\/product"}],"about":[{"href":"https:\/\/prelive2.pomello.ee\/fi\/wp-json\/wp\/v2\/types\/product"}],"replies":[{"embeddable":true,"href":"https:\/\/prelive2.pomello.ee\/fi\/wp-json\/wp\/v2\/comments?post=25010"}],"version-history":[{"count":0,"href":"https:\/\/prelive2.pomello.ee\/fi\/wp-json\/wp\/v2\/product\/25010\/revisions"}],"wp:featuredmedia":[{"embeddable":true,"href":"https:\/\/prelive2.pomello.ee\/fi\/wp-json\/wp\/v2\/media\/24898"}],"wp:attachment":[{"href":"https:\/\/prelive2.pomello.ee\/fi\/wp-json\/wp\/v2\/media?parent=25010"}],"wp:term":[{"taxonomy":"product_cat","embeddable":true,"href":"https:\/\/prelive2.pomello.ee\/fi\/wp-json\/wp\/v2\/product_cat?post=25010"},{"taxonomy":"product_tag","embeddable":true,"href":"https:\/\/prelive2.pomello.ee\/fi\/wp-json\/wp\/v2\/product_tag?post=25010"}],"curies":[{"name":"wp","href":"https:\/\/api.w.org\/{rel}","templated":true}]}}