{"id":25008,"date":"2024-03-23T15:22:14","date_gmt":"2024-03-23T12:22:14","guid":{"rendered":"https:\/\/prelive2.pomello.ee\/toode\/nikk-mole-developer-3-30ml\/"},"modified":"2024-03-23T15:22:14","modified_gmt":"2024-03-23T12:22:14","slug":"nikk-mole-developer-3-30ml","status":"publish","type":"product","link":"https:\/\/prelive2.pomello.ee\/fi\/toode\/nikk-mole-developer-3-30ml\/","title":{"rendered":"NIKK MOLE Developer 3% 30ml"},"content":{"rendered":"","protected":false},"excerpt":{"rendered":"<p>NIKK MOLE Developer 3% takaa pitk\u00e4kestoisen ja virheett\u00f6m\u00e4n lopputuloksen. Sekoittamalla kehite-emulsio Nikk Mole -kulmav\u00e4rin kanssa voit olla varma, ett\u00e4 kulmav\u00e4ri kest\u00e4\u00e4 pitk\u00e4\u00e4n ja antaa laadukkaan lopputuloksen.<\/p>\n<p>Nikk Mole kehite-emulsio on hell\u00e4varainen nahalle ja turkille. Sen hell\u00e4varainen koostumus ja luonnolliset ainesosat ravitsevat, kosteuttavat ja suojaavat turkkia tehden siit\u00e4 pehme\u00e4n ja k\u00e4sitelt\u00e4v\u00e4n.<\/p>\n","protected":false},"featured_media":24903,"comment_status":"open","ping_status":"closed","template":"","meta":{"_monsterinsights_skip_tracking":false,"_monsterinsights_sitenote_active":false,"_monsterinsights_sitenote_note":"","_monsterinsights_sitenote_category":0},"product_cat":[901,476,475,478,479],"product_tag":[],"class_list":{"0":"post-25008","1":"product","2":"type-product","3":"status-publish","4":"has-post-thumbnail","6":"product_cat-developers","7":"product_cat-kulmakarvat","8":"product_cat-ripset","9":"product_cat-ripsien-ja-kulmakarvojen-varit","10":"product_cat-ripsien-ja-kulmakarvojen-varit-fi","11":"pa_brand-nikk-mole-fi","12":"pa_suurus-30-ml-fi","14":"first","15":"instock","16":"taxable","17":"shipping-taxable","18":"purchasable","19":"product-type-simple"},"_links":{"self":[{"href":"https:\/\/prelive2.pomello.ee\/fi\/wp-json\/wp\/v2\/product\/25008","targetHints":{"allow":["GET"]}}],"collection":[{"href":"https:\/\/prelive2.pomello.ee\/fi\/wp-json\/wp\/v2\/product"}],"about":[{"href":"https:\/\/prelive2.pomello.ee\/fi\/wp-json\/wp\/v2\/types\/product"}],"replies":[{"embeddable":true,"href":"https:\/\/prelive2.pomello.ee\/fi\/wp-json\/wp\/v2\/comments?post=25008"}],"version-history":[{"count":0,"href":"https:\/\/prelive2.pomello.ee\/fi\/wp-json\/wp\/v2\/product\/25008\/revisions"}],"wp:featuredmedia":[{"embeddable":true,"href":"https:\/\/prelive2.pomello.ee\/fi\/wp-json\/wp\/v2\/media\/24903"}],"wp:attachment":[{"href":"https:\/\/prelive2.pomello.ee\/fi\/wp-json\/wp\/v2\/media?parent=25008"}],"wp:term":[{"taxonomy":"product_cat","embeddable":true,"href":"https:\/\/prelive2.pomello.ee\/fi\/wp-json\/wp\/v2\/product_cat?post=25008"},{"taxonomy":"product_tag","embeddable":true,"href":"https:\/\/prelive2.pomello.ee\/fi\/wp-json\/wp\/v2\/product_tag?post=25008"}],"curies":[{"name":"wp","href":"https:\/\/api.w.org\/{rel}","templated":true}]}}