{"id":25002,"date":"2024-03-23T19:22:38","date_gmt":"2024-03-23T16:22:38","guid":{"rendered":"https:\/\/prelive2.pomello.ee\/toode\/nikk-mole-perfect-lamination-step-2\/"},"modified":"2024-04-07T19:14:05","modified_gmt":"2024-04-07T16:14:05","slug":"nikk-mole-perfect-lamination-step-2","status":"publish","type":"product","link":"https:\/\/prelive2.pomello.ee\/fi\/toode\/nikk-mole-perfect-lamination-step-2\/","title":{"rendered":"NIKK MOLE Perfect Lamination Step 2"},"content":{"rendered":"<p><strong>NIKK MOLE Perfect Lamination Step 2 ettapes ja vaikutusajat:<\/strong><\/p>\n<p>&nbsp;<\/p>\n<p><strong>STEP 1 &#8211; RIPSIEN JA KULMIEN LAMINOINTI<\/strong><\/p>\n<p>Step 1 pehment\u00e4\u00e4 hiusten kynsinauhaa ja avaa hiuskalvot, jolloin aktiiviset ainesosat p\u00e4\u00e4sev\u00e4t paremmin tunkeutumaan hiusrakenteeseen ja muokkaamaan disulfidisidoksia. Sis\u00e4lt\u00e4\u00e4 hydrolysoitua keratiinia, joka auttaa suojaamaan hiuksia toimenpiteen aikana.<\/p>\n<p><strong>Kestoaika 5-12 min<\/strong><\/p>\n<p>K\u00e4yt\u00e4 vain yhdess\u00e4 STEP 2 Professional Ripsien ja kulmien laminoinnin kanssa.<\/p>\n<p>&nbsp;<\/p>\n<p><strong>STEP 2 &#8211; RIPSIEN JA KULMAKARVOJEN FIKSOINTI<\/strong><\/p>\n<p>Se on suunniteltu ripsien kohotuksen ja kulmakarvojen laminoinnin toiseksi vaiheeksi. T\u00e4m\u00e4 viimeistelee prosessin ensimm\u00e4isen vaiheen, jossa vahvistetaan uusi muoto ja suljetaan hiusten panssarikerrokset.<\/p>\n<p><strong>Kestoaika 5-12 min<\/strong><\/p>\n<p>&nbsp;<\/p>\n<p><strong>STEP 3 &#8211; KERATIINIK\u00c4SITTELY RIPSIEN JA KULMAKARVOJEN HOITOON<\/strong><\/p>\n<p>Ammattik\u00e4ytt\u00f6\u00f6n tarkoitettu tuote, joka on suunniteltu kulmakarvojen ja ripsien viimeiseen hoitovaiheeseen laminoinnin j\u00e4lkeen. Sis\u00e4lt\u00e4\u00e4 pantenolia, hydrolysoitua keratiinia ja hoitavia ainesosia, jotka tunkeutuvat hell\u00e4varaisesti hiuksiin palauttaen niiden rakenteen, pehmeyden ja kimmoisuuden.<\/p>\n<p>Valmisteen pH on 4,5-5,5.<\/p>\n<p>&nbsp;<\/p>\n<p>Vain ammattik\u00e4ytt\u00f6\u00f6n!<\/p>\n<p>&nbsp;<\/p>\n<p>K\u00e4yt\u00e4 tuote 6 kuukauden kuluessa alkuper\u00e4ispakkauksen avaamisesta. S\u00e4ilyt\u00e4 tuote +5 &#8211; +25 \u00b0C:ssa kuivassa paikassa lasten ulottumattomissa. V\u00e4lt\u00e4 suoraa auringonvaloa.<\/p>\n","protected":false},"excerpt":{"rendered":"<p>NIKK MOLE Perfect Lamination Step 2 on ripsien ja kulmien laminointij\u00e4rjestelm\u00e4n toinen vaihe.<\/p>\n<p>&nbsp;<\/p>\n<p>Vaihe 2 on suunniteltu ripsien kohotuksen ja kulmien laminoinnin toiseksi vaiheeksi. T\u00e4m\u00e4 viimeistelee prosessin ensimm\u00e4isen vaiheen, jossa vahvistetaan uusi muoto ja suljetaan hiusten panssarikerrokset.<\/p>\n<p>&nbsp;<\/p>\n<p>Koko:10 ml<\/p>\n","protected":false},"featured_media":24925,"comment_status":"open","ping_status":"closed","template":"","meta":{"_monsterinsights_skip_tracking":false,"_monsterinsights_sitenote_active":false,"_monsterinsights_sitenote_note":"","_monsterinsights_sitenote_category":0},"product_cat":[899,517,476,477,516,475],"product_tag":[],"class_list":{"0":"post-25002","1":"product","2":"type-product","3":"status-publish","4":"has-post-thumbnail","6":"product_cat-emulsiot-fi","7":"product_cat-emulsiot","8":"product_cat-kulmakarvat","9":"product_cat-kulmien-laminointi","10":"product_cat-lash-lift-fi","11":"product_cat-ripset","12":"pa_brand-nikk-mole-fi","14":"first","15":"instock","16":"taxable","17":"shipping-taxable","18":"purchasable","19":"product-type-simple"},"_links":{"self":[{"href":"https:\/\/prelive2.pomello.ee\/fi\/wp-json\/wp\/v2\/product\/25002","targetHints":{"allow":["GET"]}}],"collection":[{"href":"https:\/\/prelive2.pomello.ee\/fi\/wp-json\/wp\/v2\/product"}],"about":[{"href":"https:\/\/prelive2.pomello.ee\/fi\/wp-json\/wp\/v2\/types\/product"}],"replies":[{"embeddable":true,"href":"https:\/\/prelive2.pomello.ee\/fi\/wp-json\/wp\/v2\/comments?post=25002"}],"version-history":[{"count":1,"href":"https:\/\/prelive2.pomello.ee\/fi\/wp-json\/wp\/v2\/product\/25002\/revisions"}],"predecessor-version":[{"id":25639,"href":"https:\/\/prelive2.pomello.ee\/fi\/wp-json\/wp\/v2\/product\/25002\/revisions\/25639"}],"wp:featuredmedia":[{"embeddable":true,"href":"https:\/\/prelive2.pomello.ee\/fi\/wp-json\/wp\/v2\/media\/24925"}],"wp:attachment":[{"href":"https:\/\/prelive2.pomello.ee\/fi\/wp-json\/wp\/v2\/media?parent=25002"}],"wp:term":[{"taxonomy":"product_cat","embeddable":true,"href":"https:\/\/prelive2.pomello.ee\/fi\/wp-json\/wp\/v2\/product_cat?post=25002"},{"taxonomy":"product_tag","embeddable":true,"href":"https:\/\/prelive2.pomello.ee\/fi\/wp-json\/wp\/v2\/product_tag?post=25002"}],"curies":[{"name":"wp","href":"https:\/\/api.w.org\/{rel}","templated":true}]}}