{"id":24771,"date":"2024-03-20T21:42:14","date_gmt":"2024-03-20T18:42:14","guid":{"rendered":"https:\/\/prelive2.pomello.ee\/toode\/bronsun-saline-solution\/"},"modified":"2024-03-20T21:42:14","modified_gmt":"2024-03-20T18:42:14","slug":"bronsun-saline-solution","status":"publish","type":"product","link":"https:\/\/prelive2.pomello.ee\/fi\/toode\/bronsun-saline-solution\/","title":{"rendered":"Bronsun Saline Solution"},"content":{"rendered":"<p>K\u00c4YTT\u00d6OHJEET: K\u00e4yt\u00e4 tuotetta meikinpoiston j\u00e4lkeen ja ty\u00f6alueen puhdistamiseen.<br \/>\nLevit\u00e4 pieni m\u00e4\u00e4r\u00e4 liuosta vanulappuun, puhdista kulmakarvat ja silm\u00e4nymp\u00e4rys huolellisesti ennen toimenpidett\u00e4.<\/p>\n<p>&nbsp;<\/p>\n<p>S\u00c4ILYTYSOLOSUHTEET: S\u00e4ilyt\u00e4 +5 \u00b0C &#8211; +25 \u00b0C l\u00e4mp\u00f6tilassa suojattuna l\u00e4mm\u00f6lt\u00e4 ja suoralta auringonvalolta.<\/p>\n<p>&nbsp;<\/p>\n<p>VAROITUS: V\u00e4lt\u00e4 kosketusta silmiin. Huuhtele silm\u00e4si v\u00e4litt\u00f6m\u00e4sti, jos tuotetta joutuu kosketuksiin niiden kanssa.<br \/>\nPid\u00e4 poissa lasten ulottuvilta.<br \/>\n\u00c4l\u00e4 k\u00e4yt\u00e4 viimeisen k\u00e4ytt\u00f6p\u00e4iv\u00e4n j\u00e4lkeen.<br \/>\nVain aiottuun k\u00e4ytt\u00f6\u00f6n. Vain ulkoiseen k\u00e4ytt\u00f6\u00f6n<\/p>\n<p>&nbsp;<\/p>\n<p>S\u00e4ilyvyys ennen avaamista: 36 kuukautta valmistusp\u00e4iv\u00e4st\u00e4<br \/>\nS\u00e4ilyvyys avaamisen j\u00e4lkeen: 24 kuukautta<br \/>\nKulutus: 250 toimenpidett\u00e4<\/p>\n<p>&nbsp;<\/p>\n<p>Valmistettu Ven\u00e4j\u00e4ll\u00e4<\/p>\n","protected":false},"excerpt":{"rendered":"<p>Bronsun Saline Solution on monitoimituote kulmakarvojen ja ripsien puhdistamiseen. Poistaa \u00f6ljyn ja lian iholta ja valmistelee kulmakarvat ja ripset sellaisiin toimenpiteisiin kuin v\u00e4rj\u00e4ys tai s\u00e4vytys hennalla ja kulmakarvojen laminointi.<\/p>\n<p>&nbsp;<\/p>\n<p>SOFT AND GENTLE FORMULA on t\u00e4ydellinen herk\u00e4lle iholle.<\/p>\n<p>ALKOHOLIVAPAA KOOSTUMISTA!<\/p>\n","protected":false},"featured_media":24758,"comment_status":"open","ping_status":"closed","template":"","meta":{"_monsterinsights_skip_tracking":false,"_monsterinsights_sitenote_active":false,"_monsterinsights_sitenote_note":"","_monsterinsights_sitenote_category":0},"product_cat":[518,915,916,476,475],"product_tag":[],"class_list":{"0":"post-24771","1":"product","2":"type-product","3":"status-publish","4":"has-post-thumbnail","6":"product_cat-jalkihoito","7":"product_cat-esi-ja-jalkihoito","8":"product_cat-esihoito-fi","9":"product_cat-kulmakarvat","10":"product_cat-ripset","11":"pa_brand-bronsun-fi","13":"first","14":"instock","15":"taxable","16":"shipping-taxable","17":"purchasable","18":"product-type-simple"},"_links":{"self":[{"href":"https:\/\/prelive2.pomello.ee\/fi\/wp-json\/wp\/v2\/product\/24771","targetHints":{"allow":["GET"]}}],"collection":[{"href":"https:\/\/prelive2.pomello.ee\/fi\/wp-json\/wp\/v2\/product"}],"about":[{"href":"https:\/\/prelive2.pomello.ee\/fi\/wp-json\/wp\/v2\/types\/product"}],"replies":[{"embeddable":true,"href":"https:\/\/prelive2.pomello.ee\/fi\/wp-json\/wp\/v2\/comments?post=24771"}],"version-history":[{"count":0,"href":"https:\/\/prelive2.pomello.ee\/fi\/wp-json\/wp\/v2\/product\/24771\/revisions"}],"wp:featuredmedia":[{"embeddable":true,"href":"https:\/\/prelive2.pomello.ee\/fi\/wp-json\/wp\/v2\/media\/24758"}],"wp:attachment":[{"href":"https:\/\/prelive2.pomello.ee\/fi\/wp-json\/wp\/v2\/media?parent=24771"}],"wp:term":[{"taxonomy":"product_cat","embeddable":true,"href":"https:\/\/prelive2.pomello.ee\/fi\/wp-json\/wp\/v2\/product_cat?post=24771"},{"taxonomy":"product_tag","embeddable":true,"href":"https:\/\/prelive2.pomello.ee\/fi\/wp-json\/wp\/v2\/product_tag?post=24771"}],"curies":[{"name":"wp","href":"https:\/\/api.w.org\/{rel}","templated":true}]}}