{"id":24752,"date":"2024-03-20T13:30:31","date_gmt":"2024-03-20T10:30:31","guid":{"rendered":"https:\/\/prelive2.pomello.ee\/toode\/oko-brow-sunscreen-spf-70\/"},"modified":"2024-03-20T13:30:31","modified_gmt":"2024-03-20T10:30:31","slug":"oko-brow-sunscreen-spf-70","status":"publish","type":"product","link":"https:\/\/prelive2.pomello.ee\/fi\/toode\/oko-brow-sunscreen-spf-70\/","title":{"rendered":"OKO Brow Sunscreen SPF 70+"},"content":{"rendered":"<p><strong>OKO Brow aurinkosuojan SPF 70+ edut:<\/strong><\/p>\n<p>Uusi vahvin suojateknologia tarjoaa erinomaisen suojan UVA\/UVB-s\u00e4teit\u00e4 vastaan.<br \/>\nKosteuttaa ihoa ja ravitsee turkkia.<br \/>\nK\u00e4tev\u00e4 kompakti pakkaus annostelijalla, joka mahtuu helposti kosmetiikkapussiin.<br \/>\nAurinkosuojavoiteen koostumus ei tukki huokosia tai aiheuta aknea.<br \/>\nKaksinkertainen suoja UV-s\u00e4teit\u00e4 vastaan \u200b\u200b- suoja UV-s\u00e4teiden tunkeutumiselta ja heijastumiselta.<br \/>\nInnovatiivinen teknologia nanomolekyyleill\u00e4, jotka est\u00e4v\u00e4t suuria valom\u00e4\u00e4ri\u00e4 tunkeutumasta ihon l\u00e4pi.<br \/>\nVoiteen rakenne heijastaa auringonvaloa, mik\u00e4 on iholle eritt\u00e4in tarpeellista pysyv\u00e4n meikin tai tatuoinnin j\u00e4lkeen.<br \/>\nT\u00c4RKE\u00c4! Ei j\u00e4t\u00e4 valkoista j\u00e4lki\u00e4 iholle. Imeytyy nopeasti. 15 minuuttia k\u00e4yt\u00f6n j\u00e4lkeen voit k\u00e4ytt\u00e4\u00e4 koristekosmetiikkaa.<\/p>\n<p>&nbsp;<\/p>\n<p><strong>OKO Brow aurinkosuojavoiteen SPF70+ k\u00e4yt\u00f6n ominaisuudet<\/strong><br \/>\nSit\u00e4 k\u00e4ytet\u00e4\u00e4n v\u00e4litt\u00f6m\u00e4sti kulmakarvojen paranemisen j\u00e4lkeen (pysyv\u00e4n toimenpiteen j\u00e4lkeen)<br \/>\n\u00c4l\u00e4 k\u00e4yt\u00e4 tavallista ihonhoitovoidettasi SPF-suojan p\u00e4\u00e4lle, sill\u00e4 t\u00e4m\u00e4 heikent\u00e4\u00e4 merkitt\u00e4v\u00e4sti suojan tasoa. On parempi k\u00e4ytt\u00e4\u00e4 voidetta ennen SPF-suojaa.<br \/>\nKun k\u00e4yt\u00e4t koristekosmetiikkaa SPF-voiteen j\u00e4lkeen, suojausaste laskee.<\/p>\n<p>&nbsp;<\/p>\n<p>K\u00e4ytt\u00f6: Levit\u00e4 pieni m\u00e4\u00e4r\u00e4 voidetta kulmakarvojen alueelle 10-15 minuuttia ennen auringolle altistumista.<br \/>\nValmistettu Ukrainassa<br \/>\nTilavuus: 15ml<\/p>\n","protected":false},"excerpt":{"rendered":"<p>OKO Brow Sunscreen SPF 70+ aurinkosuojavoide kulmakarvoille kestomeikin j\u00e4lkeen SPF 70+\u2600\ufe0f<\/p>\n<p>&nbsp;<\/p>\n<p>Pid\u00e4 kulmakarvasi tuoreina ja hoidettuna!<\/p>\n<p>OKO SPF-suojalla varustettu kulmakarvavoide on erityisesti suunniteltu est\u00e4m\u00e4\u00e4n KULMAKURVIEN ennenaikaista haalistumista kulmakarvapuuterien kestomeikin tai microbladingin j\u00e4lkeen.<\/p>\n<p>&nbsp;<\/p>\n<p>Mestarit suosittelevat kulmakarvojen kestomeikin lis\u00e4ksi korkean suojan aurinkovoidetta, jossa on voimakas aurinko.<br \/>\nHaitalliset UV-s\u00e4teet p\u00e4\u00e4sev\u00e4t ihollemme, joten meid\u00e4n on k\u00e4ytett\u00e4v\u00e4 aurinkovoidetta haalistumisen est\u00e4miseksi. Jos sinulla on pysyv\u00e4 meikki tai tatuointi, aurinkovoide voi auttaa pident\u00e4m\u00e4\u00e4n pysyv\u00e4n meikin k\u00e4ytt\u00f6ik\u00e4\u00e4.<\/p>\n<p>&nbsp;<\/p>\n<p>Mit\u00e4 korkeampi SPF, sit\u00e4 vahvempi suoja. SPF70+ on alun perin teknikot kehitt\u00e4nyt suojaamaan auringons\u00e4teilt\u00e4, \u200b\u200bvaan auttamaan asiakasta v\u00e4ltt\u00e4m\u00e4\u00e4n toistuvia korjauksia ja v\u00e4rinkorjauksia.<\/p>\n<p>&nbsp;<\/p>\n<p>T\u00e4rkeint\u00e4 on, ett\u00e4 kulmakarvat eiv\u00e4t haalistu liian aikaisin!<\/p>\n<p>&nbsp;<\/p>\n<p>Jos olet pysyv\u00e4 meikkitaiteilija, varmista, ett\u00e4 asiakas k\u00e4ytt\u00e4\u00e4 SPF:\u00e4\u00e4 toimenpiteen j\u00e4lkeen.<\/p>\n<p>&nbsp;<\/p>\n","protected":false},"featured_media":24742,"comment_status":"open","ping_status":"closed","template":"","meta":{"_monsterinsights_skip_tracking":false,"_monsterinsights_sitenote_active":false,"_monsterinsights_sitenote_note":"","_monsterinsights_sitenote_category":0},"product_cat":[915,917,476,919],"product_tag":[],"class_list":{"0":"post-24752","1":"product","2":"type-product","3":"status-publish","4":"has-post-thumbnail","6":"product_cat-esi-ja-jalkihoito","7":"product_cat-jalkihoito-fi","8":"product_cat-kulmakarvat","9":"product_cat-kulmakarvojen-geelit-vahat","10":"pa_brand-oko-fi","12":"first","13":"instock","14":"taxable","15":"shipping-taxable","16":"purchasable","17":"product-type-simple"},"_links":{"self":[{"href":"https:\/\/prelive2.pomello.ee\/fi\/wp-json\/wp\/v2\/product\/24752","targetHints":{"allow":["GET"]}}],"collection":[{"href":"https:\/\/prelive2.pomello.ee\/fi\/wp-json\/wp\/v2\/product"}],"about":[{"href":"https:\/\/prelive2.pomello.ee\/fi\/wp-json\/wp\/v2\/types\/product"}],"replies":[{"embeddable":true,"href":"https:\/\/prelive2.pomello.ee\/fi\/wp-json\/wp\/v2\/comments?post=24752"}],"version-history":[{"count":0,"href":"https:\/\/prelive2.pomello.ee\/fi\/wp-json\/wp\/v2\/product\/24752\/revisions"}],"wp:featuredmedia":[{"embeddable":true,"href":"https:\/\/prelive2.pomello.ee\/fi\/wp-json\/wp\/v2\/media\/24742"}],"wp:attachment":[{"href":"https:\/\/prelive2.pomello.ee\/fi\/wp-json\/wp\/v2\/media?parent=24752"}],"wp:term":[{"taxonomy":"product_cat","embeddable":true,"href":"https:\/\/prelive2.pomello.ee\/fi\/wp-json\/wp\/v2\/product_cat?post=24752"},{"taxonomy":"product_tag","embeddable":true,"href":"https:\/\/prelive2.pomello.ee\/fi\/wp-json\/wp\/v2\/product_tag?post=24752"}],"curies":[{"name":"wp","href":"https:\/\/api.w.org\/{rel}","templated":true}]}}