{"id":24737,"date":"2024-03-20T12:28:26","date_gmt":"2024-03-20T09:28:26","guid":{"rendered":"https:\/\/prelive2.pomello.ee\/toode\/oko-hollywood-blue-lagoon-lash-lift-silikonimuotit\/"},"modified":"2024-03-20T13:17:48","modified_gmt":"2024-03-20T10:17:48","slug":"oko-hollywood-blue-lagoon-lash-lift-silikonimuotit","status":"publish","type":"product","link":"https:\/\/prelive2.pomello.ee\/fi\/toode\/oko-hollywood-blue-lagoon-lash-lift-silikonimuotit\/","title":{"rendered":"OkO Hollywood Blue Lagoon Lash Lift silikonimuotit"},"content":{"rendered":"","protected":false},"excerpt":{"rendered":"<p>OkO Hollywood Blue Lagoon Lash Lift silikonimuotit ovat ainutlaatuisia premium-muotit. Niiss\u00e4 yhdistyv\u00e4t k\u00e4yt\u00e4nn\u00f6llisyys stylistin ty\u00f6ss\u00e4 ja ehdoton mukavuus asiakkaalle.<\/p>\n<p>&nbsp;<\/p>\n<p>OKO Blue Lagoon -tyynyt on valmistettu korkealaatuisesta, hypoallergeenisesta, eritt\u00e4in puhdistetusta silikonista, <strong>anatomisen muodon<\/strong> ja plastisuuden ansiosta, mik\u00e4 yhdess\u00e4 kiilt\u00e4v\u00e4n kontaktipinnan kanssa mahdollistaa tyynyjen kiinnitt\u00e4misen silm\u00e4luomiin i<strong>lman liimaa<\/strong>. Korkean kontaktipinnan ansiosta ripset kiinnittyv\u00e4t tiukasti muotit &#8211; ripset tarttuvat muotit l\u00e4hes itsen\u00e4isesti.<br \/>\nOKO-muotit ovat kulutusta ja ripsien v\u00e4rinkest\u00e4vi\u00e4 &#8211; muotit eiv\u00e4t likaannu!<\/p>\n<p><strong>OKO Blue Lagoon -muotit on soikea muoto ja nostovaikutus.<\/strong><\/p>\n<p>&nbsp;<\/p>\n<p>Koko S &#8211; soikeat muotit, joissa on selv\u00e4 mutka alemmassa kolmanneksessa. Niiden avulla voit saavuttaa kohottavan vaikutuksen. Lyhyille ja keskipitkille ripsille.<br \/>\nKoko M &#8211; soikeat muotit, joissa on pehme\u00e4 luonnollinen taivutusvaikutus. Keskipitkille ripsille.<br \/>\nKoko L &#8211; suuret soikeat muotit pitkille ripsille. K\u00e4rkialueelle ja 1-2 mm korkeammalle levitettyn\u00e4 se antaa ilmeikk\u00e4\u00e4n kohottavan kiharan ja t\u00e4ydellisen ripsien kohotuksen.<\/p>\n","protected":false},"featured_media":24727,"comment_status":"open","ping_status":"closed","template":"","meta":{"_monsterinsights_skip_tracking":false,"_monsterinsights_sitenote_active":false,"_monsterinsights_sitenote_note":"","_monsterinsights_sitenote_category":0},"product_cat":[516,521,475],"product_tag":[],"class_list":{"0":"post-24737","1":"product","2":"type-product","3":"status-publish","4":"has-post-thumbnail","6":"product_cat-lash-lift-fi","7":"product_cat-silikonityynyt","8":"product_cat-ripset","10":"first","11":"instock","12":"taxable","13":"shipping-taxable","14":"purchasable","15":"product-type-simple"},"_links":{"self":[{"href":"https:\/\/prelive2.pomello.ee\/fi\/wp-json\/wp\/v2\/product\/24737","targetHints":{"allow":["GET"]}}],"collection":[{"href":"https:\/\/prelive2.pomello.ee\/fi\/wp-json\/wp\/v2\/product"}],"about":[{"href":"https:\/\/prelive2.pomello.ee\/fi\/wp-json\/wp\/v2\/types\/product"}],"replies":[{"embeddable":true,"href":"https:\/\/prelive2.pomello.ee\/fi\/wp-json\/wp\/v2\/comments?post=24737"}],"version-history":[{"count":1,"href":"https:\/\/prelive2.pomello.ee\/fi\/wp-json\/wp\/v2\/product\/24737\/revisions"}],"predecessor-version":[{"id":24738,"href":"https:\/\/prelive2.pomello.ee\/fi\/wp-json\/wp\/v2\/product\/24737\/revisions\/24738"}],"wp:featuredmedia":[{"embeddable":true,"href":"https:\/\/prelive2.pomello.ee\/fi\/wp-json\/wp\/v2\/media\/24727"}],"wp:attachment":[{"href":"https:\/\/prelive2.pomello.ee\/fi\/wp-json\/wp\/v2\/media?parent=24737"}],"wp:term":[{"taxonomy":"product_cat","embeddable":true,"href":"https:\/\/prelive2.pomello.ee\/fi\/wp-json\/wp\/v2\/product_cat?post=24737"},{"taxonomy":"product_tag","embeddable":true,"href":"https:\/\/prelive2.pomello.ee\/fi\/wp-json\/wp\/v2\/product_tag?post=24737"}],"curies":[{"name":"wp","href":"https:\/\/api.w.org\/{rel}","templated":true}]}}