{"id":24721,"date":"2024-03-20T12:16:21","date_gmt":"2024-03-20T09:16:21","guid":{"rendered":"https:\/\/prelive2.pomello.ee\/toode\/oko-hollywood-pink-lash-lift-silikonimuotit\/"},"modified":"2024-03-20T12:16:21","modified_gmt":"2024-03-20T09:16:21","slug":"oko-hollywood-pink-lash-lift-silikonimuotit","status":"publish","type":"product","link":"https:\/\/prelive2.pomello.ee\/fi\/toode\/oko-hollywood-pink-lash-lift-silikonimuotit\/","title":{"rendered":"OkO Hollywood Pink Lash Lift silikonimuotit"},"content":{"rendered":"","protected":false},"excerpt":{"rendered":"<p>OkO Hollywood Pink Lash Lift silikonimuotit ovat ainutlaatuisia, niiss\u00e4 yhdistyv\u00e4t k\u00e4yt\u00e4nn\u00f6llisyys stylistin ty\u00f6ss\u00e4 ja ehdoton mukavuus asiakkaalle.<\/p>\n<p>&nbsp;<\/p>\n<p>OKO Hollywood Pink -muotit on valmistettu korkealaatuisesta, hypoallergeenisesta, eritt\u00e4in puhtaasta silikonista, <strong>anatomisen<\/strong> <strong>muodon<\/strong> ja plastisuuden ansiosta, mik\u00e4 yhdess\u00e4 kiilt\u00e4v\u00e4n kontaktipinnan kanssa mahdollistaa tyynyjen kiinnitt\u00e4misen silm\u00e4luomiin <strong>ilman liimaa.<\/strong> Korkean kontaktipinnan ansiosta ripset kiinnittyv\u00e4t tiukasti muotit &#8211; ripset tarttuvat muotit l\u00e4hes itsen\u00e4isesti.<\/p>\n<p>&nbsp;<\/p>\n<p>OKO-muotit ovat kulutusta ja ripsien v\u00e4rj\u00e4yst\u00e4 kest\u00e4vi\u00e4 \u2013 muotit eiv\u00e4t pysy likaisena pitk\u00e4\u00e4n!<\/p>\n<p>&nbsp;<\/p>\n<p><strong>OKO Hollywood Pink -muotit ovat muodoltaan py\u00f6reit\u00e4 ja suunniteltu suorille ja alasp\u00e4in kasvaville ripsille.<\/strong><\/p>\n<p>&nbsp;<\/p>\n<p>Koko M &#8211; py\u00f6re\u00e4t pehmusteet, antaa pehme\u00e4n ja pehme\u00e4n joustavuuden koostumuksen k\u00e4ytt\u00f6alueesta riippuen. Lyhyille ja keskipitkille ripsille.<\/p>\n<p>Koko L &#8211; py\u00f6re\u00e4t muotit alasp\u00e4in kasvaville ripsille. Antaa pehme\u00e4n luonnollisen kiharan. Levit\u00e4m\u00e4ll\u00e4 koostumusta yl\u00e4- ja yl\u00e4osaan saat vauvan kiharan. Keskipitkille ja pitkille ripsille.<\/p>\n<p>Koko XL &#8211; py\u00f6re\u00e4t muotit, joiden alakolmanneksessa on huippu, antaa pehme\u00e4n luonnollisen kaarevuuden. T\u00e4ydellinen pitkille ripsille.<\/p>\n","protected":false},"featured_media":24712,"comment_status":"open","ping_status":"closed","template":"","meta":{"_monsterinsights_skip_tracking":false,"_monsterinsights_sitenote_active":false,"_monsterinsights_sitenote_note":"","_monsterinsights_sitenote_category":0},"product_cat":[516,521,475],"product_tag":[],"class_list":{"0":"post-24721","1":"product","2":"type-product","3":"status-publish","4":"has-post-thumbnail","6":"product_cat-lash-lift-fi","7":"product_cat-silikonityynyt","8":"product_cat-ripset","9":"pa_brand-oko-fi","11":"first","12":"instock","13":"taxable","14":"shipping-taxable","15":"purchasable","16":"product-type-simple"},"_links":{"self":[{"href":"https:\/\/prelive2.pomello.ee\/fi\/wp-json\/wp\/v2\/product\/24721","targetHints":{"allow":["GET"]}}],"collection":[{"href":"https:\/\/prelive2.pomello.ee\/fi\/wp-json\/wp\/v2\/product"}],"about":[{"href":"https:\/\/prelive2.pomello.ee\/fi\/wp-json\/wp\/v2\/types\/product"}],"replies":[{"embeddable":true,"href":"https:\/\/prelive2.pomello.ee\/fi\/wp-json\/wp\/v2\/comments?post=24721"}],"version-history":[{"count":0,"href":"https:\/\/prelive2.pomello.ee\/fi\/wp-json\/wp\/v2\/product\/24721\/revisions"}],"wp:featuredmedia":[{"embeddable":true,"href":"https:\/\/prelive2.pomello.ee\/fi\/wp-json\/wp\/v2\/media\/24712"}],"wp:attachment":[{"href":"https:\/\/prelive2.pomello.ee\/fi\/wp-json\/wp\/v2\/media?parent=24721"}],"wp:term":[{"taxonomy":"product_cat","embeddable":true,"href":"https:\/\/prelive2.pomello.ee\/fi\/wp-json\/wp\/v2\/product_cat?post=24721"},{"taxonomy":"product_tag","embeddable":true,"href":"https:\/\/prelive2.pomello.ee\/fi\/wp-json\/wp\/v2\/product_tag?post=24721"}],"curies":[{"name":"wp","href":"https:\/\/api.w.org\/{rel}","templated":true}]}}