{"id":24705,"date":"2024-03-20T11:29:06","date_gmt":"2024-03-20T08:29:06","guid":{"rendered":"https:\/\/prelive2.pomello.ee\/toode\/oko-power-powder-henna-set-5-g\/"},"modified":"2024-04-04T20:19:24","modified_gmt":"2024-04-04T17:19:24","slug":"oko-power-powder-henna-set-5-g","status":"publish","type":"product","link":"https:\/\/prelive2.pomello.ee\/fi\/toode\/oko-power-powder-henna-set-5-g\/","title":{"rendered":"OKO Power Powder Henna Set 5 g"},"content":{"rendered":"<p><strong>OKO Power Powder Henna v\u00e4ripaletti<\/strong><\/p>\n<p>01 Vaaleanruskea &#8211; vaaleanruskea s\u00e4vy. Kehitetty ihmisille, joilla on vaaleita l\u00e4mpimi\u00e4 s\u00e4vyj\u00e4 ja l\u00e4mpimi\u00e4 blondeja.<br \/>\nJ\u00e4tt\u00e4\u00e4 hell\u00e4varaisen j\u00e4ljen iholle.<br \/>\n\u00c4\u00e4nen syvyystaso: 7-8<\/p>\n<p>02 Brown &#8211; eloisa, t\u00e4ytel\u00e4inen ruskea s\u00e4vy. L\u00e4mmin ruskea iholla viileill\u00e4 pohjas\u00e4vyill\u00e4.<br \/>\nJ\u00e4tt\u00e4\u00e4 iholle hehkuvan j\u00e4ljen.<br \/>\n\u00c4\u00e4nen syvyystaso: 7-6<\/p>\n<p>03 Tummanruskea &#8211; Kaunis, t\u00e4ytel\u00e4inen neutraali ruskea v\u00e4ri. Kerroksesta riippuen se voi antaa iholle eritt\u00e4in tihe\u00e4n ilmeen ja t\u00e4ytel\u00e4isen v\u00e4rin hiuksille.<br \/>\n\u00c4\u00e4nen syvyystaso: 6<\/p>\n<p>04 musta &#8211; peitevoide. Syv\u00e4, intensiivinen musta v\u00e4ri. Suositellaan k\u00e4ytett\u00e4v\u00e4ksi seoksissa, jotka viilent\u00e4v\u00e4t s\u00e4vyj\u00e4 ja lis\u00e4\u00e4v\u00e4t v\u00e4riin syvyytt\u00e4.<br \/>\n\u00c4\u00e4nen syvyystaso: 3-4<\/p>\n<p>05 Yellow &#8211; peitevoide. L\u00e4mmin kelta-ruskea s\u00e4vy. Suunniteltu kirkastamaan muita paletin v\u00e4rej\u00e4. Voidaan k\u00e4ytt\u00e4\u00e4 l\u00e4mpim\u00e4n s\u00e4vyisille blondeille tai punap\u00e4ille.<br \/>\n\u00c4\u00e4nen syvyystaso: 8-9<\/p>\n<p>06 Red wine &#8211; peitevoide. N\u00e4kyv\u00e4, kirkas kuparinruskea v\u00e4ri. Sopii asiakkaille, joilla on kastanjanv\u00e4riset hiukset.<br \/>\n\u00c4\u00e4nen syvyystaso: 7<\/p>\n<p>07 Natural &#8211; universaali v\u00e4ri, neutraali valo, hieman kylm\u00e4 pohjas\u00e4vy, ei kirkas.<br \/>\n\u00c4\u00e4nen syvyystaso: 6-7<\/p>\n<p>&nbsp;<\/p>\n<p><strong>Kuinka k\u00e4ytt\u00e4\u00e4<\/strong><\/p>\n<p>&nbsp;<\/p>\n<p>On suositeltavaa tehd\u00e4 allergiatesti 24-48 tuntia ennen toimenpidett\u00e4.<\/p>\n<p>&nbsp;<\/p>\n<p>Valmistele iho ja kulmakarvat v\u00e4rj\u00e4yst\u00e4 varten. Poista meikki. Levit\u00e4 OKO kulmakarvojen ja ripsien shampoovaahtoa puhdistamaan iho ja takki ennen v\u00e4rj\u00e4yst\u00e4, huuhtele vedell\u00e4.<br \/>\nMuotoile tarvittaessa kulmakarvat OKO Eyebrow Contour Paste -tahnalla.<br \/>\nSekoita OKO henna tislattuun veteen tai mineraaliliuokseen suhteessa 1:3 (valitusta v\u00e4rj\u00e4ystekniikasta riippuen voidaan k\u00e4ytt\u00e4\u00e4 1:5 liuosta). Sekoita seosta huolellisesti, kunnes se on t\u00e4ysin liuennut ja konsistenssi muistuttaa soijakastiketta. K\u00e4yt\u00e4 ei-metallista astiaa.<br \/>\nLevit\u00e4 valmistettu hennaseos kulmakarvoille siveltimell\u00e4. Saat tarkan ja tasaisen lopputuloksen levitt\u00e4m\u00e4ll\u00e4 seosta useissa kerroksissa. Ennen uuden kerroksen levitt\u00e4mist\u00e4 varmista, ett\u00e4 edellinen kerros on t\u00e4ysin kuiva (3-5 minuuttia).<br \/>\nK\u00e4sittelyaika on 10-15 minuuttia tai kunnes henna on t\u00e4ysin kuiva. Poista henna veteen kastetulla vanulapulla.<\/p>\n<p>&nbsp;<\/p>\n<p><iframe title=\"OKO Power Powder Henna Set 5 g\" width=\"1170\" height=\"658\" src=\"https:\/\/www.youtube.com\/embed\/c65VJD6-nUg?feature=oembed\" frameborder=\"0\" allow=\"accelerometer; autoplay; clipboard-write; encrypted-media; gyroscope; picture-in-picture; web-share\" allowfullscreen><\/iframe><\/p>\n","protected":false},"excerpt":{"rendered":"<p>OKO Power Powder Henna Set on hennasetti kulmakarvojen v\u00e4rj\u00e4ykseen.<\/p>\n<p>&nbsp;<\/p>\n<p>Henna OKO on tarkoitettu kulmakarvojen v\u00e4rj\u00e4\u00e4miseen. Hennalla on hieno koostumus, joka liukenee nopeasti. Geelim\u00e4isen koostumuksensa ansiosta henna on helppo k\u00e4ytt\u00e4\u00e4 ja levitt\u00e4\u00e4.<br \/>\nKulmakarvojen henna OKO sis\u00e4lt\u00e4\u00e4 ainesosia, jotka varmistavat karvojen ja ihon hell\u00e4varaisen v\u00e4rj\u00e4yksen.<\/p>\n<p>&nbsp;<\/p>\n<p>OKO Power Powder pysyy iholla jopa 14 p\u00e4iv\u00e4\u00e4 ja hiuksissa jopa 1,5 kuukautta (riippuen asiakkaan ihon yksil\u00f6llisist\u00e4 ominaisuuksista)<\/p>\n<p>&nbsp;<\/p>\n<ul>\n<li>Ainutlaatuinen kaava, joka on kehitetty ammattilaisten tarpeita ajatellen, mahdollistaa ty\u00f6n virtaviivaistamisen ja nopeuttamisen laadusta tinkim\u00e4tt\u00e4.<\/li>\n<li>Hienojakoinen dispersio &#8211; henna liukenee vaadittuun konsistenssiin sekunneissa.<\/li>\n<li>Geelim\u00e4inen koostumus helpottaa tuotteen levitt\u00e4mist\u00e4.<\/li>\n<li>P\u00e4tev\u00e4t v\u00e4ritaiteilijat ovat kehitt\u00e4neet 7 s\u00e4vyn paletin. Jokainen v\u00e4ri t\u00e4ytt\u00e4\u00e4 teht\u00e4v\u00e4ns\u00e4 t\u00e4ydellisesti. Nelj\u00e4ll\u00e4 v\u00e4rill\u00e4 ja kolmella korjausaineella voit luoda t\u00e4ydellisen s\u00e4vyn jokaiselle asiakkaalle.<\/li>\n<li>Tuote valmistetaan maailmanlaajuisesti tunnustetussa tehtaassa korkealaatuisimmista komponenteista.<\/li>\n<li>Henna on CPNP-sertifioitu ja t\u00e4ytt\u00e4\u00e4 kaikki eurooppalaiset laatustandardit.<\/li>\n<\/ul>\n<p>&nbsp;<\/p>\n<p><strong>OKO Henna setti sis\u00e4lt\u00e4\u00e4:<\/strong><\/p>\n<ul>\n<li>01 vaaleanruskea;<\/li>\n<li>02 Ruskea;<\/li>\n<li>03 Tummanruskea;<\/li>\n<li>04 Musta;<\/li>\n<li>05 Keltainen;<\/li>\n<li>06 Punaviini;<\/li>\n<li>07 Neutral.<\/li>\n<\/ul>\n<p>&nbsp;<\/p>\n<p>\u00c4l\u00e4 k\u00e4yt\u00e4 hennaa ripsien v\u00e4rj\u00e4\u00e4miseen!<\/p>\n<p>&nbsp;<\/p>\n<p>Valmistettu Intiassa<\/p>\n<p>Koko: 7&#215;5 g<\/p>\n","protected":false},"featured_media":24693,"comment_status":"open","ping_status":"closed","template":"","meta":{"_monsterinsights_skip_tracking":false,"_monsterinsights_sitenote_active":false,"_monsterinsights_sitenote_note":"","_monsterinsights_sitenote_category":0},"product_cat":[508,476],"product_tag":[],"class_list":{"0":"post-24705","1":"product","2":"type-product","3":"status-publish","4":"has-post-thumbnail","6":"product_cat-henna-fi","7":"product_cat-kulmakarvat","8":"pa_brand-oko-fi","10":"first","11":"outofstock","12":"taxable","13":"shipping-taxable","14":"purchasable","15":"product-type-simple"},"_links":{"self":[{"href":"https:\/\/prelive2.pomello.ee\/fi\/wp-json\/wp\/v2\/product\/24705","targetHints":{"allow":["GET"]}}],"collection":[{"href":"https:\/\/prelive2.pomello.ee\/fi\/wp-json\/wp\/v2\/product"}],"about":[{"href":"https:\/\/prelive2.pomello.ee\/fi\/wp-json\/wp\/v2\/types\/product"}],"replies":[{"embeddable":true,"href":"https:\/\/prelive2.pomello.ee\/fi\/wp-json\/wp\/v2\/comments?post=24705"}],"version-history":[{"count":1,"href":"https:\/\/prelive2.pomello.ee\/fi\/wp-json\/wp\/v2\/product\/24705\/revisions"}],"predecessor-version":[{"id":24708,"href":"https:\/\/prelive2.pomello.ee\/fi\/wp-json\/wp\/v2\/product\/24705\/revisions\/24708"}],"wp:featuredmedia":[{"embeddable":true,"href":"https:\/\/prelive2.pomello.ee\/fi\/wp-json\/wp\/v2\/media\/24693"}],"wp:attachment":[{"href":"https:\/\/prelive2.pomello.ee\/fi\/wp-json\/wp\/v2\/media?parent=24705"}],"wp:term":[{"taxonomy":"product_cat","embeddable":true,"href":"https:\/\/prelive2.pomello.ee\/fi\/wp-json\/wp\/v2\/product_cat?post=24705"},{"taxonomy":"product_tag","embeddable":true,"href":"https:\/\/prelive2.pomello.ee\/fi\/wp-json\/wp\/v2\/product_tag?post=24705"}],"curies":[{"name":"wp","href":"https:\/\/api.w.org\/{rel}","templated":true}]}}