{"id":24688,"date":"2024-03-20T10:57:30","date_gmt":"2024-03-20T07:57:30","guid":{"rendered":"https:\/\/prelive2.pomello.ee\/toode\/oko-brow-fix-gel-kulmakarvageelit\/"},"modified":"2024-03-20T10:57:30","modified_gmt":"2024-03-20T07:57:30","slug":"oko-brow-fix-gel-kulmakarvageelit","status":"publish","type":"product","link":"https:\/\/prelive2.pomello.ee\/fi\/toode\/oko-brow-fix-gel-kulmakarvageelit\/","title":{"rendered":"OKO Brow Fix Gel kulmakarvageelit"},"content":{"rendered":"","protected":false},"excerpt":{"rendered":"<p>OKO Brow Fix Gel kulmakarvageelit on seuraava taso kulmakarvojen muotoilussa \ud83d\ude80<\/p>\n<p>&nbsp;<\/p>\n<p>OkO Brow Fix on geeli kulmakarvojen kiinnitykseen, jolla on vahva pito ja pitk\u00e4kestoinen vaikutus. Geeli kiinnitt\u00e4\u00e4 kulmakarvat tiukasti koko p\u00e4iv\u00e4ksi ilman, ett\u00e4 iho tuntuu tahmealta ja kire\u00e4lt\u00e4. Koostumukseen sis\u00e4ltyvien hoitavien komponenttien ansiosta geeli varmistaa turkin kosteutta ja ravintoa. Geeli antaa kulmakarvoille luonnollisen ja hyvin hoidetun ulkon\u00e4\u00f6n aiheuttamatta kuivuutta ja \u00e4rsytyst\u00e4.<\/p>\n<p>&nbsp;<\/p>\n<p>OkO Brow Fix kulmakarvageeliss\u00e4 on t\u00e4ydellinen harja, joka auttaa kampaamaan ja muotoilemaan jopa eritt\u00e4in karkeita karvoja.<br \/>\nGeeli\u00e4 voidaan levitt\u00e4\u00e4 kerroksittain, se on miellytt\u00e4v\u00e4n tuntuinen eik\u00e4 j\u00e4t\u00e4 valkoista j\u00e4\u00e4nn\u00f6st\u00e4.<\/p>\n<p>&nbsp;<\/p>\n<ul>\n<li>VEGAN;<\/li>\n<li>Luotettava kulmakarvojen kiinnitys koko p\u00e4iv\u00e4ksi ja lis\u00e4kosteutus;<\/li>\n<li>Mukava harja, joka kest\u00e4\u00e4 my\u00f6s karkean hiusten muotoilun;<\/li>\n<li>Ei aiheuta ihon kuivumista tai \u00e4rsytyst\u00e4;<\/li>\n<li>Ei j\u00e4t\u00e4 valkoista j\u00e4\u00e4nn\u00f6st\u00e4;<\/li>\n<li>Siin\u00e4 on herkk\u00e4, miellytt\u00e4v\u00e4 ja kevyt aromi.<\/li>\n<\/ul>\n<p>&nbsp;<\/p>\n<p>S\u00e4ilyvyys: 3 vuotta<br \/>\nS\u00e4ilyvyys avaamisen j\u00e4lkeen: 1 vuosi<\/p>\n<p>&nbsp;<\/p>\n<p>Koko: 7 ml<\/p>\n","protected":false},"featured_media":24676,"comment_status":"open","ping_status":"closed","template":"","meta":{"_monsterinsights_skip_tracking":false,"_monsterinsights_sitenote_active":false,"_monsterinsights_sitenote_note":"","_monsterinsights_sitenote_category":0},"product_cat":[476,919],"product_tag":[],"class_list":{"0":"post-24688","1":"product","2":"type-product","3":"status-publish","4":"has-post-thumbnail","6":"product_cat-kulmakarvat","7":"product_cat-kulmakarvojen-geelit-vahat","8":"pa_brand-oko-fi","10":"first","11":"instock","12":"taxable","13":"shipping-taxable","14":"purchasable","15":"product-type-simple"},"_links":{"self":[{"href":"https:\/\/prelive2.pomello.ee\/fi\/wp-json\/wp\/v2\/product\/24688","targetHints":{"allow":["GET"]}}],"collection":[{"href":"https:\/\/prelive2.pomello.ee\/fi\/wp-json\/wp\/v2\/product"}],"about":[{"href":"https:\/\/prelive2.pomello.ee\/fi\/wp-json\/wp\/v2\/types\/product"}],"replies":[{"embeddable":true,"href":"https:\/\/prelive2.pomello.ee\/fi\/wp-json\/wp\/v2\/comments?post=24688"}],"version-history":[{"count":0,"href":"https:\/\/prelive2.pomello.ee\/fi\/wp-json\/wp\/v2\/product\/24688\/revisions"}],"wp:featuredmedia":[{"embeddable":true,"href":"https:\/\/prelive2.pomello.ee\/fi\/wp-json\/wp\/v2\/media\/24676"}],"wp:attachment":[{"href":"https:\/\/prelive2.pomello.ee\/fi\/wp-json\/wp\/v2\/media?parent=24688"}],"wp:term":[{"taxonomy":"product_cat","embeddable":true,"href":"https:\/\/prelive2.pomello.ee\/fi\/wp-json\/wp\/v2\/product_cat?post=24688"},{"taxonomy":"product_tag","embeddable":true,"href":"https:\/\/prelive2.pomello.ee\/fi\/wp-json\/wp\/v2\/product_tag?post=24688"}],"curies":[{"name":"wp","href":"https:\/\/api.w.org\/{rel}","templated":true}]}}