{"id":24441,"date":"2024-03-13T22:32:09","date_gmt":"2024-03-13T19:32:09","guid":{"rendered":"https:\/\/prelive2.pomello.ee\/toode\/brow-mapping-lanka-rulla-20m\/"},"modified":"2024-04-02T14:27:44","modified_gmt":"2024-04-02T11:27:44","slug":"brow-mapping-lanka-rulla-20m","status":"publish","type":"product","link":"https:\/\/prelive2.pomello.ee\/fi\/toode\/brow-mapping-lanka-rulla-20m\/","title":{"rendered":"Brow mapping lanka rulla 20m"},"content":{"rendered":"","protected":false},"excerpt":{"rendered":"<div class=\"elementor-element elementor-element-969c5da elementor-widget elementor-widget-neuron-woo-product-short-description\" data-id=\"969c5da\" data-element_type=\"widget\" data-widget_type=\"neuron-woo-product-short-description.default\">\n<div class=\"elementor-widget-container\">\n<div class=\"woocommerce-product-details__short-description\">\n<p>Kulmien lanka on jo peitetty valkoisella maalilla.<\/p>\n<\/div>\n<p>&nbsp;<\/p>\n<p>Suosittelemme langan s\u00e4ilytt\u00e4mist\u00e4 tuotteen mukana tulevassa pussissa, jotta lanka ei kuivu.<\/p>\n<p>&nbsp;<\/p>\n<p>Lanka voidaan helposti vet\u00e4\u00e4 rullalta ja katkaista pullon korkkiin kiinnitetyn metallihampaan avulla. Yhdell\u00e4 langalla voit tehd\u00e4 3-4 selv\u00e4sti havaittavaa vetoa, jonka j\u00e4lkeen valkoinen v\u00e4ri katoaa langasta. Suositeltu langan pituus on 20 cm, josta voidaan luoda asteikko.<\/p>\n<\/div>\n<\/div>\n","protected":false},"featured_media":24338,"comment_status":"open","ping_status":"closed","template":"","meta":{"_monsterinsights_skip_tracking":false,"_monsterinsights_sitenote_active":false,"_monsterinsights_sitenote_note":"","_monsterinsights_sitenote_category":0},"product_cat":[476,511,540],"product_tag":[],"class_list":{"0":"post-24441","1":"product","2":"type-product","3":"status-publish","4":"has-post-thumbnail","6":"product_cat-kulmakarvat","7":"product_cat-kulmakarvojen-tarvikkeet","8":"product_cat-tarvikkeet","9":"pa_brand-pomello-fi","10":"pa_suurus-20-ml-fi","12":"first","13":"instock","14":"taxable","15":"shipping-taxable","16":"purchasable","17":"product-type-simple"},"_links":{"self":[{"href":"https:\/\/prelive2.pomello.ee\/fi\/wp-json\/wp\/v2\/product\/24441","targetHints":{"allow":["GET"]}}],"collection":[{"href":"https:\/\/prelive2.pomello.ee\/fi\/wp-json\/wp\/v2\/product"}],"about":[{"href":"https:\/\/prelive2.pomello.ee\/fi\/wp-json\/wp\/v2\/types\/product"}],"replies":[{"embeddable":true,"href":"https:\/\/prelive2.pomello.ee\/fi\/wp-json\/wp\/v2\/comments?post=24441"}],"version-history":[{"count":1,"href":"https:\/\/prelive2.pomello.ee\/fi\/wp-json\/wp\/v2\/product\/24441\/revisions"}],"predecessor-version":[{"id":25317,"href":"https:\/\/prelive2.pomello.ee\/fi\/wp-json\/wp\/v2\/product\/24441\/revisions\/25317"}],"wp:featuredmedia":[{"embeddable":true,"href":"https:\/\/prelive2.pomello.ee\/fi\/wp-json\/wp\/v2\/media\/24338"}],"wp:attachment":[{"href":"https:\/\/prelive2.pomello.ee\/fi\/wp-json\/wp\/v2\/media?parent=24441"}],"wp:term":[{"taxonomy":"product_cat","embeddable":true,"href":"https:\/\/prelive2.pomello.ee\/fi\/wp-json\/wp\/v2\/product_cat?post=24441"},{"taxonomy":"product_tag","embeddable":true,"href":"https:\/\/prelive2.pomello.ee\/fi\/wp-json\/wp\/v2\/product_tag?post=24441"}],"curies":[{"name":"wp","href":"https:\/\/api.w.org\/{rel}","templated":true}]}}