{"id":24439,"date":"2024-03-13T22:54:07","date_gmt":"2024-03-13T19:54:07","guid":{"rendered":"https:\/\/prelive2.pomello.ee\/toode\/permanent-lashbrow-eyebrow-kulmakarvojen-contour-pasta\/"},"modified":"2024-04-02T14:26:27","modified_gmt":"2024-04-02T11:26:27","slug":"permanent-lashbrow-eyebrow-kulmakarvojen-contour-pasta","status":"publish","type":"product","link":"https:\/\/prelive2.pomello.ee\/fi\/toode\/permanent-lashbrow-eyebrow-kulmakarvojen-contour-pasta\/","title":{"rendered":"Permanent Lash&amp;Brow Eyebrow kulmakarvojen contour pasta"},"content":{"rendered":"","protected":false},"excerpt":{"rendered":"<p>Permanent Lash &amp; Brow Eyebrow pasta on kyn\u00e4n muotoinen kulmakarvojen contour pasta. Tuotteella on tiivis, tasainen koostumus, joka ei levi\u00e4 levitett\u00e4ess\u00e4 ja varmistaa ihon luotettavan suojan maalilta ja hennalta. Kulmakarvatahna ei aiheuta ihon \u00e4rsytyst\u00e4 ja tulehdusta, mink\u00e4 ansiosta toimenpide on mukava, tehokas ja turvallinen.<\/p>\n<p>&nbsp;<\/p>\n<p>V\u00e4ri: Keltainen, Pinkki<\/p>\n<p>&nbsp;<\/p>\n<p>Koko: 1g<\/p>\n","protected":false},"featured_media":24358,"comment_status":"open","ping_status":"closed","template":"","meta":{"_monsterinsights_skip_tracking":false,"_monsterinsights_sitenote_active":false,"_monsterinsights_sitenote_note":"","_monsterinsights_sitenote_category":0},"product_cat":[476,510],"product_tag":[],"class_list":{"0":"post-24439","1":"product","2":"type-product","3":"status-publish","4":"has-post-thumbnail","6":"product_cat-kulmakarvat","7":"product_cat-kulmakarvojen-tahna","8":"pa_brand-permanent-lashbrow-fi","9":"pa_varv-kollane-fi","10":"pa_varv-roosa-fi","12":"first","13":"instock","14":"taxable","15":"shipping-taxable","16":"purchasable","17":"product-type-variable"},"_links":{"self":[{"href":"https:\/\/prelive2.pomello.ee\/fi\/wp-json\/wp\/v2\/product\/24439","targetHints":{"allow":["GET"]}}],"collection":[{"href":"https:\/\/prelive2.pomello.ee\/fi\/wp-json\/wp\/v2\/product"}],"about":[{"href":"https:\/\/prelive2.pomello.ee\/fi\/wp-json\/wp\/v2\/types\/product"}],"replies":[{"embeddable":true,"href":"https:\/\/prelive2.pomello.ee\/fi\/wp-json\/wp\/v2\/comments?post=24439"}],"version-history":[{"count":1,"href":"https:\/\/prelive2.pomello.ee\/fi\/wp-json\/wp\/v2\/product\/24439\/revisions"}],"predecessor-version":[{"id":25315,"href":"https:\/\/prelive2.pomello.ee\/fi\/wp-json\/wp\/v2\/product\/24439\/revisions\/25315"}],"wp:featuredmedia":[{"embeddable":true,"href":"https:\/\/prelive2.pomello.ee\/fi\/wp-json\/wp\/v2\/media\/24358"}],"wp:attachment":[{"href":"https:\/\/prelive2.pomello.ee\/fi\/wp-json\/wp\/v2\/media?parent=24439"}],"wp:term":[{"taxonomy":"product_cat","embeddable":true,"href":"https:\/\/prelive2.pomello.ee\/fi\/wp-json\/wp\/v2\/product_cat?post=24439"},{"taxonomy":"product_tag","embeddable":true,"href":"https:\/\/prelive2.pomello.ee\/fi\/wp-json\/wp\/v2\/product_tag?post=24439"}],"curies":[{"name":"wp","href":"https:\/\/api.w.org\/{rel}","templated":true}]}}