{"id":24437,"date":"2024-03-14T20:42:07","date_gmt":"2024-03-14T17:42:07","guid":{"rendered":"https:\/\/prelive2.pomello.ee\/toode\/my-lamination-inspiration-balm\/"},"modified":"2024-04-02T14:23:48","modified_gmt":"2024-04-02T11:23:48","slug":"my-lamination-inspiration-balm","status":"publish","type":"product","link":"https:\/\/prelive2.pomello.ee\/fi\/toode\/my-lamination-inspiration-balm\/","title":{"rendered":"My Lamination Inspiration Balm"},"content":{"rendered":"<p><strong>My Lamination Inspiration Balm:<\/strong><\/p>\n<ul>\n<li>Hoitaa ripsi\u00e4, kulmakarvoja ja huulia<\/li>\n<li>Suojaa ihoa \u00e4rsytykselt\u00e4 kulmakarvojen laminoinnin aikana<\/li>\n<li>Hell\u00e4varaiset, ravitsevat ainesosat<\/li>\n<li>Ammattik\u00e4ytt\u00f6\u00f6n ja kotik\u00e4ytt\u00f6\u00f6n<\/li>\n<\/ul>\n","protected":false},"excerpt":{"rendered":"<p>My Lamination Inspiration Balm on hell\u00e4varainen hoitovoide, joka tarjoaa edistyksellist\u00e4 hoitoa ripsille, kulmille ja huulille.<\/p>\n<p>&nbsp;<\/p>\n<p>3 in 1 Inspiration Balm by My Lamination on monik\u00e4ytt\u00f6inen pehme\u00e4 balsami, joka parantaa hell\u00e4varaisesti ripsi\u00e4si, kulmiasi ja huuliasi. T\u00e4m\u00e4 ylellinen balsami on rikastettu luonnollisilla ainesosilla ja ravitsevilla \u00f6ljyill\u00e4, jotta saat kauniit ripset, upeat kulmakarvat ja mehukkaat huulet.<\/p>\n<p>&nbsp;<\/p>\n<p>T\u00e4m\u00e4 balsami on t\u00e4ydellinen valinta kulmakarvojen laminointiin, sill\u00e4 se suojaa ihoa \u00e4rsytyst\u00e4 vastaan, erityisesti herkk\u00e4ihoisille, samalla kun se antaa ravitsevien komponenttien tunkeutua syvemm\u00e4lle karvojen sis\u00e4\u00e4n.<\/p>\n<p>&nbsp;<\/p>\n<p>K\u00e4yt\u00e4 balsamia p\u00e4ivitt\u00e4in kulmakarvojen ja ripsien hoitoon tai lis\u00e4\u00e4 se kulmakarvojen laminointirutiiniin saadaksesi silkkisen kiiltoa. T\u00e4m\u00e4 balsami toimii erinomaisena j\u00e4lkihoitona, kosteuttavana huulirasvana ja ravitseva kulmanaamiona!<\/p>\n<p>&nbsp;<\/p>\n<p>Levit\u00e4 pieni m\u00e4\u00e4r\u00e4 balsamia kulmakarvoihisi aamulla kulmakarvakamman avulla saadaksesi t\u00e4ydellisen selke\u00e4n ja kiilt\u00e4v\u00e4n lookin. Illalla voit k\u00e4ytt\u00e4\u00e4 enemm\u00e4n hoitoainetta saadaksesi intensiivisemm\u00e4n ravitsevan vaikutuksen koko y\u00f6ksi.<\/p>\n<p>&nbsp;<\/p>\n<p>My Lamination Inspiration Balm on saatavilla kolmessa herkullisessa versiossa:<\/p>\n<ul>\n<li>Inspiraatio 1 Hedelm\u00e4inen<\/li>\n<li>Inspiraatio 3 Sweet<\/li>\n<li>Inspiration 3 Vanilja<\/li>\n<\/ul>\n<p>&nbsp;<\/p>\n<p>Sis\u00e4lt\u00e4\u00e4 huolella valittuja ainesosia, kuten vihre\u00e4n teen lipoliuutetta, kaakaovoita ja ravitsevia luonnon\u00f6ljyj\u00e4, jotka auttavat suojaamaan ja kosteuttamaan ripsi\u00e4si, kulmiasi ja huuliasi. Lis\u00e4ksi se ei sis\u00e4ll\u00e4 vett\u00e4, parabeeneja, parafiinia, mineraali\u00f6ljyj\u00e4, v\u00e4riaineita, silikonia ja formaldehydi\u00e4.<\/p>\n","protected":false},"featured_media":24375,"comment_status":"open","ping_status":"closed","template":"","meta":{"_monsterinsights_skip_tracking":false,"_monsterinsights_sitenote_active":false,"_monsterinsights_sitenote_note":"","_monsterinsights_sitenote_category":0},"product_cat":[931,518,915,916,917,476,477,516,514],"product_tag":[],"class_list":{"0":"post-24437","1":"product","2":"type-product","3":"status-publish","4":"has-post-thumbnail","6":"product_cat-valmistus-ja-suojavoiteet","7":"product_cat-jalkihoito","8":"product_cat-esi-ja-jalkihoito","9":"product_cat-esihoito-fi","10":"product_cat-jalkihoito-fi","11":"product_cat-kulmakarvat","12":"product_cat-kulmien-laminointi","13":"product_cat-lash-lift-fi","14":"product_cat-ripsi-ja-kulmakarvojen-seerumit","15":"pa_brand-my-lamination-fi","16":"pa_varv-inspiration-1-fruity-fi","17":"pa_varv-inspiration-3-sweet-fi","18":"pa_varv-inspiration-5-vanilla-fi","20":"first","21":"instock","22":"taxable","23":"shipping-taxable","24":"purchasable","25":"product-type-variable"},"_links":{"self":[{"href":"https:\/\/prelive2.pomello.ee\/fi\/wp-json\/wp\/v2\/product\/24437","targetHints":{"allow":["GET"]}}],"collection":[{"href":"https:\/\/prelive2.pomello.ee\/fi\/wp-json\/wp\/v2\/product"}],"about":[{"href":"https:\/\/prelive2.pomello.ee\/fi\/wp-json\/wp\/v2\/types\/product"}],"replies":[{"embeddable":true,"href":"https:\/\/prelive2.pomello.ee\/fi\/wp-json\/wp\/v2\/comments?post=24437"}],"version-history":[{"count":1,"href":"https:\/\/prelive2.pomello.ee\/fi\/wp-json\/wp\/v2\/product\/24437\/revisions"}],"predecessor-version":[{"id":25313,"href":"https:\/\/prelive2.pomello.ee\/fi\/wp-json\/wp\/v2\/product\/24437\/revisions\/25313"}],"wp:featuredmedia":[{"embeddable":true,"href":"https:\/\/prelive2.pomello.ee\/fi\/wp-json\/wp\/v2\/media\/24375"}],"wp:attachment":[{"href":"https:\/\/prelive2.pomello.ee\/fi\/wp-json\/wp\/v2\/media?parent=24437"}],"wp:term":[{"taxonomy":"product_cat","embeddable":true,"href":"https:\/\/prelive2.pomello.ee\/fi\/wp-json\/wp\/v2\/product_cat?post=24437"},{"taxonomy":"product_tag","embeddable":true,"href":"https:\/\/prelive2.pomello.ee\/fi\/wp-json\/wp\/v2\/product_tag?post=24437"}],"curies":[{"name":"wp","href":"https:\/\/api.w.org\/{rel}","templated":true}]}}