{"id":24435,"date":"2024-03-14T21:18:10","date_gmt":"2024-03-14T18:18:10","guid":{"rendered":"https:\/\/prelive2.pomello.ee\/toode\/my-lamination-extreme-volume-mascara\/"},"modified":"2024-04-02T13:59:34","modified_gmt":"2024-04-02T10:59:34","slug":"my-lamination-extreme-volume-mascara","status":"publish","type":"product","link":"https:\/\/prelive2.pomello.ee\/fi\/toode\/my-lamination-extreme-volume-mascara\/","title":{"rendered":"My Lamination Extreme Volume Mascara"},"content":{"rendered":"<p><strong>K\u00e4ytt\u00f6<\/strong>: Levit\u00e4 puhtaalle ripsien rajalle tyvest\u00e4 latvaan. Toista kunnes haluttu tulos on saavutettu.<\/p>\n<p>&nbsp;<\/p>\n<p>&nbsp;<\/p>\n<p>Kosmetiikkatuote on tarkoitettu ulkoiseen k\u00e4ytt\u00f6\u00f6n. K\u00e4yt\u00f6n j\u00e4lkeen sulje tiiviisti jokaisen k\u00e4ytt\u00f6kerran j\u00e4lkeen. Pid\u00e4 viile\u00e4ss\u00e4 ja v\u00e4lt\u00e4 suoraa valoa. V\u00e4lt\u00e4 aineen joutumista silmiin ja limakalvoihin. Jos ainetta joutuu silmiin, huuhtele v\u00e4litt\u00f6m\u00e4sti vedell\u00e4. \u00c4rsytyksen sattuessa lopeta k\u00e4ytt\u00f6 v\u00e4litt\u00f6m\u00e4sti ja ota yhteys l\u00e4\u00e4k\u00e4riin. Jos ainetta joutuu silmiin, huuhtele v\u00e4litt\u00f6m\u00e4sti runsaalla steriilill\u00e4 silm\u00e4huuhteluvedell\u00e4 ja ota tarvittaessa yhteytt\u00e4 l\u00e4\u00e4k\u00e4riin. Tuote voi aiheuttaa allergisia reaktioita. &#8221;Formuloitu ilman&#8221; viittaa tarkoituksellisesti lis\u00e4ttyihin aineisiin. Mahdolliset v\u00e4rinmuutokset ja haju johtuvat luonnollisista kasvitoiminnallisista aineista. Pid\u00e4 poissa lasten ulottuvilta. Tuote ei sovellu alle 18-vuotiaiden k\u00e4ytt\u00f6\u00f6n. Tuotteessa ilmoitetut ominaisuudet viittaavat sen ainesosiin.<\/p>\n","protected":false},"excerpt":{"rendered":"<p>My Lamination Extreme Volume Mascara on ihanteellinen k\u00e4ytett\u00e4v\u00e4ksi ripsien kohotustoimenpiteen j\u00e4lkeen. Ripsiv\u00e4ri on rikastettu Meadow Clover -johdannaisilla, joilla on volyymia lis\u00e4\u00e4vi\u00e4 ominaisuuksia.<\/p>\n<p>&nbsp;<\/p>\n<div class=\"flex-1 overflow-hidden\">\n<div class=\"react-scroll-to-bottom--css-cdvtc-79elbk h-full\">\n<div class=\"react-scroll-to-bottom--css-cdvtc-1n7m0yu\">\n<div class=\"flex flex-col pb-9 text-sm\">\n<div class=\"w-full text-token-text-primary\" data-testid=\"conversation-turn-17\">\n<div class=\"px-4 py-2 justify-center text-base md:gap-6 m-auto\">\n<div class=\"flex flex-1 text-base mx-auto gap-3 md:px-5 lg:px-1 xl:px-5 md:max-w-3xl lg:max-w-[40rem] xl:max-w-[48rem] group final-completion\">\n<div class=\"relative flex w-full flex-col lg:w-[calc(100%-115px)] agent-turn\">\n<div class=\"flex-col gap-1 md:gap-3\">\n<div class=\"flex flex-grow flex-col max-w-full\">\n<div class=\"min-h-[20px] text-message flex flex-col items-start gap-3 whitespace-pre-wrap break-words [.text-message+&amp;]:mt-5 overflow-x-auto\" data-message-author-role=\"assistant\" data-message-id=\"18cf0d9d-f785-4976-a1a6-3c9e456aec28\">\n<div class=\"markdown prose w-full break-words dark:prose-invert dark\">\n<div class=\"x11i5rnm xat24cr x1mh8g0r x1vvkbs xtlvy1s x126k92a\">\n<div dir=\"auto\"><span class=\"x3nfvp2 x1j61x8r x1fcty0u xdj266r xhhsvwb xat24cr xgzva0m xxymvpz xlup9mm x1kky2od\"><img decoding=\"async\" class=\"xz74otr\" src=\"https:\/\/static.xx.fbcdn.net\/images\/emoji.php\/v9\/tbd\/2\/16\/1f33f.png\" alt=\"\ud83c\udf3f\" width=\"16\" height=\"16\"><\/span>Meadow Clover: volyymiominaisuuksilla t\u00e4ytel\u00e4isempien, tihe\u00e4mpien ripsien n\u00e4ytt\u00e4miseksi;<\/div>\n<\/div>\n<div class=\"x11i5rnm xat24cr x1mh8g0r x1vvkbs xtlvy1s x126k92a\">\n<div dir=\"auto\"><span class=\"x3nfvp2 x1j61x8r x1fcty0u xdj266r xhhsvwb xat24cr xgzva0m xxymvpz xlup9mm x1kky2od\"><img decoding=\"async\" class=\"xz74otr\" src=\"https:\/\/static.xx.fbcdn.net\/images\/emoji.php\/v9\/tbd\/2\/16\/1f33f.png\" alt=\"\ud83c\udf3f\" width=\"16\" height=\"16\"><\/span>Japanilainen mispeli: stimuloi ripsien kasvua antaen pidemm\u00e4n ja selke\u00e4mm\u00e4n ulkon\u00e4\u00f6n;<\/div>\n<\/div>\n<div class=\"x11i5rnm xat24cr x1mh8g0r x1vvkbs xtlvy1s x126k92a\">\n<div dir=\"auto\"><span class=\"x3nfvp2 x1j61x8r x1fcty0u xdj266r xhhsvwb xat24cr xgzva0m xxymvpz xlup9mm x1kky2od\"><img decoding=\"async\" class=\"xz74otr\" src=\"https:\/\/static.xx.fbcdn.net\/images\/emoji.php\/v9\/tbd\/2\/16\/1f33f.png\" alt=\"\ud83c\udf3f\" width=\"16\" height=\"16\"><\/span>Mono\u00ef Butter: Ravitsee ja suojaa ripsi\u00e4 terveellisist\u00e4 ja kiilt\u00e4vilt\u00e4.<\/div>\n<\/div>\n<\/div>\n<div dir=\"auto\"><\/div>\n<div class=\"markdown prose w-full break-words dark:prose-invert dark\">\n<p>&nbsp;<\/p>\n<p>Valmistettu Italiassa.<\/p>\n<p>&nbsp;<\/p>\n<p>Koko: 8,5 ml<\/p>\n<\/div>\n<p>&nbsp;<\/p>\n<p>VEGAN<\/p>\n<\/div>\n<\/div>\n<\/div>\n<\/div>\n<\/div>\n<\/div>\n<\/div>\n<\/div>\n<\/div>\n<\/div>\n<\/div>\n","protected":false},"featured_media":24395,"comment_status":"open","ping_status":"closed","template":"","meta":{"_monsterinsights_skip_tracking":false,"_monsterinsights_sitenote_active":false,"_monsterinsights_sitenote_note":"","_monsterinsights_sitenote_category":0},"product_cat":[926,518,516,514],"product_tag":[],"class_list":{"0":"post-24435","1":"product","2":"type-product","3":"status-publish","4":"has-post-thumbnail","6":"product_cat-ripsivarit","7":"product_cat-jalkihoito","8":"product_cat-lash-lift-fi","9":"product_cat-ripsi-ja-kulmakarvojen-seerumit","10":"pa_brand-my-lamination-fi","11":"pa_suurus-85-ml-fi","13":"first","14":"instock","15":"taxable","16":"shipping-taxable","17":"purchasable","18":"product-type-simple"},"_links":{"self":[{"href":"https:\/\/prelive2.pomello.ee\/fi\/wp-json\/wp\/v2\/product\/24435","targetHints":{"allow":["GET"]}}],"collection":[{"href":"https:\/\/prelive2.pomello.ee\/fi\/wp-json\/wp\/v2\/product"}],"about":[{"href":"https:\/\/prelive2.pomello.ee\/fi\/wp-json\/wp\/v2\/types\/product"}],"replies":[{"embeddable":true,"href":"https:\/\/prelive2.pomello.ee\/fi\/wp-json\/wp\/v2\/comments?post=24435"}],"version-history":[{"count":1,"href":"https:\/\/prelive2.pomello.ee\/fi\/wp-json\/wp\/v2\/product\/24435\/revisions"}],"predecessor-version":[{"id":25302,"href":"https:\/\/prelive2.pomello.ee\/fi\/wp-json\/wp\/v2\/product\/24435\/revisions\/25302"}],"wp:featuredmedia":[{"embeddable":true,"href":"https:\/\/prelive2.pomello.ee\/fi\/wp-json\/wp\/v2\/media\/24395"}],"wp:attachment":[{"href":"https:\/\/prelive2.pomello.ee\/fi\/wp-json\/wp\/v2\/media?parent=24435"}],"wp:term":[{"taxonomy":"product_cat","embeddable":true,"href":"https:\/\/prelive2.pomello.ee\/fi\/wp-json\/wp\/v2\/product_cat?post=24435"},{"taxonomy":"product_tag","embeddable":true,"href":"https:\/\/prelive2.pomello.ee\/fi\/wp-json\/wp\/v2\/product_tag?post=24435"}],"curies":[{"name":"wp","href":"https:\/\/api.w.org\/{rel}","templated":true}]}}