{"id":24433,"date":"2023-08-30T22:40:30","date_gmt":"2023-08-30T19:40:30","guid":{"rendered":"https:\/\/prelive2.pomello.ee\/toode\/noemi-wax-heater-touch-vahalammitin\/"},"modified":"2023-08-30T22:40:30","modified_gmt":"2023-08-30T19:40:30","slug":"noemi-wax-heater-touch-vahalammitin","status":"publish","type":"product","link":"https:\/\/prelive2.pomello.ee\/fi\/toode\/noemi-wax-heater-touch-vahalammitin\/","title":{"rendered":"NOEMI Wax Heater Touch vahal\u00e4mmitin"},"content":{"rendered":"<p><strong>NOEMI Wax Heater Touch vahal\u00e4mmitin<\/strong><\/p>\n<p>&nbsp;<\/p>\n<p>Ammattimainen 200 ml vahapurkki, ihanteellinen kasvojen, kulmakarvojen, huulten ja nen\u00e4n vahaukseen.<\/p>\n<p>&nbsp;<\/p>\n<p>Noemin uusin vahanl\u00e4mmitin on varustettu useilla vaikuttavilla ominaisuuksilla, jotka tekev\u00e4t vahauskokemuksestasi entist\u00e4 paremman:<\/p>\n<ol>\n<li><strong>Automaattinen sammutusominaisuus:<\/strong> Turvallisuutesi on ensisijainen huolenaiheemme. Noemi Profi -vahanl\u00e4mmittimess\u00e4 on \u00e4lyk\u00e4s automaattinen sammutustoiminto, joka poistaa turhat huolet.<\/li>\n<li><strong>LCD-l\u00e4mp\u00f6tilan\u00e4ytt\u00f6:<\/strong> Tarkkuus on avainasemassa. Sis\u00e4\u00e4nrakennetun LCD-n\u00e4yt\u00f6n avulla voit helposti valita juuri oikean l\u00e4mp\u00f6tilan tarpeisiisi.<\/li>\n<li><strong>Monipuolinen l\u00e4mp\u00f6tilan s\u00e4\u00e4t\u00f6:<\/strong> L\u00e4mp\u00f6tila-alue 30 \u00b0C &#8211; 125 \u00b0C antaa sinulle mahdollisuuden asettaa ihanteellisen l\u00e4mp\u00f6tilan jokaiselle vahatyypille ja varmistaa optimaalisen levityksen.<\/li>\n<li><strong>Ohjaus kosketusn\u00e4yt\u00f6ll\u00e4:<\/strong> Vahal\u00e4mmittimen ohjaaminen on helppoa ja k\u00e4tev\u00e4\u00e4 intuitiivisen kosketusn\u00e4yt\u00f6n avulla. Asetusten muuttaminen on vain yhden kosketuksen p\u00e4\u00e4ss\u00e4.<\/li>\n<li><strong>Vaihdettava vahas\u00e4ili\u00f6:<\/strong> Vahan k\u00e4sittely ei ole koskaan ollut helpompaa! Irrotettava 200 ml:n vahas\u00e4ili\u00f6 tekee vahan t\u00e4ytt\u00e4misest\u00e4, puhdistamisesta ja vaihdosta nopeaa ja k\u00e4tev\u00e4\u00e4.<\/li>\n<li><strong>Patentoitu muotoilu:<\/strong> Erinomaisen suorituskyvyn lis\u00e4ksi ammattimaisessa vahanl\u00e4mmittimess\u00e4mme on kaunis ja ainutlaatuinen muotoilu. Patentoitu konsepti yhdist\u00e4\u00e4 estetiikan ja toimivuuden parhaalla tavalla.<\/li>\n<\/ol>\n","protected":false},"excerpt":{"rendered":"<div class=\"group w-full text-token-text-primary border-b border-black\/10 dark:border-gray-900\/50 bg-gray-50 dark:bg-[#444654]\" data-testid=\"conversation-turn-39\">\n<div class=\"flex p-4 gap-4 text-base md:gap-6 md:max-w-2xl lg:max-w-[38rem] xl:max-w-3xl md:py-6 lg:px-0 m-auto\">\n<div class=\"relative flex w-[calc(100%-50px)] flex-col gap-1 md:gap-3 lg:w-[calc(100%-115px)]\">\n<div class=\"flex flex-grow flex-col gap-3 max-w-full\">\n<div class=\"min-h-[20px] flex flex-col items-start gap-3 overflow-x-auto whitespace-pre-wrap break-words\">\n<div class=\"markdown prose w-full break-words dark:prose-invert light\">\n<p>NOEMI Wax Heater Touch vahal\u00e4mmitin asettaa uudet standardit karvanpoistoteknologialle innovatiivisilla parannuksilla.<\/p>\n<p>&nbsp;<\/p>\n<\/div>\n<\/div>\n<\/div>\n<\/div>\n<\/div>\n<\/div>\n<p>T\u00e4m\u00e4 huippuluokan vahanl\u00e4mmitin on jokaisen kauneusammattilaisen unelma! Varustettu automaattisella sammutuksella, kosketusn\u00e4yt\u00f6ll\u00e4 ja 200 ml:n s\u00e4ili\u00f6ll\u00e4, se ei vain vie paljon tilaa, vaan my\u00f6s n\u00e4ytt\u00e4\u00e4 kauniilta.<\/p>\n<p>&nbsp;<\/p>\n<p>Ihanteellinen vahal\u00e4mmitin kovien vaharakeiden sulattamiseen.<\/p>\n","protected":false},"featured_media":24430,"comment_status":"open","ping_status":"closed","template":"","meta":{"_monsterinsights_skip_tracking":false,"_monsterinsights_sitenote_active":false,"_monsterinsights_sitenote_note":"","_monsterinsights_sitenote_category":0},"product_cat":[925,542,559,555],"product_tag":[],"class_list":{"0":"post-24433","1":"product","2":"type-product","3":"status-publish","4":"has-post-thumbnail","6":"product_cat-vahan-lammittajat","7":"product_cat-karvanpoisto-tarvikkeet-fi","8":"product_cat-laitteita","9":"product_cat-vahat","10":"pa_brand-noemi-fi","11":"pa_suurus-200-ml-fi","13":"first","14":"instock","15":"taxable","16":"shipping-taxable","17":"purchasable","18":"product-type-simple"},"_links":{"self":[{"href":"https:\/\/prelive2.pomello.ee\/fi\/wp-json\/wp\/v2\/product\/24433","targetHints":{"allow":["GET"]}}],"collection":[{"href":"https:\/\/prelive2.pomello.ee\/fi\/wp-json\/wp\/v2\/product"}],"about":[{"href":"https:\/\/prelive2.pomello.ee\/fi\/wp-json\/wp\/v2\/types\/product"}],"replies":[{"embeddable":true,"href":"https:\/\/prelive2.pomello.ee\/fi\/wp-json\/wp\/v2\/comments?post=24433"}],"version-history":[{"count":0,"href":"https:\/\/prelive2.pomello.ee\/fi\/wp-json\/wp\/v2\/product\/24433\/revisions"}],"wp:featuredmedia":[{"embeddable":true,"href":"https:\/\/prelive2.pomello.ee\/fi\/wp-json\/wp\/v2\/media\/24430"}],"wp:attachment":[{"href":"https:\/\/prelive2.pomello.ee\/fi\/wp-json\/wp\/v2\/media?parent=24433"}],"wp:term":[{"taxonomy":"product_cat","embeddable":true,"href":"https:\/\/prelive2.pomello.ee\/fi\/wp-json\/wp\/v2\/product_cat?post=24433"},{"taxonomy":"product_tag","embeddable":true,"href":"https:\/\/prelive2.pomello.ee\/fi\/wp-json\/wp\/v2\/product_tag?post=24433"}],"curies":[{"name":"wp","href":"https:\/\/api.w.org\/{rel}","templated":true}]}}