{"id":24276,"date":"2024-03-07T12:51:06","date_gmt":"2024-03-07T09:51:06","guid":{"rendered":"https:\/\/prelive2.pomello.ee\/toode\/pesuharja-silikonista\/"},"modified":"2024-04-02T14:30:47","modified_gmt":"2024-04-02T11:30:47","slug":"pesuharja-silikonista","status":"publish","type":"product","link":"https:\/\/prelive2.pomello.ee\/fi\/toode\/pesuharja-silikonista\/","title":{"rendered":"Pesuharja silikonista"},"content":{"rendered":"<p><strong>Kuinka k\u00e4ytt\u00e4\u00e4:<\/strong><\/p>\n<p>Kanna kulmudele puhastusvaht ja masseeri seej\u00e4rel harjaga kulmupiirkonnas ringjate liigutustega. Puhdista sitten ylim\u00e4\u00e4r\u00e4inen vaahto kulmakarvoista vanulapulla.<\/p>\n<p>&nbsp;<\/p>\n<p>Valmistettu silikonista, pehme\u00e4 ja hygieeninen, helppo puhdistaa. Harjan kokonaispituus on 14,5 cm, silikoniosa 1,7 cm<\/p>\n<p>&nbsp;<\/p>\n<p><strong>Puhdistus:<\/strong><\/p>\n<p>1. Puhdista v\u00e4litt\u00f6m\u00e4sti jokaisen k\u00e4yt\u00f6n j\u00e4lkeen l\u00e4mpim\u00e4ll\u00e4 vedell\u00e4 ja antibakteerisella saippualla.<br \/>\n2. Desinfioi 70 % alkoholilla<br \/>\n3. Huuhtele sitten vedell\u00e4 ja kuivaa.<br \/>\n4. Aseta tuote steriiliin, suljettuun astiaan.<\/p>\n","protected":false},"excerpt":{"rendered":"<p>Silikonista valmistettu pesuharja on laadukas monitoimity\u00f6kalu, joka on uudelleenk\u00e4ytett\u00e4v\u00e4. Suosittelemme sen k\u00e4ytt\u00f6\u00e4 kulmakarvojen pesuun. Harjassa on kaksi puolta: toinen vahvempi ja toinen hell\u00e4varaisempi. Mukava hieronta ennen kulmakarvojen hoitoa tekee kulmakarvojen hoidosta miellytt\u00e4v\u00e4mm\u00e4n. Lis\u00e4ksi mik\u00e4 tahansa kulmakarvojen hieronta on hy\u00f6dyllist\u00e4, koska se stimuloi kulmakarvojen kasvua. Ihanteellinen ty\u00f6kalu yleismiehelle, helppo puhdistaa ja desinfioida hoitojen v\u00e4lill\u00e4.<\/p>\n","protected":false},"featured_media":24271,"comment_status":"open","ping_status":"closed","template":"","meta":{"_monsterinsights_skip_tracking":false,"_monsterinsights_sitenote_active":false,"_monsterinsights_sitenote_note":"","_monsterinsights_sitenote_category":0},"product_cat":[476,511,475,546,563,540],"product_tag":[],"class_list":{"0":"post-24276","1":"product","2":"type-product","3":"status-publish","4":"has-post-thumbnail","6":"product_cat-kulmakarvat","7":"product_cat-kulmakarvojen-tarvikkeet","8":"product_cat-ripset","9":"product_cat-ripsien-tarvikkeet","10":"product_cat-siveltimet","11":"product_cat-tarvikkeet","12":"pa_brand-pomello-fi","13":"pa_varv-roosa-valge-fi","15":"first","16":"instock","17":"taxable","18":"shipping-taxable","19":"purchasable","20":"product-type-simple"},"_links":{"self":[{"href":"https:\/\/prelive2.pomello.ee\/fi\/wp-json\/wp\/v2\/product\/24276","targetHints":{"allow":["GET"]}}],"collection":[{"href":"https:\/\/prelive2.pomello.ee\/fi\/wp-json\/wp\/v2\/product"}],"about":[{"href":"https:\/\/prelive2.pomello.ee\/fi\/wp-json\/wp\/v2\/types\/product"}],"replies":[{"embeddable":true,"href":"https:\/\/prelive2.pomello.ee\/fi\/wp-json\/wp\/v2\/comments?post=24276"}],"version-history":[{"count":1,"href":"https:\/\/prelive2.pomello.ee\/fi\/wp-json\/wp\/v2\/product\/24276\/revisions"}],"predecessor-version":[{"id":25319,"href":"https:\/\/prelive2.pomello.ee\/fi\/wp-json\/wp\/v2\/product\/24276\/revisions\/25319"}],"wp:featuredmedia":[{"embeddable":true,"href":"https:\/\/prelive2.pomello.ee\/fi\/wp-json\/wp\/v2\/media\/24271"}],"wp:attachment":[{"href":"https:\/\/prelive2.pomello.ee\/fi\/wp-json\/wp\/v2\/media?parent=24276"}],"wp:term":[{"taxonomy":"product_cat","embeddable":true,"href":"https:\/\/prelive2.pomello.ee\/fi\/wp-json\/wp\/v2\/product_cat?post=24276"},{"taxonomy":"product_tag","embeddable":true,"href":"https:\/\/prelive2.pomello.ee\/fi\/wp-json\/wp\/v2\/product_tag?post=24276"}],"curies":[{"name":"wp","href":"https:\/\/api.w.org\/{rel}","templated":true}]}}