{"id":24274,"date":"2024-03-07T08:29:30","date_gmt":"2024-03-07T05:29:30","guid":{"rendered":"https:\/\/prelive2.pomello.ee\/toode\/wide-lami-brush\/"},"modified":"2024-04-02T14:31:57","modified_gmt":"2024-04-02T11:31:57","slug":"wide-lami-brush","status":"publish","type":"product","link":"https:\/\/prelive2.pomello.ee\/fi\/toode\/wide-lami-brush\/","title":{"rendered":"Wide Lami Brush"},"content":{"rendered":"","protected":false},"excerpt":{"rendered":"<p>Wide Lami Brush on ty\u00f6kalu, jolla voidaan erottaa ja liimata ripset silikoni moutit.<\/p>\n<p>&nbsp;<\/p>\n<p>Harjassa on synteettiset harjakset ja leve\u00e4 p\u00e4\u00e4. Mahdollisuus asettaa ripset nopeasti silikonityynylle tekee harjasta k\u00e4tev\u00e4n.<\/p>\n","protected":false},"featured_media":24257,"comment_status":"open","ping_status":"closed","template":"","meta":{"_monsterinsights_skip_tracking":false,"_monsterinsights_sitenote_active":false,"_monsterinsights_sitenote_note":"","_monsterinsights_sitenote_category":0},"product_cat":[516,475,563,540,544],"product_tag":[],"class_list":{"0":"post-24274","1":"product","2":"type-product","3":"status-publish","4":"has-post-thumbnail","6":"product_cat-lash-lift-fi","7":"product_cat-ripset","8":"product_cat-siveltimet","9":"product_cat-tarvikkeet","10":"product_cat-tarvikkeet-fi","11":"pa_brand-pomello-fi","13":"first","14":"instock","15":"taxable","16":"shipping-taxable","17":"purchasable","18":"product-type-simple"},"_links":{"self":[{"href":"https:\/\/prelive2.pomello.ee\/fi\/wp-json\/wp\/v2\/product\/24274","targetHints":{"allow":["GET"]}}],"collection":[{"href":"https:\/\/prelive2.pomello.ee\/fi\/wp-json\/wp\/v2\/product"}],"about":[{"href":"https:\/\/prelive2.pomello.ee\/fi\/wp-json\/wp\/v2\/types\/product"}],"replies":[{"embeddable":true,"href":"https:\/\/prelive2.pomello.ee\/fi\/wp-json\/wp\/v2\/comments?post=24274"}],"version-history":[{"count":1,"href":"https:\/\/prelive2.pomello.ee\/fi\/wp-json\/wp\/v2\/product\/24274\/revisions"}],"predecessor-version":[{"id":25321,"href":"https:\/\/prelive2.pomello.ee\/fi\/wp-json\/wp\/v2\/product\/24274\/revisions\/25321"}],"wp:featuredmedia":[{"embeddable":true,"href":"https:\/\/prelive2.pomello.ee\/fi\/wp-json\/wp\/v2\/media\/24257"}],"wp:attachment":[{"href":"https:\/\/prelive2.pomello.ee\/fi\/wp-json\/wp\/v2\/media?parent=24274"}],"wp:term":[{"taxonomy":"product_cat","embeddable":true,"href":"https:\/\/prelive2.pomello.ee\/fi\/wp-json\/wp\/v2\/product_cat?post=24274"},{"taxonomy":"product_tag","embeddable":true,"href":"https:\/\/prelive2.pomello.ee\/fi\/wp-json\/wp\/v2\/product_tag?post=24274"}],"curies":[{"name":"wp","href":"https:\/\/api.w.org\/{rel}","templated":true}]}}