{"id":24237,"date":"2024-01-28T17:48:45","date_gmt":"2024-01-28T14:48:45","guid":{"rendered":"https:\/\/prelive2.pomello.ee\/toode\/noemi-jelly-mask-cherry\/"},"modified":"2024-04-02T20:31:57","modified_gmt":"2024-04-02T17:31:57","slug":"noemi-jelly-mask-cherry","status":"publish","type":"product","link":"https:\/\/prelive2.pomello.ee\/fi\/toode\/noemi-jelly-mask-cherry\/","title":{"rendered":"NOEMI Jelly Mask Cherry"},"content":{"rendered":"<p>Noemi Jelly Maskin vallankumouksellinen koostumus tarjoaa useita etuja ihonhoitoon, soveltuu k\u00e4ytett\u00e4v\u00e4ksi sek\u00e4 kotona ett\u00e4 salongihoitona. Naamio antaa iholle intensiivist\u00e4 kosteutusta, virkist\u00e4v\u00e4n j\u00e4\u00e4hdytysvaikutuksen ja v\u00e4ltt\u00e4m\u00e4tt\u00f6mi\u00e4 ravintoaineita, jotka tekev\u00e4t ihosta kirkkaamman. Koe ainutlaatuisen koostumuksen lempe\u00e4 kosketus, joka voidaan levitt\u00e4\u00e4 helposti ja j\u00e4tt\u00e4\u00e4 iholle rauhoittavan tunteen. Helppo poistaa iholta.<\/p>\n<p>&nbsp;<\/p>\n<p><strong>K\u00c4YTT\u00d6:<\/strong> Lis\u00e4\u00e4 20 g jauhetta kulhoon, lis\u00e4\u00e4 sitten 10 ml puhdasta vett\u00e4, k\u00e4yt\u00e4 lusikkaa ja sekoita nopeasti geeliksi. Levit\u00e4 seos nopeasti iholle. Pid\u00e4 20 minuuttia ja poista naamio iholta.<\/p>\n<p>&nbsp;<\/p>\n<p><strong>Katso alla olevasta postauksesta, kuinka tuotetta k\u00e4ytet\u00e4\u00e4n. <\/strong><\/p>\n<p><a href=\"https:\/\/www.instagram.com\/p\/C1ETZywshF-\/?next=%2Fp%2FBzZugDvHJex%2F&amp;hl=bg\" target=\"_blank\" rel=\"noopener\">https:\/\/www.instagram.com\/p\/C1ETZywshF-\/?next=%2Fp%2FBzZugDvHJex%2F&amp;hl=bg<\/a><\/p>\n<p>&nbsp;<\/p>\n","protected":false},"excerpt":{"rendered":"<div class=\"flex-1 overflow-hidden\">\n<div class=\"react-scroll-to-bottom--css-ndsrx-79elbk h-full\">\n<div class=\"react-scroll-to-bottom--css-ndsrx-1n7m0yu\">\n<div class=\"flex flex-col pb-9 text-sm\">\n<div class=\"w-full text-token-text-primary\" data-testid=\"conversation-turn-5\">\n<div class=\"px-4 py-2 justify-center text-base md:gap-6 m-auto\">\n<div class=\"flex flex-1 text-base mx-auto gap-3 md:px-5 lg:px-1 xl:px-5 md:max-w-3xl lg:max-w-[40rem] xl:max-w-[48rem] group final-completion\">\n<div class=\"relative flex w-full flex-col lg:w-[calc(100%-115px)] agent-turn\">\n<div class=\"flex-col gap-1 md:gap-3\">\n<div class=\"flex flex-grow flex-col max-w-full\">\n<div class=\"min-h-[20px] text-message flex flex-col items-start gap-3 whitespace-pre-wrap break-words [.text-message+&amp;]:mt-5 overflow-x-auto\" data-message-author-role=\"assistant\" data-message-id=\"1e2ac614-aaa4-4388-9888-3d2692f48031\">\n<div class=\"markdown prose w-full break-words dark:prose-invert light\">\n<div class=\"flex-1 overflow-hidden\">\n<div class=\"react-scroll-to-bottom--css-ndsrx-79elbk h-full\">\n<div class=\"react-scroll-to-bottom--css-ndsrx-1n7m0yu\">\n<div class=\"flex flex-col pb-9 text-sm\">\n<div class=\"w-full text-token-text-primary\" data-testid=\"conversation-turn-15\">\n<div class=\"px-4 py-2 justify-center text-base md:gap-6 m-auto\">\n<div class=\"flex flex-1 text-base mx-auto gap-3 md:px-5 lg:px-1 xl:px-5 md:max-w-3xl lg:max-w-[40rem] xl:max-w-[48rem] group final-completion\">\n<div class=\"relative flex w-full flex-col lg:w-[calc(100%-115px)] agent-turn\">\n<div class=\"flex-col gap-1 md:gap-3\">\n<div class=\"flex flex-grow flex-col max-w-full\">\n<div class=\"min-h-[20px] text-message flex flex-col items-start gap-3 whitespace-pre-wrap break-words [.text-message+&amp;]:mt-5 overflow-x-auto\" data-message-author-role=\"assistant\" data-message-id=\"dd5dfaef-eb25-494c-ade9-3584b7b12385\">\n<div class=\"markdown prose w-full break-words dark:prose-invert light\">\n<p>Noemi Jelly Mask on todellinen hitti kauneusmaailmassa. T\u00e4m\u00e4 naamio toimii kuin salainen ase, lukitsee kosteuden ja hemmottelee ihoa j\u00e4tt\u00e4en sen pehme\u00e4ksi ja hehkuvaksi. Jelly Mask on kirsikan tuoksuinen ja tarjoaa nautinnollisen kulmakarvojen hoitokokemuksen.<\/p>\n<p>&nbsp;<\/p>\n<p><strong>Noemi Jelly Maskin ominaisuudet:<\/strong><\/p>\n<\/div>\n<\/div>\n<\/div>\n<\/div>\n<\/div>\n<\/div>\n<\/div>\n<\/div>\n<\/div>\n<\/div>\n<\/div>\n<\/div>\n<p>&nbsp;<\/p>\n<p>\ud83c\udf3f Kosteutta lis\u00e4\u00e4v\u00e4: Gelatiininaamio on ihanteellinen, jotta iho saa maksimaalisen kosteutuksen, joka kest\u00e4\u00e4 koko p\u00e4iv\u00e4n.<\/p>\n<p>&nbsp;<\/p>\n<p>\ud83c\udf52 Raikas kauneus: Noemin gelatiininaamio antaa iholle terveen ja raikkaan hehkun lis\u00e4ten iholle elinvoimaa ja kauneutta.<\/p>\n<p>&nbsp;<\/p>\n<p>\ud83d\udc9a Antioksidanttien voima: Naamio ei ole vain kosteuttava, vaan my\u00f6s todellinen antioksidanttien l\u00e4hde. Ne auttavat torjumaan n\u00e4ppyl\u00f6it\u00e4 ja v\u00e4hent\u00e4m\u00e4\u00e4n juonteita ja ryppyj\u00e4 pit\u00e4en ihon nuorekkaana.<\/p>\n<p>&nbsp;<\/p>\n<p>Koko: 250 grammaa<\/p>\n<\/div>\n<\/div>\n<\/div>\n<\/div>\n<\/div>\n<\/div>\n<\/div>\n<\/div>\n<\/div>\n<\/div>\n<\/div>\n<\/div>\n","protected":false},"featured_media":23028,"comment_status":"open","ping_status":"closed","template":"","meta":{"_monsterinsights_skip_tracking":false,"_monsterinsights_sitenote_active":false,"_monsterinsights_sitenote_note":"","_monsterinsights_sitenote_category":0},"product_cat":[915,917,552,476],"product_tag":[],"class_list":{"0":"post-24237","1":"product","2":"type-product","3":"status-publish","4":"has-post-thumbnail","6":"product_cat-esi-ja-jalkihoito","7":"product_cat-jalkihoito-fi","8":"product_cat-jalkihuolto","9":"product_cat-kulmakarvat","10":"pa_brand-noemi-fi","12":"first","13":"instock","14":"taxable","15":"shipping-taxable","16":"purchasable","17":"product-type-simple"},"_links":{"self":[{"href":"https:\/\/prelive2.pomello.ee\/fi\/wp-json\/wp\/v2\/product\/24237","targetHints":{"allow":["GET"]}}],"collection":[{"href":"https:\/\/prelive2.pomello.ee\/fi\/wp-json\/wp\/v2\/product"}],"about":[{"href":"https:\/\/prelive2.pomello.ee\/fi\/wp-json\/wp\/v2\/types\/product"}],"replies":[{"embeddable":true,"href":"https:\/\/prelive2.pomello.ee\/fi\/wp-json\/wp\/v2\/comments?post=24237"}],"version-history":[{"count":1,"href":"https:\/\/prelive2.pomello.ee\/fi\/wp-json\/wp\/v2\/product\/24237\/revisions"}],"predecessor-version":[{"id":25371,"href":"https:\/\/prelive2.pomello.ee\/fi\/wp-json\/wp\/v2\/product\/24237\/revisions\/25371"}],"wp:featuredmedia":[{"embeddable":true,"href":"https:\/\/prelive2.pomello.ee\/fi\/wp-json\/wp\/v2\/media\/23028"}],"wp:attachment":[{"href":"https:\/\/prelive2.pomello.ee\/fi\/wp-json\/wp\/v2\/media?parent=24237"}],"wp:term":[{"taxonomy":"product_cat","embeddable":true,"href":"https:\/\/prelive2.pomello.ee\/fi\/wp-json\/wp\/v2\/product_cat?post=24237"},{"taxonomy":"product_tag","embeddable":true,"href":"https:\/\/prelive2.pomello.ee\/fi\/wp-json\/wp\/v2\/product_tag?post=24237"}],"curies":[{"name":"wp","href":"https:\/\/api.w.org\/{rel}","templated":true}]}}