{"id":24233,"date":"2024-01-29T22:28:19","date_gmt":"2024-01-29T19:28:19","guid":{"rendered":"https:\/\/prelive2.pomello.ee\/toode\/noemi-brow-lash-argan-creme\/"},"modified":"2024-04-02T20:30:01","modified_gmt":"2024-04-02T17:30:01","slug":"noemi-brow-lash-argan-creme","status":"publish","type":"product","link":"https:\/\/prelive2.pomello.ee\/fi\/toode\/noemi-brow-lash-argan-creme\/","title":{"rendered":"NOEMI Brow Lash Argan Creme"},"content":{"rendered":"","protected":false},"excerpt":{"rendered":"<p>Noemi Brow Lash Argan Creme on kehitetty hoitamaan ripsi\u00e4 ja kulmakarvoja kemiallisen v\u00e4rj\u00e4yksen, kulmakarvojen laminoinnin tai ripsien kohotustoimenpiteen j\u00e4lkeen. Argan Creme on erinomainen valinta kotihoitoon ripsien tai kulmakarvojen kemiallisen k\u00e4sittelyn j\u00e4lkeen.<\/p>\n<p>&nbsp;<\/p>\n<p>Argan Cremen ainutlaatuinen koostumus sis\u00e4lt\u00e4\u00e4 t\u00e4rkeit\u00e4 vitamiineja, jotka edist\u00e4v\u00e4t ripsien ja kulmakarvojen terveytt\u00e4 ja ulkon\u00e4k\u00f6\u00e4. T\u00e4m\u00e4 on erityisen t\u00e4rke\u00e4\u00e4 ripsien ja kulmakarvojen laminoinnin j\u00e4lkeen, koska se auttaa pit\u00e4m\u00e4\u00e4n ja ravitsemaan hiuksia pidemp\u00e4\u00e4n ja ehk\u00e4isee niiden kuivumista ja katkeilua.<\/p>\n<p>&nbsp;<\/p>\n<p>Noemi Argan Creme sis\u00e4lt\u00e4\u00e4 useita eritt\u00e4in tehokkaita ainesosia, kuten argan\u00f6ljy\u00e4, risiini\u00f6ljy\u00e4, oliivi\u00f6ljy\u00e4, ruusu\u00f6ljy\u00e4 ja E-vitamiinia. N\u00e4m\u00e4 ainesosat yhdess\u00e4 vahvistavat, ravitsevat ja kosteuttavat ripsi\u00e4 ja kulmia.<\/p>\n","protected":false},"featured_media":23032,"comment_status":"open","ping_status":"closed","template":"","meta":{"_monsterinsights_skip_tracking":false,"_monsterinsights_sitenote_active":false,"_monsterinsights_sitenote_note":"","_monsterinsights_sitenote_category":0},"product_cat":[518,915,917,476,475,514],"product_tag":[],"class_list":{"0":"post-24233","1":"product","2":"type-product","3":"status-publish","4":"has-post-thumbnail","6":"product_cat-jalkihoito","7":"product_cat-esi-ja-jalkihoito","8":"product_cat-jalkihoito-fi","9":"product_cat-kulmakarvat","10":"product_cat-ripset","11":"product_cat-ripsi-ja-kulmakarvojen-seerumit","12":"pa_brand-noemi-fi","14":"first","15":"instock","16":"taxable","17":"shipping-taxable","18":"purchasable","19":"product-type-simple"},"_links":{"self":[{"href":"https:\/\/prelive2.pomello.ee\/fi\/wp-json\/wp\/v2\/product\/24233","targetHints":{"allow":["GET"]}}],"collection":[{"href":"https:\/\/prelive2.pomello.ee\/fi\/wp-json\/wp\/v2\/product"}],"about":[{"href":"https:\/\/prelive2.pomello.ee\/fi\/wp-json\/wp\/v2\/types\/product"}],"replies":[{"embeddable":true,"href":"https:\/\/prelive2.pomello.ee\/fi\/wp-json\/wp\/v2\/comments?post=24233"}],"version-history":[{"count":1,"href":"https:\/\/prelive2.pomello.ee\/fi\/wp-json\/wp\/v2\/product\/24233\/revisions"}],"predecessor-version":[{"id":25367,"href":"https:\/\/prelive2.pomello.ee\/fi\/wp-json\/wp\/v2\/product\/24233\/revisions\/25367"}],"wp:featuredmedia":[{"embeddable":true,"href":"https:\/\/prelive2.pomello.ee\/fi\/wp-json\/wp\/v2\/media\/23032"}],"wp:attachment":[{"href":"https:\/\/prelive2.pomello.ee\/fi\/wp-json\/wp\/v2\/media?parent=24233"}],"wp:term":[{"taxonomy":"product_cat","embeddable":true,"href":"https:\/\/prelive2.pomello.ee\/fi\/wp-json\/wp\/v2\/product_cat?post=24233"},{"taxonomy":"product_tag","embeddable":true,"href":"https:\/\/prelive2.pomello.ee\/fi\/wp-json\/wp\/v2\/product_tag?post=24233"}],"curies":[{"name":"wp","href":"https:\/\/api.w.org\/{rel}","templated":true}]}}