{"id":24230,"date":"2024-01-29T23:05:54","date_gmt":"2024-01-29T20:05:54","guid":{"rendered":"https:\/\/prelive2.pomello.ee\/toode\/noemi-chrome-mix-heart-palette\/"},"modified":"2024-04-02T20:29:21","modified_gmt":"2024-04-02T17:29:21","slug":"noemi-chrome-mix-heart-palette","status":"publish","type":"product","link":"https:\/\/prelive2.pomello.ee\/fi\/toode\/noemi-chrome-mix-heart-palette\/","title":{"rendered":"Noemi Chrome Mix Heart Palette"},"content":{"rendered":"<p><strong>Noemi Chrome Mix Heart Palette v\u00e4rien sekoittamisen p\u00e4\u00e4ominaisuudet:<\/strong><\/p>\n<ul>\n<li>Ty\u00f6kalu tarjoaa selke\u00e4n visuaalisen kuvan maalim\u00e4\u00e4rien sekoitussuhteista, jolloin voit saavuttaa asiakkaalle yhten\u00e4iset tulokset joka kerta.<\/li>\n<li>Tarkkuus ja johdonmukaisuus: Sano hyv\u00e4stit ep\u00e4varmuuden tunteelle v\u00e4rej\u00e4 sekoittaessasi. T\u00e4m\u00e4n ty\u00f6kalun avulla voit kokea tarkkuutta ja johdonmukaisuutta ty\u00f6ss\u00e4si.<\/li>\n<li>T\u00e4ydellinen kaikille: Olitpa kokenut ammattilainen tai vasta aloittamassa matkaasi kauneuden maailmassa, kulmakarvojen v\u00e4rj\u00e4yspaletti on korvaamaton ty\u00f6kalu.<\/li>\n<\/ul>\n<p>&nbsp;<\/p>\n<p>Sopii k\u00e4ytett\u00e4v\u00e4ksi my\u00f6s muiden kemiallisten maalien kanssa.<\/p>\n","protected":false},"excerpt":{"rendered":"<p>NOEMI Color Mixing Palette on t\u00e4ydellinen ty\u00f6kalu kulmakarvojen v\u00e4rin sekoittamiseen!<\/p>\n<p>&nbsp;<\/p>\n<p>T\u00e4ydellisen kulmien v\u00e4risekoituksen saavuttaminen ei ole koskaan ollut helpompaa. Noemin v\u00e4risekoituspaletin avulla kulmakarvojen ammattilaiset voivat saavuttaa tarkan v\u00e4rinsekoitussuhteen taiteen. T\u00e4ll\u00e4 ty\u00f6kalulla voit helposti m\u00e4\u00e4ritt\u00e4\u00e4 kulmakarvojen v\u00e4rin tai v\u00e4rien suhteen varmistaaksesi t\u00e4ydellisen suhteen v\u00e4rej\u00e4 sekoittaessasi.<\/p>\n<p>&nbsp;<\/p>\n<p>Jos sinulla on <a href=\"https:\/\/prelive2.pomello.ee\/toode\/noemi-hybrid-dye-filter\/\">Noemi Filters,<\/a> voit sekoittaa v\u00e4rej\u00e4 sekunneissa ja 100 %:n tarkkuudella.<\/p>\n<p>&nbsp;<\/p>\n<p>T\u00e4m\u00e4 innovatiivinen ty\u00f6kalu antaa sinulle mahdollisuuden luoda tarkkoja v\u00e4risekoituksia. Ei ole v\u00e4li\u00e4, tarvitsetko 80 % ruskeaa ja 20 % vaaleanruskeaa tai muita yksitt\u00e4isi\u00e4 yhdistelmi\u00e4, Noemin paletti mahdollistaa sen.<\/p>\n<p>&nbsp;<\/p>\n<p>Saavuta t\u00e4ydelliset kulmakarvat uudella suosikkity\u00f6kalullasi!<\/p>\n","protected":false},"featured_media":23033,"comment_status":"open","ping_status":"closed","template":"","meta":{"_monsterinsights_skip_tracking":false,"_monsterinsights_sitenote_active":false,"_monsterinsights_sitenote_note":"","_monsterinsights_sitenote_category":0},"product_cat":[476,511,478,479,540],"product_tag":[],"class_list":{"0":"post-24230","1":"product","2":"type-product","3":"status-publish","4":"has-post-thumbnail","6":"product_cat-kulmakarvat","7":"product_cat-kulmakarvojen-tarvikkeet","8":"product_cat-ripsien-ja-kulmakarvojen-varit","9":"product_cat-ripsien-ja-kulmakarvojen-varit-fi","10":"product_cat-tarvikkeet","11":"pa_brand-noemi-fi","13":"first","14":"instock","15":"taxable","16":"shipping-taxable","17":"purchasable","18":"product-type-simple"},"_links":{"self":[{"href":"https:\/\/prelive2.pomello.ee\/fi\/wp-json\/wp\/v2\/product\/24230","targetHints":{"allow":["GET"]}}],"collection":[{"href":"https:\/\/prelive2.pomello.ee\/fi\/wp-json\/wp\/v2\/product"}],"about":[{"href":"https:\/\/prelive2.pomello.ee\/fi\/wp-json\/wp\/v2\/types\/product"}],"replies":[{"embeddable":true,"href":"https:\/\/prelive2.pomello.ee\/fi\/wp-json\/wp\/v2\/comments?post=24230"}],"version-history":[{"count":1,"href":"https:\/\/prelive2.pomello.ee\/fi\/wp-json\/wp\/v2\/product\/24230\/revisions"}],"predecessor-version":[{"id":25366,"href":"https:\/\/prelive2.pomello.ee\/fi\/wp-json\/wp\/v2\/product\/24230\/revisions\/25366"}],"wp:featuredmedia":[{"embeddable":true,"href":"https:\/\/prelive2.pomello.ee\/fi\/wp-json\/wp\/v2\/media\/23033"}],"wp:attachment":[{"href":"https:\/\/prelive2.pomello.ee\/fi\/wp-json\/wp\/v2\/media?parent=24230"}],"wp:term":[{"taxonomy":"product_cat","embeddable":true,"href":"https:\/\/prelive2.pomello.ee\/fi\/wp-json\/wp\/v2\/product_cat?post=24230"},{"taxonomy":"product_tag","embeddable":true,"href":"https:\/\/prelive2.pomello.ee\/fi\/wp-json\/wp\/v2\/product_tag?post=24230"}],"curies":[{"name":"wp","href":"https:\/\/api.w.org\/{rel}","templated":true}]}}