{"id":24222,"date":"2024-03-04T14:58:22","date_gmt":"2024-03-04T11:58:22","guid":{"rendered":"https:\/\/prelive2.pomello.ee\/toode\/ekko-beauty-repair-oil-10ml\/"},"modified":"2024-04-02T14:37:05","modified_gmt":"2024-04-02T11:37:05","slug":"ekko-beauty-repair-oil-10ml","status":"publish","type":"product","link":"https:\/\/prelive2.pomello.ee\/fi\/toode\/ekko-beauty-repair-oil-10ml\/","title":{"rendered":"Ekko Beauty Repair Oil 10ml"},"content":{"rendered":"<p><strong>Ekko Beauty Repair Oil 10ml:n kuvaus:<\/strong><\/p>\n<p>\u00d6ljy kulmakarvojen ja ripsien kasvattamiseen, jossa on korkea <strong>usma<\/strong> s\u00e4vellys.<\/p>\n<p>&nbsp;<\/p>\n<p>Usma on koostumukseltaan ainutlaatuinen. Sen p\u00e4\u00e4komponentit ovat vitamiinit, alkaloidit, flavonoidit. Usma on osoittautunut tehokkaaksi aktivaattoriksi, joka edist\u00e4\u00e4 kasvua ja jolla on positiivinen vaikutus.<\/p>\n<p>&nbsp;<\/p>\n<p><strong>Edut<\/strong>:<\/p>\n<p>Usma \u00f6ljy varmistaa kulmakarvojen ja ripsien nopean kasvun;<br \/>\nRisiini\u00f6ljyll\u00e4 on voimakas parantava vaikutus, joten se on pakollinen paksun meikin yst\u00e4ville;<br \/>\nManteli\u00f6ljy on vastuussa uusien karvojen ulkon\u00e4\u00f6n tasaisuudesta;<br \/>\nPersikka\u00f6ljy luonnollisena kipul\u00e4\u00e4keaineena tekee kulmakarvojen muotoilusta helppoa ja kivutonta;<br \/>\nPellava\u00f6ljy vahvistaa hiusten juuria;<br \/>\nRyp\u00e4leensiemen\u00f6ljy sopii t\u00e4ydellisesti hiusten ja ihosolujen p\u00e4ivitt\u00e4iseen kyll\u00e4stykseen;<br \/>\nVehn\u00e4nalkio\u00f6ljy sis\u00e4lt\u00e4\u00e4 A-, B-, E-, F- ja PP-ryhmien vitamiineja, jotka tunkeutuvat helposti hiusten rakenteeseen Oil EyeBrowsin muiden komponenttien auttavan vaikutuksen ansiosta.<\/p>\n","protected":false},"excerpt":{"rendered":"<p>Ekko Beauty Repair and Growth Oil 10ml on sekoitus luonnon\u00f6ljyj\u00e4, jotka auttavat stimuloimaan ravinteiden puutteen vuoksi lepotilassa olevia follikkeleja. \u00d6ljy nopeuttaa hiusten kasvua ja antaa niille vahvuutta ja joustavuutta. Lis\u00e4ksi t\u00e4m\u00e4 tuote auttaa parantamaan hiusten rakennetta ja muuttaa ihon tilaa kulmakarvojen ymp\u00e4rill\u00e4, sill\u00e4 epiteelisolut saavat annoksensa vitamiineja ja aminohappoja.<\/p>\n<p>&nbsp;<\/p>\n<p>Suunniteltu k\u00e4ytett\u00e4v\u00e4ksi sek\u00e4 ripsiss\u00e4 ett\u00e4 kulmakarvoissa.<\/p>\n<p>&nbsp;<\/p>\n<p>Kuva on havainnollinen, pullon muotoilu ei ole niin kirkas kuin kuvassa.<\/p>\n","protected":false},"featured_media":24211,"comment_status":"open","ping_status":"closed","template":"","meta":{"_monsterinsights_skip_tracking":false,"_monsterinsights_sitenote_active":false,"_monsterinsights_sitenote_note":"","_monsterinsights_sitenote_category":0},"product_cat":[923,518,917,476,516,475,514],"product_tag":[],"class_list":{"0":"post-24222","1":"product","2":"type-product","3":"status-publish","4":"has-post-thumbnail","6":"product_cat-jalkihoito-ja-kosteuttaminen","7":"product_cat-jalkihoito","8":"product_cat-jalkihoito-fi","9":"product_cat-kulmakarvat","10":"product_cat-lash-lift-fi","11":"product_cat-ripset","12":"product_cat-ripsi-ja-kulmakarvojen-seerumit","13":"pa_brand-ekko-beauty-fi","14":"pa_suurus-10-ml-fi","16":"first","17":"outofstock","18":"taxable","19":"shipping-taxable","20":"purchasable","21":"product-type-simple"},"_links":{"self":[{"href":"https:\/\/prelive2.pomello.ee\/fi\/wp-json\/wp\/v2\/product\/24222","targetHints":{"allow":["GET"]}}],"collection":[{"href":"https:\/\/prelive2.pomello.ee\/fi\/wp-json\/wp\/v2\/product"}],"about":[{"href":"https:\/\/prelive2.pomello.ee\/fi\/wp-json\/wp\/v2\/types\/product"}],"replies":[{"embeddable":true,"href":"https:\/\/prelive2.pomello.ee\/fi\/wp-json\/wp\/v2\/comments?post=24222"}],"version-history":[{"count":1,"href":"https:\/\/prelive2.pomello.ee\/fi\/wp-json\/wp\/v2\/product\/24222\/revisions"}],"predecessor-version":[{"id":25323,"href":"https:\/\/prelive2.pomello.ee\/fi\/wp-json\/wp\/v2\/product\/24222\/revisions\/25323"}],"wp:featuredmedia":[{"embeddable":true,"href":"https:\/\/prelive2.pomello.ee\/fi\/wp-json\/wp\/v2\/media\/24211"}],"wp:attachment":[{"href":"https:\/\/prelive2.pomello.ee\/fi\/wp-json\/wp\/v2\/media?parent=24222"}],"wp:term":[{"taxonomy":"product_cat","embeddable":true,"href":"https:\/\/prelive2.pomello.ee\/fi\/wp-json\/wp\/v2\/product_cat?post=24222"},{"taxonomy":"product_tag","embeddable":true,"href":"https:\/\/prelive2.pomello.ee\/fi\/wp-json\/wp\/v2\/product_tag?post=24222"}],"curies":[{"name":"wp","href":"https:\/\/api.w.org\/{rel}","templated":true}]}}