{"id":24176,"date":"2024-02-02T15:52:53","date_gmt":"2024-02-02T12:52:53","guid":{"rendered":"https:\/\/prelive2.pomello.ee\/toode\/glue-without-glue-oko-lash-lami-balm-15-ml\/"},"modified":"2024-04-02T20:22:50","modified_gmt":"2024-04-02T17:22:50","slug":"glue-without-glue-oko-lash-lami-balm-15-ml","status":"publish","type":"product","link":"https:\/\/prelive2.pomello.ee\/fi\/toode\/glue-without-glue-oko-lash-lami-balm-15-ml\/","title":{"rendered":"Glue without Glue OKO Lash Lami Balm 15 ml"},"content":{"rendered":"<p><strong>Kuinka k\u00e4ytt\u00e4\u00e4 liimaa ilman liimaa OKO Lash Lami Balm -liimaa:<\/strong><\/p>\n<p>Ota pieni herneen kokoinen m\u00e4\u00e4r\u00e4 silikonimuotit kiinnitt\u00e4\u00e4ksesi ripset. Levit\u00e4 pieni m\u00e4\u00e4r\u00e4 liimaa silikonimuotit ja kiinnit\u00e4 sitten ripset huolellisesti tavallisella ty\u00f6kalullasi: harjalla, vanupuikolla, monik\u00e4ytt\u00f6isell\u00e4 ripsien laminointity\u00f6kalulla jne. Liiman pehme\u00e4n ja joustavan rakenteen ansiosta ripset on helppo erottaa ja kohdistaa haluttuun asentoon. Jos levit\u00e4t liikaa tuotetta, poista kaikki j\u00e4\u00e4m\u00e4t makrosiveltimell\u00e4 tai vanulapulla. Kun liima on kuivunut, levit\u00e4 ensimm\u00e4inen vaiheen 1 laminointiseos ripsiin.<\/p>\n<p>&nbsp;<\/p>\n<p>\u00c4l\u00e4 j\u00e4t\u00e4 tuotetta auki, vaan peit\u00e4 tuote k\u00e4yt\u00f6n j\u00e4lkeen.<\/p>\n<p>&nbsp;<\/p>\n<p>V\u00e4lt\u00e4 altistumista auringonvalolle, s\u00e4ilyt\u00e4 laatikossa.<\/p>\n","protected":false},"excerpt":{"rendered":"<p>Liima ilman liimaa OKO Lash Lami Balm on liimaa ilman liimaa ripsien laminointiin!<\/p>\n<p>&nbsp;<\/p>\n<p>Liima ilman liimaa OkO Lash&amp;Brow ei vain liimaa &#8211; l\u00e4pimurto kauneusteollisuudessa. T\u00e4m\u00e4 on tuote, joka innovatiivisen koostumuksensa ansiosta korvaa t\u00e4ysin kaikentyyppiset liimat:<\/p>\n<p>&nbsp;<\/p>\n<p>\u2705 Pehme\u00e4 geelirakenne ei kovetu asennuksen aikana ja mahdollistaa ripsien nopean kiinnitt\u00e4misen silikonityynyihin ja kunkin ripsen kohdistamisen haluttuun suuntaan hiuksia vahingoittamatta;<\/p>\n<p>\u2705 Ei tarvitse levitt\u00e4\u00e4 uudelleen toisen laminointivaiheen j\u00e4lkeen &#8211; pit\u00e4\u00e4 ripset tukevasti paikoillaan v\u00e4rj\u00e4ysvaiheeseen asti;<\/p>\n<p>\u2705 Ei luo ty\u00f6t\u00e4 h\u00e4iritsev\u00e4\u00e4 filmi\u00e4;<\/p>\n<p>\u2705 Voit helposti poistaa ripset ty\u00f6n aikana tarkistaaksesi niiden kunnon ja palauttaa ne haluttuun asentoon;<\/p>\n<p>\u2705 Uuden koostumuksen ansiosta hiukset s\u00e4ilytt\u00e4v\u00e4t kosteuden, eiv\u00e4t kuivata niit\u00e4 ja huolehtivat ripsien terveydest\u00e4.<\/p>\n<p>\u2705 Ei vaadi kerrostamista, joten voit ty\u00f6skennell\u00e4 s\u00e4vellysten kanssa ilman h\u00e4iri\u00f6it\u00e4.<\/p>\n<p>\u2705 Siin\u00e4 on miellytt\u00e4v\u00e4, kevyt persikka aromi ja kaunis l\u00e4pin\u00e4kyv\u00e4 vaaleanpunainen v\u00e4ri<\/p>\n<p>&nbsp;<\/p>\n<p><strong>Tuote on suunniteltu ohuille ja vahvoille ripsille.<\/strong><\/p>\n<p>&nbsp;<\/p>\n<p>S\u00e4ilyvyys: 24 kuukautta valmistusp\u00e4iv\u00e4st\u00e4.<\/p>\n<p>S\u00e4ilyvyys avaamisen j\u00e4lkeen: 6 kuukautta<\/p>\n<p>Tilavuus: 15ml<\/p>\n","protected":false},"featured_media":23225,"comment_status":"open","ping_status":"closed","template":"","meta":{"_monsterinsights_skip_tracking":false,"_monsterinsights_sitenote_active":false,"_monsterinsights_sitenote_note":"","_monsterinsights_sitenote_category":0},"product_cat":[516,519,475],"product_tag":[],"class_list":{"0":"post-24176","1":"product","2":"type-product","3":"status-publish","4":"has-post-thumbnail","6":"product_cat-lash-lift-fi","7":"product_cat-liimat","8":"product_cat-ripset","9":"pa_brand-oko-fi","11":"first","12":"instock","13":"taxable","14":"shipping-taxable","15":"purchasable","16":"product-type-simple"},"_links":{"self":[{"href":"https:\/\/prelive2.pomello.ee\/fi\/wp-json\/wp\/v2\/product\/24176","targetHints":{"allow":["GET"]}}],"collection":[{"href":"https:\/\/prelive2.pomello.ee\/fi\/wp-json\/wp\/v2\/product"}],"about":[{"href":"https:\/\/prelive2.pomello.ee\/fi\/wp-json\/wp\/v2\/types\/product"}],"replies":[{"embeddable":true,"href":"https:\/\/prelive2.pomello.ee\/fi\/wp-json\/wp\/v2\/comments?post=24176"}],"version-history":[{"count":1,"href":"https:\/\/prelive2.pomello.ee\/fi\/wp-json\/wp\/v2\/product\/24176\/revisions"}],"predecessor-version":[{"id":25356,"href":"https:\/\/prelive2.pomello.ee\/fi\/wp-json\/wp\/v2\/product\/24176\/revisions\/25356"}],"wp:featuredmedia":[{"embeddable":true,"href":"https:\/\/prelive2.pomello.ee\/fi\/wp-json\/wp\/v2\/media\/23225"}],"wp:attachment":[{"href":"https:\/\/prelive2.pomello.ee\/fi\/wp-json\/wp\/v2\/media?parent=24176"}],"wp:term":[{"taxonomy":"product_cat","embeddable":true,"href":"https:\/\/prelive2.pomello.ee\/fi\/wp-json\/wp\/v2\/product_cat?post=24176"},{"taxonomy":"product_tag","embeddable":true,"href":"https:\/\/prelive2.pomello.ee\/fi\/wp-json\/wp\/v2\/product_tag?post=24176"}],"curies":[{"name":"wp","href":"https:\/\/api.w.org\/{rel}","templated":true}]}}