{"id":24174,"date":"2024-02-02T16:29:07","date_gmt":"2024-02-02T13:29:07","guid":{"rendered":"https:\/\/prelive2.pomello.ee\/toode\/oko-siveltimien-sarja-your-art-is-a-mirror-of-your-soul\/"},"modified":"2024-04-02T20:21:36","modified_gmt":"2024-04-02T17:21:36","slug":"oko-siveltimien-sarja-your-art-is-a-mirror-of-your-soul","status":"publish","type":"product","link":"https:\/\/prelive2.pomello.ee\/fi\/toode\/oko-siveltimien-sarja-your-art-is-a-mirror-of-your-soul\/","title":{"rendered":"OKO Siveltimien sarja &#8221;Your Art is a Mirror of Your Soul&#8221;"},"content":{"rendered":"","protected":false},"excerpt":{"rendered":"<p>OKO Siveltimien sarja &#8221;Your Art is a Mirror of Your Soul&#8221; on eritt\u00e4in laadukas sarja kulmakarvojen siveltimi\u00e4.<\/p>\n<p>&nbsp;<\/p>\n<p>T\u00e4m\u00e4 on ainutlaatuinen monitoimiset kulmakarvojen siveltimet vaativalle kosmetologille, joka arvostaa laatua ja mukavuutta!<\/p>\n<p>Harjat on valmistettu korkealaatuisista materiaaleista, elastisia, tiheit\u00e4, kulutusta kest\u00e4vi\u00e4.<\/p>\n<p>Kulmakarvojen sivellinsarja sis\u00e4lt\u00e4\u00e4 kolme erilaista sivellint\u00e4:<\/p>\n<ul>\n<li><strong>Suuri kulmikas sivellin #1 mahdollistaa eritt\u00e4in ohuiden, ter\u00e4vien ja puhtaiden linjojen luomisen muutamalla vedolla.<\/strong> K\u00e4tev\u00e4 kulmakarvojen v\u00e4rien merkitsemiseen ja levitt\u00e4miseen.<\/li>\n<li><strong>Mini Angled Brush #2<\/strong> on t\u00e4ydellinen eritt\u00e4in hienojen linjojen piirt\u00e4miseen ja kerrostetun s\u00e4vyn luomiseen. Harjan koon ja muodon ansiosta p\u00e4\u00e4set kulmakarvojen vaikeimpiin kohtiin koskettamatta karvoja. T\u00e4m\u00e4 sivellin sopii my\u00f6s lash lift emulsioiden levitt\u00e4miseen.<\/li>\n<li><strong>Soft Angled Brush #5:<\/strong>ss\u00e4 on pehme\u00e4 harjasreuna ja se mahdollistaa t\u00e4ydellisen ombre-v\u00e4rin puhtaalla pohjaviivalla.<\/li>\n<\/ul>\n<p>&nbsp;<\/p>\n<p>Sarjan siveltimet on suunniteltu v\u00e4rj\u00e4\u00e4miseen, ty\u00f6skentelyyn hennalla ja geelill\u00e4.<\/p>\n<p>&nbsp;<\/p>\n<p>Yksityiskohdilla on v\u00e4li\u00e4! Harjojen varsi on valmistettu asiantuntijan k\u00e4den anatomiaa huomioiden, mik\u00e4 takaa suuremman ty\u00f6skentelymukavuuden.<\/p>\n","protected":false},"featured_media":23234,"comment_status":"open","ping_status":"closed","template":"","meta":{"_monsterinsights_skip_tracking":false,"_monsterinsights_sitenote_active":false,"_monsterinsights_sitenote_note":"","_monsterinsights_sitenote_category":0},"product_cat":[476,511,563,540,544],"product_tag":[],"class_list":{"0":"post-24174","1":"product","2":"type-product","3":"status-publish","4":"has-post-thumbnail","6":"product_cat-kulmakarvat","7":"product_cat-kulmakarvojen-tarvikkeet","8":"product_cat-siveltimet","9":"product_cat-tarvikkeet","10":"product_cat-tarvikkeet-fi","11":"pa_brand-oko-fi","13":"first","14":"instock","15":"taxable","16":"shipping-taxable","17":"purchasable","18":"product-type-simple"},"_links":{"self":[{"href":"https:\/\/prelive2.pomello.ee\/fi\/wp-json\/wp\/v2\/product\/24174","targetHints":{"allow":["GET"]}}],"collection":[{"href":"https:\/\/prelive2.pomello.ee\/fi\/wp-json\/wp\/v2\/product"}],"about":[{"href":"https:\/\/prelive2.pomello.ee\/fi\/wp-json\/wp\/v2\/types\/product"}],"replies":[{"embeddable":true,"href":"https:\/\/prelive2.pomello.ee\/fi\/wp-json\/wp\/v2\/comments?post=24174"}],"version-history":[{"count":1,"href":"https:\/\/prelive2.pomello.ee\/fi\/wp-json\/wp\/v2\/product\/24174\/revisions"}],"predecessor-version":[{"id":25354,"href":"https:\/\/prelive2.pomello.ee\/fi\/wp-json\/wp\/v2\/product\/24174\/revisions\/25354"}],"wp:featuredmedia":[{"embeddable":true,"href":"https:\/\/prelive2.pomello.ee\/fi\/wp-json\/wp\/v2\/media\/23234"}],"wp:attachment":[{"href":"https:\/\/prelive2.pomello.ee\/fi\/wp-json\/wp\/v2\/media?parent=24174"}],"wp:term":[{"taxonomy":"product_cat","embeddable":true,"href":"https:\/\/prelive2.pomello.ee\/fi\/wp-json\/wp\/v2\/product_cat?post=24174"},{"taxonomy":"product_tag","embeddable":true,"href":"https:\/\/prelive2.pomello.ee\/fi\/wp-json\/wp\/v2\/product_tag?post=24174"}],"curies":[{"name":"wp","href":"https:\/\/api.w.org\/{rel}","templated":true}]}}