{"id":24172,"date":"2024-02-02T16:38:09","date_gmt":"2024-02-02T13:38:09","guid":{"rendered":"https:\/\/prelive2.pomello.ee\/toode\/oko-siveltimien-sarja-flawless-brushes-flawless-brows\/"},"modified":"2024-04-02T20:20:45","modified_gmt":"2024-04-02T17:20:45","slug":"oko-siveltimien-sarja-flawless-brushes-flawless-brows","status":"publish","type":"product","link":"https:\/\/prelive2.pomello.ee\/fi\/toode\/oko-siveltimien-sarja-flawless-brushes-flawless-brows\/","title":{"rendered":"OKO Siveltimien sarja &#8221;Flawless Brushes Flawless Brows&#8221;"},"content":{"rendered":"","protected":false},"excerpt":{"rendered":"<p>OKO Siveltimien sarja &#8221;Flawless Brushes Flawless Brows&#8221; on ainutlaatuinen monik\u00e4ytt\u00f6inen sarja ammattimaisia \u200b\u200bsynteettisist\u00e4 harjaksista valmistettuja siveltimi\u00e4 kosmetologille. Ihanteellinen valinta kulmakarvataiteilijalle tai laatua arvostavalle kotik\u00e4ytt\u00e4j\u00e4lle!<\/p>\n<p>&nbsp;<\/p>\n<p>Harjat on valmistettu korkealaatuisista materiaaleista, elastisia, tiheit\u00e4, kulutusta kest\u00e4vi\u00e4.<\/p>\n<ul>\n<li><strong>Kulmaharjalla #3<\/strong> voit saavuttaa eritt\u00e4in hienoja linjoja, pehmeit\u00e4 linjoja ja kerroksia, hiusten j\u00e4ljitelmi\u00e4.<\/li>\n<li><strong>Litte\u00e4 sivellin #4<\/strong> sopii erinomaisesti voide- ja geelirakenteiden k\u00e4sittelyyn. Sen avulla voit tehd\u00e4 puhtaita j\u00e4lki\u00e4 kulmakarvoihisi tahnalla tai kyn\u00e4ll\u00e4 ja puhdistaa juovat, kun ty\u00f6skentelet v\u00e4rj\u00e4yksen ja hennan kanssa. Soveltuu ripsien asettamiseen nostotyynyille ja niiden kiinnitt\u00e4miseen liimalla laminoinnin aikana.<\/li>\n<li><strong>Suuressa pehme\u00e4ss\u00e4 kulmassa olevassa harjassa #6<\/strong> on pehme\u00e4 harjasreuna ja se mahdollistaa t\u00e4ydellisen ombre-v\u00e4rien sekoittamisen puhtaalla pohjalinjalla. Suuren siveltimen koon ansiosta ty\u00f6 on nopeaa ja laadukasta.<\/li>\n<\/ul>\n<p>&nbsp;<\/p>\n<p>Sarja sis\u00e4lt\u00e4\u00e4 siveltimet s\u00e4vytykseen, hennalla ty\u00f6skentelyyn, koristekosmetiikkaa, kermaa ja geelim\u00e4isi\u00e4 tuotteita.<\/p>\n<p>&nbsp;<\/p>\n<p>Yksityiskohdilla on v\u00e4li\u00e4! Harjojen k\u00e4densija on valmistettu asiantuntijan k\u00e4den anatomiaa huomioiden, mik\u00e4 tekee ty\u00f6st\u00e4 mukavampaa.<\/p>\n","protected":false},"featured_media":23242,"comment_status":"open","ping_status":"closed","template":"","meta":{"_monsterinsights_skip_tracking":false,"_monsterinsights_sitenote_active":false,"_monsterinsights_sitenote_note":"","_monsterinsights_sitenote_category":0},"product_cat":[476,511,563,540],"product_tag":[],"class_list":{"0":"post-24172","1":"product","2":"type-product","3":"status-publish","4":"has-post-thumbnail","6":"product_cat-kulmakarvat","7":"product_cat-kulmakarvojen-tarvikkeet","8":"product_cat-siveltimet","9":"product_cat-tarvikkeet","10":"pa_brand-oko-fi","12":"first","13":"instock","14":"taxable","15":"shipping-taxable","16":"purchasable","17":"product-type-simple"},"_links":{"self":[{"href":"https:\/\/prelive2.pomello.ee\/fi\/wp-json\/wp\/v2\/product\/24172","targetHints":{"allow":["GET"]}}],"collection":[{"href":"https:\/\/prelive2.pomello.ee\/fi\/wp-json\/wp\/v2\/product"}],"about":[{"href":"https:\/\/prelive2.pomello.ee\/fi\/wp-json\/wp\/v2\/types\/product"}],"replies":[{"embeddable":true,"href":"https:\/\/prelive2.pomello.ee\/fi\/wp-json\/wp\/v2\/comments?post=24172"}],"version-history":[{"count":1,"href":"https:\/\/prelive2.pomello.ee\/fi\/wp-json\/wp\/v2\/product\/24172\/revisions"}],"predecessor-version":[{"id":25352,"href":"https:\/\/prelive2.pomello.ee\/fi\/wp-json\/wp\/v2\/product\/24172\/revisions\/25352"}],"wp:featuredmedia":[{"embeddable":true,"href":"https:\/\/prelive2.pomello.ee\/fi\/wp-json\/wp\/v2\/media\/23242"}],"wp:attachment":[{"href":"https:\/\/prelive2.pomello.ee\/fi\/wp-json\/wp\/v2\/media?parent=24172"}],"wp:term":[{"taxonomy":"product_cat","embeddable":true,"href":"https:\/\/prelive2.pomello.ee\/fi\/wp-json\/wp\/v2\/product_cat?post=24172"},{"taxonomy":"product_tag","embeddable":true,"href":"https:\/\/prelive2.pomello.ee\/fi\/wp-json\/wp\/v2\/product_tag?post=24172"}],"curies":[{"name":"wp","href":"https:\/\/api.w.org\/{rel}","templated":true}]}}