{"id":24121,"date":"2024-02-11T11:19:23","date_gmt":"2024-02-11T08:19:23","guid":{"rendered":"https:\/\/prelive2.pomello.ee\/toode\/noemi-hybrid-dye-ripsi-ja-kulmavari-kit\/"},"modified":"2024-04-02T14:54:03","modified_gmt":"2024-04-02T11:54:03","slug":"noemi-hybrid-dye-ripsi-ja-kulmavari-kit","status":"publish","type":"product","link":"https:\/\/prelive2.pomello.ee\/fi\/toode\/noemi-hybrid-dye-ripsi-ja-kulmavari-kit\/","title":{"rendered":"NOEMI Hybrid Dye Ripsi- ja kulmav\u00e4ri Kit"},"content":{"rendered":"","protected":false},"excerpt":{"rendered":"<div class=\"flex-1 overflow-hidden\">\n<div class=\"react-scroll-to-bottom--css-lvdqy-79elbk h-full\">\n<div class=\"react-scroll-to-bottom--css-lvdqy-1n7m0yu\">\n<div class=\"flex flex-col pb-9 text-sm\">\n<div class=\"w-full text-token-text-primary\" data-testid=\"conversation-turn-23\">\n<div class=\"px-4 py-2 justify-center text-base md:gap-6 m-auto\">\n<div class=\"flex flex-1 text-base mx-auto gap-3 md:px-5 lg:px-1 xl:px-5 md:max-w-3xl lg:max-w-[40rem] xl:max-w-[48rem] group final-completion\">\n<div class=\"relative flex w-full flex-col lg:w-[calc(100%-115px)] agent-turn\">\n<div class=\"flex-col gap-1 md:gap-3\">\n<div class=\"flex flex-grow flex-col max-w-full\">\n<div class=\"min-h-[20px] text-message flex flex-col items-start gap-3 whitespace-pre-wrap break-words [.text-message+&amp;]:mt-5 overflow-x-auto\" data-message-author-role=\"assistant\" data-message-id=\"c6ba0bb5-2f6b-4990-ae3e-603167b37858\">\n<div class=\"markdown prose w-full break-words dark:prose-invert light\">\n<p><strong>NOEMI Hybrid Dye Ripsi- ja kulmav\u00e4ri Kit &#8211; t\u00e4ysin uusi tapa v\u00e4rj\u00e4t\u00e4 kulmakarvoja hoitavalla koostumuksella.<\/strong><\/p>\n<p>&nbsp;<\/p>\n<p>Noemi Hybrid Dye ripsi- ja kulmav\u00e4ri on vallankumouksellinen hybridiv\u00e4riaine, jonka hoitava koostumus on suunniteltu k\u00e4ytett\u00e4v\u00e4ksi sek\u00e4 kulmissa ett\u00e4 ripsiss\u00e4. T\u00e4m\u00e4 innovatiivinen tuote ei vain v\u00e4rj\u00e4\u00e4 turkkia, vaan j\u00e4tt\u00e4\u00e4 my\u00f6s kauniin s\u00e4vyn iholle luoden upean ilmeen. Noemin Hybrid-maali sis\u00e4lt\u00e4\u00e4 hoitavia ainesosia, jotka vahvistavat hiuksia, suojaavat sit\u00e4 vaurioilta ja jopa edist\u00e4v\u00e4t kulmakarvojen kasvua.  <\/p>\n<p>&nbsp;<\/p>\n<p>V\u00e4rej\u00e4 voidaan k\u00e4ytt\u00e4\u00e4 100 % puhtaassa muodossa ilman pelkoa ei-toivotuista keltaisista, punaisista tai vihreist\u00e4 s\u00e4vyist\u00e4. V\u00e4rit voidaan my\u00f6s sekoittaa kesken\u00e4\u00e4n erityisten s\u00e4vyyhdistelmien luomiseksi. Lis\u00e4ksi ne eiv\u00e4t tummenna kulmakarvoja, sill\u00e4 Naomin Hybrid-v\u00e4reill\u00e4 on erityinen voima vaalentaa luonnollisia karvoja 1-2 s\u00e4vyll\u00e4. Joten saat aina t\u00e4ydellisen ja halutun tuloksen.<\/p>\n<p>&nbsp;<\/p>\n<p><strong>Noemin hybridiv\u00e4ri sopii sek\u00e4 kulmakarvoihin ett\u00e4 ripsiin.<\/strong><\/p>\n<p>&nbsp;<\/p>\n<p>pH-arvo on 9-10, mik\u00e4 tarkoittaa, ett\u00e4 se tunkeutuu turkkiin, jolloin v\u00e4riaineet kest\u00e4v\u00e4t noin 8 p\u00e4iv\u00e4\u00e4 iholla ja 4-5 viikkoa turkilla varmistaen intensiivisen lopputuloksen.<\/p>\n<p>&nbsp;<\/p>\n<p>Valittavana on 9 kaunista s\u00e4vy\u00e4 + 1 l\u00e4pin\u00e4kyv\u00e4 v\u00e4rinkorjain, mik\u00e4 tarkoittaa, ett\u00e4 voit luoda erilaisia \u200b\u200bs\u00e4vyj\u00e4 ja r\u00e4\u00e4t\u00e4l\u00f6id\u00e4 ne juuri asiakkaidesi tarpeiden mukaan!<\/p>\n<p>&nbsp;<\/p>\n<p><strong>Voiko Noemi Dye -v\u00e4ri\u00e4 k\u00e4ytt\u00e4\u00e4 laminoinnin j\u00e4lkeen?<\/strong><\/p>\n<p>Joo! Noemi Dye on loistava v\u00e4ri k\u00e4ytett\u00e4v\u00e4ksi kulmakarvojen laminoinnin tai ripsien kohotuksen j\u00e4lkeen. V\u00e4ri sis\u00e4lt\u00e4\u00e4 kosteusvoiteita ja v\u00e4riss\u00e4 oleva hennauute antaa my\u00f6s pysyv\u00e4n meikkivaikutelman samalla hoitaen ja suojaaen hiusten rakennetta. Sammuti suojaa UV-s\u00e4teilylt\u00e4 ja hiusten katkeilulta ja antaa hiuksille t\u00e4ytel\u00e4isyytt\u00e4 ja kiiltoa sek\u00e4 stimuloi hiusten kasvua.<\/p>\n<p>&nbsp;<\/p>\n<p>Vegan<\/p>\n<p>&nbsp;<\/p>\n<p>S\u00e4ilyvyys: 12 kuukautta<\/p>\n<p>&nbsp;<\/p>\n<p><strong>Pakkaus<\/strong> sis\u00e4lt\u00e4\u00e4 kaikki 9x s\u00e4vyt, 1x korjaimen ja 100 ml vety\u00e4 sek\u00e4 <strong>ILMAISEKSI<\/strong> lahjaksi Noemin v\u00e4risekoitusoppaan ja suodattimet eli v\u00e4rin\u00e4ytteet (lahjan arvo 28,95 \u20ac). Rajoitettu tarjonta!<\/p>\n<\/div>\n<\/div>\n<\/div>\n<\/div>\n<\/div>\n<\/div>\n<\/div>\n<\/div>\n<\/div>\n<\/div>\n<\/div>\n<\/div>\n","protected":false},"featured_media":23297,"comment_status":"open","ping_status":"closed","template":"","meta":{"_monsterinsights_skip_tracking":false,"_monsterinsights_sitenote_active":false,"_monsterinsights_sitenote_note":"","_monsterinsights_sitenote_category":0},"product_cat":[909,476,475,479,478],"product_tag":[],"class_list":{"0":"post-24121","1":"product","2":"type-product","3":"status-publish","4":"has-post-thumbnail","6":"product_cat-kestovari","7":"product_cat-kulmakarvat","8":"product_cat-ripset","9":"product_cat-ripsien-ja-kulmakarvojen-varit-fi","10":"product_cat-ripsien-ja-kulmakarvojen-varit","11":"pa_brand-noemi-fi","13":"first","14":"instock","15":"taxable","16":"shipping-taxable","17":"purchasable","18":"product-type-simple"},"_links":{"self":[{"href":"https:\/\/prelive2.pomello.ee\/fi\/wp-json\/wp\/v2\/product\/24121","targetHints":{"allow":["GET"]}}],"collection":[{"href":"https:\/\/prelive2.pomello.ee\/fi\/wp-json\/wp\/v2\/product"}],"about":[{"href":"https:\/\/prelive2.pomello.ee\/fi\/wp-json\/wp\/v2\/types\/product"}],"replies":[{"embeddable":true,"href":"https:\/\/prelive2.pomello.ee\/fi\/wp-json\/wp\/v2\/comments?post=24121"}],"version-history":[{"count":1,"href":"https:\/\/prelive2.pomello.ee\/fi\/wp-json\/wp\/v2\/product\/24121\/revisions"}],"predecessor-version":[{"id":25327,"href":"https:\/\/prelive2.pomello.ee\/fi\/wp-json\/wp\/v2\/product\/24121\/revisions\/25327"}],"wp:featuredmedia":[{"embeddable":true,"href":"https:\/\/prelive2.pomello.ee\/fi\/wp-json\/wp\/v2\/media\/23297"}],"wp:attachment":[{"href":"https:\/\/prelive2.pomello.ee\/fi\/wp-json\/wp\/v2\/media?parent=24121"}],"wp:term":[{"taxonomy":"product_cat","embeddable":true,"href":"https:\/\/prelive2.pomello.ee\/fi\/wp-json\/wp\/v2\/product_cat?post=24121"},{"taxonomy":"product_tag","embeddable":true,"href":"https:\/\/prelive2.pomello.ee\/fi\/wp-json\/wp\/v2\/product_tag?post=24121"}],"curies":[{"name":"wp","href":"https:\/\/api.w.org\/{rel}","templated":true}]}}