{"id":24119,"date":"2024-02-20T16:53:14","date_gmt":"2024-02-20T13:53:14","guid":{"rendered":"https:\/\/prelive2.pomello.ee\/toode\/nikk-mole-scrub-mask-with-avocado-oil\/"},"modified":"2024-04-02T20:18:40","modified_gmt":"2024-04-02T17:18:40","slug":"nikk-mole-scrub-mask-with-avocado-oil","status":"publish","type":"product","link":"https:\/\/prelive2.pomello.ee\/fi\/toode\/nikk-mole-scrub-mask-with-avocado-oil\/","title":{"rendered":"Nikk Mole Scrub &amp; mask with Avocado oil"},"content":{"rendered":"<p><strong>Nikk Mole Peeling Mask avokado\u00f6ljyn vasta-aiheet:<\/strong> mahdollinen yksil\u00f6llinen herkkyys komponenteille. V\u00e4lt\u00e4 katsekontaktia. Vain ulkoiseen k\u00e4ytt\u00f6\u00f6n.<\/p>\n<p>&nbsp;<\/p>\n<p>K\u00e4ytt\u00f6: Levit\u00e4 pieni m\u00e4\u00e4r\u00e4 tuotetta aiemmin puhdistetulle iholle. Hiero sormenp\u00e4ill\u00e4 tai vanulapulla py\u00f6rivin liikkein. Anna vaikuttaa 1-3 minuuttia (voit halutessasi peitt\u00e4\u00e4 muovikelmulla). Puhdista j\u00e4ljell\u00e4 oleva tuote kokonaan kostealla vedell\u00e4 kostutetulla vanulapulla.<\/p>\n<p>&nbsp;<\/p>\n<p>S\u00e4ilytysolosuhteet: S\u00e4ilyt\u00e4 lasten ulottumattomissa, +5 &#8211; +25 asteen l\u00e4mp\u00f6tilassa. V\u00e4lt\u00e4 altistumista suoralle auringonvalolle.<\/p>\n","protected":false},"excerpt":{"rendered":"<p>Nikk Mole Scrub &amp; mask with Avocado oil on kaksi yhdess\u00e4 kuoriva naamio, joka auttaa kuorimaan hell\u00e4sti ihon kerroksia, poistamaan kuolleita soluja ja kosteuttamaan ihoa ja hiuksia samanaikaisesti. T\u00e4m\u00e4n seurauksena kulmakarvojen iho on t\u00e4ydellisesti valmis v\u00e4rj\u00e4ysmenettely\u00e4 varten, mik\u00e4 varmistaa tasaisen ja pysyv\u00e4n vaikutuksen.<\/p>\n<p>&nbsp;<\/p>\n<p>Tuotteen herkk\u00e4 rakenne ja kevyt, miellytt\u00e4v\u00e4 aromi poistaa tehokkaasti meikin ja puhdistaa hell\u00e4varaisesti ihoa vahingoittamatta sit\u00e4. T\u00e4m\u00e4 apuv\u00e4line auttaa luomaan laadukkaan puhdistusvaiheen ennen toimenpidett\u00e4.<\/p>\n","protected":false},"featured_media":23617,"comment_status":"open","ping_status":"closed","template":"","meta":{"_monsterinsights_skip_tracking":false,"_monsterinsights_sitenote_active":false,"_monsterinsights_sitenote_note":"","_monsterinsights_sitenote_category":0},"product_cat":[915,476,918],"product_tag":[],"class_list":{"0":"post-24119","1":"product","2":"type-product","3":"status-publish","4":"has-post-thumbnail","6":"product_cat-esi-ja-jalkihoito","7":"product_cat-kulmakarvat","8":"product_cat-kuorijat","9":"pa_brand-nikk-mole-fi","10":"pa_suurus-40-g-fi","12":"first","13":"instock","14":"taxable","15":"shipping-taxable","16":"purchasable","17":"product-type-simple"},"_links":{"self":[{"href":"https:\/\/prelive2.pomello.ee\/fi\/wp-json\/wp\/v2\/product\/24119","targetHints":{"allow":["GET"]}}],"collection":[{"href":"https:\/\/prelive2.pomello.ee\/fi\/wp-json\/wp\/v2\/product"}],"about":[{"href":"https:\/\/prelive2.pomello.ee\/fi\/wp-json\/wp\/v2\/types\/product"}],"replies":[{"embeddable":true,"href":"https:\/\/prelive2.pomello.ee\/fi\/wp-json\/wp\/v2\/comments?post=24119"}],"version-history":[{"count":1,"href":"https:\/\/prelive2.pomello.ee\/fi\/wp-json\/wp\/v2\/product\/24119\/revisions"}],"predecessor-version":[{"id":25350,"href":"https:\/\/prelive2.pomello.ee\/fi\/wp-json\/wp\/v2\/product\/24119\/revisions\/25350"}],"wp:featuredmedia":[{"embeddable":true,"href":"https:\/\/prelive2.pomello.ee\/fi\/wp-json\/wp\/v2\/media\/23617"}],"wp:attachment":[{"href":"https:\/\/prelive2.pomello.ee\/fi\/wp-json\/wp\/v2\/media?parent=24119"}],"wp:term":[{"taxonomy":"product_cat","embeddable":true,"href":"https:\/\/prelive2.pomello.ee\/fi\/wp-json\/wp\/v2\/product_cat?post=24119"},{"taxonomy":"product_tag","embeddable":true,"href":"https:\/\/prelive2.pomello.ee\/fi\/wp-json\/wp\/v2\/product_tag?post=24119"}],"curies":[{"name":"wp","href":"https:\/\/api.w.org\/{rel}","templated":true}]}}