{"id":24108,"date":"2024-02-20T17:02:11","date_gmt":"2024-02-20T14:02:11","guid":{"rendered":"https:\/\/prelive2.pomello.ee\/toode\/styling-gel-wax-kulmavaha-fluffy-brows\/"},"modified":"2024-04-02T13:53:31","modified_gmt":"2024-04-02T10:53:31","slug":"styling-gel-wax-kulmavaha-fluffy-brows","status":"publish","type":"product","link":"https:\/\/prelive2.pomello.ee\/fi\/toode\/styling-gel-wax-kulmavaha-fluffy-brows\/","title":{"rendered":"Styling gel wax kulmavaha Fluffy Brows"},"content":{"rendered":"<p><strong>Muotoilugeelivaha Fluffy Brows kulmakarvoille -ohjeet:<\/strong><\/p>\n<p>&nbsp;<\/p>\n<p>Tuotetta levitet\u00e4\u00e4n esipuhdistetulle kulmakarvojen alueelle. Kampaa ensin kulmakarvat haluttuun suuntaan kulmakarvojen kampalla. Ota sitten tarvittava m\u00e4\u00e4r\u00e4 tuotetta ja levit\u00e4 sit\u00e4 kulmakarvoille, liikuttamalla yl\u00f6sp\u00e4in ja kiinnitt\u00e4en karvat haluttuun asentoon. Optimaalisen ulkon\u00e4\u00f6n ja suorituskyvyn s\u00e4ilytt\u00e4miseksi tuotteen kannen tulee aina olla tiiviisti suljettuna, kun sit\u00e4 ei k\u00e4ytet\u00e4.<\/p>\n<p>&nbsp;<\/p>\n<p>Mahdollinen yksil\u00f6llinen herkkyys ainesosille!<\/p>\n<p>&nbsp;<\/p>\n<p>Koko: 15 gr<\/p>\n","protected":false},"excerpt":{"rendered":"<p>Muotoilugeelivaha kulmakarvoille &#8221;Fluffy Brows&#8221; Lovely Brows -br\u00e4ndilt\u00e4.<\/p>\n<p>&nbsp;<\/p>\n<p>Ainutlaatuinen geelivaha kulmakarvojen mallintamiseen kohottaa, kesytt\u00e4\u00e4 ja pit\u00e4\u00e4 jokaisen karvan paikoillaan luoden t\u00e4ydellisesti kiinte\u00e4n kolmiulotteisen kulmakarvojen muodon.<\/p>\n<p>&nbsp;<\/p>\n<p>Universaalikoostumus ei j\u00e4t\u00e4 j\u00e4lki\u00e4 ja varmistaa pitk\u00e4kestoisen, eritt\u00e4in vakaan kiinnityksen, joka korostaa kulmakarvoja ja tekee niist\u00e4 ilmeikk\u00e4\u00e4t koko p\u00e4iv\u00e4n ajan.<\/p>\n<p>&nbsp;<\/p>\n<p>Useat luonnolliset ainesosat varmistavat luotettavan kiinnityksen ja vaikuttavat tehokkaasti my\u00f6s karvojen ja kulmakarvojen alueelle. Geelivahan jatkuva k\u00e4ytt\u00f6 ei ainoastaan \u200b\u200bparanna visuaalista havaintoa, vaan my\u00f6s kosteuttaa ihoa pit\u00e4en t\u00e4ydellisesti kosteuden ja luoden n\u00e4kym\u00e4tt\u00f6m\u00e4n esteen, joka est\u00e4\u00e4 haitallisten ymp\u00e4rist\u00f6tekij\u00f6iden vaikutuksia.<\/p>\n<p>&nbsp;<\/p>\n<p>Poikkeuksellinen l\u00e4pin\u00e4kyv\u00e4 geeli-vahakoostumus sopii kaikille ihon s\u00e4vyille ja kulmakarvojen v\u00e4reille, joten unohdat lis\u00e4tuotteet p\u00e4ivitt\u00e4iseen meikkiin.<\/p>\n<p>&nbsp;<\/p>\n<p>Geelivaha ei aiheuta kireyden tunnetta ja on eritt\u00e4in mukava k\u00e4ytt\u00e4\u00e4 huolella valittujen luonnollisten ainesosien ansiosta.<\/p>\n<p>&nbsp;<\/p>\n<p>Tuotteen koostumus on kehitetty varmistamaan pitk\u00e4kestoinen kiinnitys ja geelivahan helppo kiinnittyminen hiuksiin ja ihoon, mik\u00e4 auttaa kesytt\u00e4m\u00e4\u00e4n itsep\u00e4iset ja kurittomat kulmakarvat.<\/p>\n","protected":false},"featured_media":23627,"comment_status":"open","ping_status":"closed","template":"","meta":{"_monsterinsights_skip_tracking":false,"_monsterinsights_sitenote_active":false,"_monsterinsights_sitenote_note":"","_monsterinsights_sitenote_category":0},"product_cat":[476,919],"product_tag":[],"class_list":{"0":"post-24108","1":"product","2":"type-product","3":"status-publish","4":"has-post-thumbnail","6":"product_cat-kulmakarvat","7":"product_cat-kulmakarvojen-geelit-vahat","8":"pa_brand-lovely-brows-fi","10":"first","11":"instock","12":"taxable","13":"shipping-taxable","14":"purchasable","15":"product-type-simple"},"_links":{"self":[{"href":"https:\/\/prelive2.pomello.ee\/fi\/wp-json\/wp\/v2\/product\/24108","targetHints":{"allow":["GET"]}}],"collection":[{"href":"https:\/\/prelive2.pomello.ee\/fi\/wp-json\/wp\/v2\/product"}],"about":[{"href":"https:\/\/prelive2.pomello.ee\/fi\/wp-json\/wp\/v2\/types\/product"}],"replies":[{"embeddable":true,"href":"https:\/\/prelive2.pomello.ee\/fi\/wp-json\/wp\/v2\/comments?post=24108"}],"version-history":[{"count":1,"href":"https:\/\/prelive2.pomello.ee\/fi\/wp-json\/wp\/v2\/product\/24108\/revisions"}],"predecessor-version":[{"id":25300,"href":"https:\/\/prelive2.pomello.ee\/fi\/wp-json\/wp\/v2\/product\/24108\/revisions\/25300"}],"wp:featuredmedia":[{"embeddable":true,"href":"https:\/\/prelive2.pomello.ee\/fi\/wp-json\/wp\/v2\/media\/23627"}],"wp:attachment":[{"href":"https:\/\/prelive2.pomello.ee\/fi\/wp-json\/wp\/v2\/media?parent=24108"}],"wp:term":[{"taxonomy":"product_cat","embeddable":true,"href":"https:\/\/prelive2.pomello.ee\/fi\/wp-json\/wp\/v2\/product_cat?post=24108"},{"taxonomy":"product_tag","embeddable":true,"href":"https:\/\/prelive2.pomello.ee\/fi\/wp-json\/wp\/v2\/product_tag?post=24108"}],"curies":[{"name":"wp","href":"https:\/\/api.w.org\/{rel}","templated":true}]}}