{"id":24106,"date":"2024-02-20T17:27:38","date_gmt":"2024-02-20T14:27:38","guid":{"rendered":"https:\/\/prelive2.pomello.ee\/toode\/zola-brow-wax-kulmavaha-30g\/"},"modified":"2024-04-02T13:50:50","modified_gmt":"2024-04-02T10:50:50","slug":"zola-brow-wax-kulmavaha-30g","status":"publish","type":"product","link":"https:\/\/prelive2.pomello.ee\/fi\/toode\/zola-brow-wax-kulmavaha-30g\/","title":{"rendered":"ZOLA Brow Wax kulmavaha 30g"},"content":{"rendered":"","protected":false},"excerpt":{"rendered":"<p>ZOLA Brow Wax on kulmavaha, jonka koostumus on uudistunut. Vaha on suunniteltu niille, jotka haluavat saavuttaa t\u00e4ydelliset kulmakarvat. ZOLAn korkealaatuinen kulmavaha auttaa kiinnitt\u00e4m\u00e4\u00e4n ja muotoilemaan karvoja kaikkiin suuntiin j\u00e4tt\u00e4m\u00e4tt\u00e4 j\u00e4\u00e4mi\u00e4.<\/p>\n<p>&nbsp;<\/p>\n<p>Uudistettu koostumus on k\u00e4ytt\u00f6valmis, jota ei tarvitse sekoittaa veteen, mik\u00e4 s\u00e4\u00e4st\u00e4\u00e4 aikaa ja on helppok\u00e4ytt\u00f6inen my\u00f6s aloittelijoille.<\/p>\n<p>&nbsp;<\/p>\n<p>Saavuta virheett\u00f6m\u00e4t kulmakarvat Zola Brow Wax kulmavaha!<\/p>\n","protected":false},"featured_media":23637,"comment_status":"open","ping_status":"closed","template":"","meta":{"_monsterinsights_skip_tracking":false,"_monsterinsights_sitenote_active":false,"_monsterinsights_sitenote_note":"","_monsterinsights_sitenote_category":0},"product_cat":[476,919],"product_tag":[],"class_list":{"0":"post-24106","1":"product","2":"type-product","3":"status-publish","4":"has-post-thumbnail","6":"product_cat-kulmakarvat","7":"product_cat-kulmakarvojen-geelit-vahat","8":"pa_brand-zola-fi","10":"first","11":"instock","12":"taxable","13":"shipping-taxable","14":"purchasable","15":"product-type-simple"},"_links":{"self":[{"href":"https:\/\/prelive2.pomello.ee\/fi\/wp-json\/wp\/v2\/product\/24106","targetHints":{"allow":["GET"]}}],"collection":[{"href":"https:\/\/prelive2.pomello.ee\/fi\/wp-json\/wp\/v2\/product"}],"about":[{"href":"https:\/\/prelive2.pomello.ee\/fi\/wp-json\/wp\/v2\/types\/product"}],"replies":[{"embeddable":true,"href":"https:\/\/prelive2.pomello.ee\/fi\/wp-json\/wp\/v2\/comments?post=24106"}],"version-history":[{"count":1,"href":"https:\/\/prelive2.pomello.ee\/fi\/wp-json\/wp\/v2\/product\/24106\/revisions"}],"predecessor-version":[{"id":25299,"href":"https:\/\/prelive2.pomello.ee\/fi\/wp-json\/wp\/v2\/product\/24106\/revisions\/25299"}],"wp:featuredmedia":[{"embeddable":true,"href":"https:\/\/prelive2.pomello.ee\/fi\/wp-json\/wp\/v2\/media\/23637"}],"wp:attachment":[{"href":"https:\/\/prelive2.pomello.ee\/fi\/wp-json\/wp\/v2\/media?parent=24106"}],"wp:term":[{"taxonomy":"product_cat","embeddable":true,"href":"https:\/\/prelive2.pomello.ee\/fi\/wp-json\/wp\/v2\/product_cat?post=24106"},{"taxonomy":"product_tag","embeddable":true,"href":"https:\/\/prelive2.pomello.ee\/fi\/wp-json\/wp\/v2\/product_tag?post=24106"}],"curies":[{"name":"wp","href":"https:\/\/api.w.org\/{rel}","templated":true}]}}