{"id":24104,"date":"2024-02-22T12:41:03","date_gmt":"2024-02-22T09:41:03","guid":{"rendered":"https:\/\/prelive2.pomello.ee\/toode\/elan-brow-glaze-kulmavaha\/"},"modified":"2024-04-02T14:46:59","modified_gmt":"2024-04-02T11:46:59","slug":"elan-brow-glaze-kulmavaha","status":"publish","type":"product","link":"https:\/\/prelive2.pomello.ee\/fi\/toode\/elan-brow-glaze-kulmavaha\/","title":{"rendered":"ELAN Brow Glaze kulmavaha"},"content":{"rendered":"<p><strong>ELAN BROW GLAZE ominaisuudet:<\/strong><\/p>\n<p>&nbsp;<\/p>\n<p>ELAYA RENOVA\u2122 kantasolukomponentti ja PRODEW\u00ae 500 aminohappokompleksi kosteuttavat hiuksia, palauttavat sen proteiinirakenteen ja yll\u00e4pit\u00e4v\u00e4t vesi-lipiditasapainoa.<\/p>\n<p>&nbsp;<\/p>\n<p><strong>Kuinka k\u00e4ytt\u00e4\u00e4:<\/strong><\/p>\n<p>Levit\u00e4 pieni m\u00e4\u00e4r\u00e4 vahaa kulmakarvoihin. Muotoile karvat haluttuun suuntaan kampaamalla niit\u00e4 kulmakarvakamalla.<\/p>\n<p>&nbsp;<\/p>\n<p>S\u00e4ilyvyys: 24 kuukautta.<\/p>\n<p>&nbsp;<\/p>\n<p>Avaamisen j\u00e4lkeinen aika (PAO): 3 kuukautta.<\/p>\n<p>&nbsp;<\/p>\n<p><strong>Katso <a href=\"https:\/\/www.instagram.com\/p\/C1ZolNlN1Lb\/\" target=\"_blank\" rel=\"noopener\">t\u00e4st\u00e4<\/a> kuinka k\u00e4ytt\u00e4\u00e4<\/strong><\/p>\n<p>&nbsp;<\/p>\n","protected":false},"excerpt":{"rendered":"<p>ELAN BROW GLAZE kulmavaha on uusi paras yst\u00e4v\u00e4si kulmakarvojen muotoilussa ja hoidossa!<\/p>\n<p>&nbsp;<\/p>\n<p>T\u00e4ss\u00e4 l\u00e4pin\u00e4kyv\u00e4ss\u00e4 kulmakarvavahassa yhdistyv\u00e4t kaksi t\u00e4rke\u00e4\u00e4 toimintoa: se kiinnitt\u00e4\u00e4 kulmakarvat haluttuun suuntaan ja tarjoaa samalla vahvan pidon sek\u00e4 kosteuttaa ja suojaa karvoja UV-s\u00e4teilt\u00e4.<\/p>\n<p>&nbsp;<\/p>\n<p>Valmistettu: Turkissa<\/p>\n<p>&nbsp;<\/p>\n<p>Koko: 8 g<\/p>\n","protected":false},"featured_media":23752,"comment_status":"open","ping_status":"closed","template":"","meta":{"_monsterinsights_skip_tracking":false,"_monsterinsights_sitenote_active":false,"_monsterinsights_sitenote_note":"","_monsterinsights_sitenote_category":0},"product_cat":[476,919],"product_tag":[],"class_list":{"0":"post-24104","1":"product","2":"type-product","3":"status-publish","4":"has-post-thumbnail","6":"product_cat-kulmakarvat","7":"product_cat-kulmakarvojen-geelit-vahat","8":"pa_brand-elan-fi","10":"first","11":"instock","12":"taxable","13":"shipping-taxable","14":"purchasable","15":"product-type-simple"},"_links":{"self":[{"href":"https:\/\/prelive2.pomello.ee\/fi\/wp-json\/wp\/v2\/product\/24104","targetHints":{"allow":["GET"]}}],"collection":[{"href":"https:\/\/prelive2.pomello.ee\/fi\/wp-json\/wp\/v2\/product"}],"about":[{"href":"https:\/\/prelive2.pomello.ee\/fi\/wp-json\/wp\/v2\/types\/product"}],"replies":[{"embeddable":true,"href":"https:\/\/prelive2.pomello.ee\/fi\/wp-json\/wp\/v2\/comments?post=24104"}],"version-history":[{"count":1,"href":"https:\/\/prelive2.pomello.ee\/fi\/wp-json\/wp\/v2\/product\/24104\/revisions"}],"predecessor-version":[{"id":25325,"href":"https:\/\/prelive2.pomello.ee\/fi\/wp-json\/wp\/v2\/product\/24104\/revisions\/25325"}],"wp:featuredmedia":[{"embeddable":true,"href":"https:\/\/prelive2.pomello.ee\/fi\/wp-json\/wp\/v2\/media\/23752"}],"wp:attachment":[{"href":"https:\/\/prelive2.pomello.ee\/fi\/wp-json\/wp\/v2\/media?parent=24104"}],"wp:term":[{"taxonomy":"product_cat","embeddable":true,"href":"https:\/\/prelive2.pomello.ee\/fi\/wp-json\/wp\/v2\/product_cat?post=24104"},{"taxonomy":"product_tag","embeddable":true,"href":"https:\/\/prelive2.pomello.ee\/fi\/wp-json\/wp\/v2\/product_tag?post=24104"}],"curies":[{"name":"wp","href":"https:\/\/api.w.org\/{rel}","templated":true}]}}