{"id":24102,"date":"2024-02-28T16:48:22","date_gmt":"2024-02-28T13:48:22","guid":{"rendered":"https:\/\/prelive2.pomello.ee\/toode\/katya-vinog-silicone-purpel-silikonimuotit\/"},"modified":"2024-04-06T08:42:41","modified_gmt":"2024-04-06T05:42:41","slug":"katya-vinog-silicone-purpel-silikonimuotit","status":"publish","type":"product","link":"https:\/\/prelive2.pomello.ee\/fi\/toode\/katya-vinog-silicone-purpel-silikonimuotit\/","title":{"rendered":"KATYA VINOG Silicone Purpel silikonimuotit"},"content":{"rendered":"<p><strong>Saatavilla 6 kokoa:<\/strong><\/p>\n<p>&nbsp;<\/p>\n<p>1,5 (eritt\u00e4in lyhyet ripset 3-5 mm pitk\u00e4t) <strong>UUTTA!<\/strong><\/p>\n<p>2 (lyhyet ripset, joiden pituus on 6 mm)<\/p>\n<p>2,5 (ei kovin lyhyet ripset, joiden pituus on 7 mm)<\/p>\n<p>3 (keskiripset, joiden pituus on 8 mm)<\/p>\n<p>3,5 (hieman keskim\u00e4\u00e4r\u00e4ist\u00e4 suuremmat ripset, joiden pituus on 9-11 mm)<\/p>\n<p>4 (pitk\u00e4t ripset, joiden pituus on 10-12 mm)<\/p>\n<p>&nbsp;<\/p>\n<p><strong>K\u00e4ytt\u00f6ohje<\/strong>: Puhdista heti jokaisen k\u00e4ytt\u00f6kerran j\u00e4lkeen l\u00e4mpim\u00e4ll\u00e4 vedell\u00e4 ja saippualla ja desinfioi sitten alkoholilla. Huuhtele vedell\u00e4.<\/p>\n<p>&nbsp;<\/p>\n<p>Katso <strong><a href=\"https:\/\/www.instagram.com\/reel\/CzCcCRSx9x4\/?igshid=MzRlODBiNWFlZA%3D%3D\" target=\"_blank\" rel=\"noopener\">video<\/a><\/strong>, jossa LashMother Uli puhuu anatomisista silikonityynyist\u00e4.<\/p>\n","protected":false},"excerpt":{"rendered":"<p><strong>UUSI! Katya Vinog Lavender Purple -kokoelma silikonimuotit, keskivahva.<\/strong><\/p>\n<p>&nbsp;<\/p>\n<p>Katya Vinog Silicone Purple silikonimuotit laventelin violetin v\u00e4risen\u00e4.<\/p>\n<p>&nbsp;<\/p>\n<ul>\n<li>Uusi ja paranneltu muoto<\/li>\n<li>6 uutta erikokoista silikonityyny\u00e4<\/li>\n<li>Uusi rakenne ja viimeistely<\/li>\n<li>Korkea litte\u00e4 hybridimuoto<\/li>\n<\/ul>\n<p>&nbsp;<\/p>\n<p>Katya Vinogin Purple Silikonimuotit on suunniteltu luomaan t\u00e4ydellinen joustavuus, joka tuottaa pitk\u00e4kestoisia, lumoavan n\u00e4k\u00f6isi\u00e4 tuloksia. Silikonimuotit ovat kest\u00e4vi\u00e4, hypoallergeenisia ja helppok\u00e4ytt\u00f6isi\u00e4, joten ne ovat t\u00e4ydellinen valinta kauniiseen ja turvalliseen ripsien kohotukseen.<\/p>\n<p>&nbsp;<\/p>\n<p>Silikonimuotit on korkea litte\u00e4 hybridimuoto, ja niit\u00e4 on saatavana 6 eri koossa vastaamaan paremmin asiakkaidesi tarpeita. Katya Vinog Lash Lamination Shields on suunniteltu k\u00e4ytett\u00e4v\u00e4ksi siten, ett\u00e4 luonnolliset ripset peitt\u00e4v\u00e4t silikonityynyn rungon kokonaan (tai ovat 1 mm sen alapuolella).<\/p>\n<p>&nbsp;<\/p>\n<p>Anatomisesti muotoillut ja keskivahvat silikonit, jotka auttavat sinua saavuttamaan t\u00e4ydellisen ripsien sijoituksen, todella halaavat silm\u00e4luomen ja luovat upean ripsien kohotustuloksen.<\/p>\n<p>&nbsp;<\/p>\n<p>Katja Vinoge Purple Silikonimuotit sopivat kaikille silm\u00e4muodoille ja ripsille.<\/p>\n","protected":false},"featured_media":23997,"comment_status":"open","ping_status":"closed","template":"","meta":{"_monsterinsights_skip_tracking":false,"_monsterinsights_sitenote_active":false,"_monsterinsights_sitenote_note":"","_monsterinsights_sitenote_category":0},"product_cat":[516,521,475],"product_tag":[],"class_list":{"0":"post-24102","1":"product","2":"type-product","3":"status-publish","4":"has-post-thumbnail","6":"product_cat-lash-lift-fi","7":"product_cat-silikonityynyt","8":"product_cat-ripset","9":"pa_brand-katya-vinog-fi","10":"pa_suurus-15-fi","11":"pa_suurus-2-fi","12":"pa_suurus-25-fi","13":"pa_suurus-3-fi","14":"pa_suurus-35-fi","15":"pa_suurus-4-fi","17":"first","18":"instock","19":"taxable","20":"shipping-taxable","21":"purchasable","22":"product-type-variable"},"_links":{"self":[{"href":"https:\/\/prelive2.pomello.ee\/fi\/wp-json\/wp\/v2\/product\/24102","targetHints":{"allow":["GET"]}}],"collection":[{"href":"https:\/\/prelive2.pomello.ee\/fi\/wp-json\/wp\/v2\/product"}],"about":[{"href":"https:\/\/prelive2.pomello.ee\/fi\/wp-json\/wp\/v2\/types\/product"}],"replies":[{"embeddable":true,"href":"https:\/\/prelive2.pomello.ee\/fi\/wp-json\/wp\/v2\/comments?post=24102"}],"version-history":[{"count":1,"href":"https:\/\/prelive2.pomello.ee\/fi\/wp-json\/wp\/v2\/product\/24102\/revisions"}],"predecessor-version":[{"id":25326,"href":"https:\/\/prelive2.pomello.ee\/fi\/wp-json\/wp\/v2\/product\/24102\/revisions\/25326"}],"wp:featuredmedia":[{"embeddable":true,"href":"https:\/\/prelive2.pomello.ee\/fi\/wp-json\/wp\/v2\/media\/23997"}],"wp:attachment":[{"href":"https:\/\/prelive2.pomello.ee\/fi\/wp-json\/wp\/v2\/media?parent=24102"}],"wp:term":[{"taxonomy":"product_cat","embeddable":true,"href":"https:\/\/prelive2.pomello.ee\/fi\/wp-json\/wp\/v2\/product_cat?post=24102"},{"taxonomy":"product_tag","embeddable":true,"href":"https:\/\/prelive2.pomello.ee\/fi\/wp-json\/wp\/v2\/product_tag?post=24102"}],"curies":[{"name":"wp","href":"https:\/\/api.w.org\/{rel}","templated":true}]}}