{"id":24100,"date":"2024-02-29T00:00:36","date_gmt":"2024-02-28T21:00:36","guid":{"rendered":"https:\/\/prelive2.pomello.ee\/toode\/loca-professional-kulmavari\/"},"modified":"2024-02-29T00:00:36","modified_gmt":"2024-02-28T21:00:36","slug":"loca-professional-kulmavari","status":"publish","type":"product","link":"https:\/\/prelive2.pomello.ee\/fi\/toode\/loca-professional-kulmavari\/","title":{"rendered":"Loca Professional kulmav\u00e4ri"},"content":{"rendered":"<p>Loca Professional kulmakarvav\u00e4rien v\u00e4ripaletti koostuu 4 v\u00e4rist\u00e4. Ne muodostavat 9 peruss\u00e4vy\u00e4, joista jokaisessa on 12 s\u00e4vy\u00e4. Yli 40 yhdistelm\u00e4\u00e4 saavutetaan eri \u00e4\u00e4nitasoilla. Lis\u00e4\u00e4 siihen kermav\u00e4rimaalia tai hennapigmenttej\u00e4 ja saat yli 500 v\u00e4rivaihtoehtoa &#8211; aivan kuin taiteilijan paletti\ud83d\udc69\ud83c\udffb\u200d\ud83c\udfa8\ud83c\udfa8   <\/p>\n<p>&nbsp;<\/p>\n<p>v\u00e4rien sekoitus: v\u00e4rej\u00e4 voidaan sekoittaa suhteissa: 1:3, 1:1, 3:1 saadaksesi kolme l\u00e4mp\u00f6tilavaihtoehtoa: kylm\u00e4, neutraali, l\u00e4mmin. \u2800 Locan edut: \ud83d\udd38 voidaan laimentaa eri tavoin (vesi, oksidi, mineraaliliuos, emulsio jne.), \ud83d\udd38s\u00e4\u00e4t\u00e4\u00e4 UGT:n tasoa liuoksessa olevan nesteen m\u00e4\u00e4r\u00e4ll\u00e4, \ud83d\udd38Voidaan lis\u00e4t\u00e4 muihin hapettavia v\u00e4riaineita ja hennaa<\/p>\n<p>&nbsp;<\/p>\n<p>Luovista mahdollisuuksistasi tulee rajattomat. Coloristit valitaan yksil\u00f6llisesti vastaamaan henkil\u00f6n v\u00e4rityyppi\u00e4 ainutlaatuisella tarkkuudella. \u2800 \u261d\ud83c\udffbJa mit\u00e4 v\u00e4rej\u00e4 Loca-sarjassa on ja mitk\u00e4 ovat niiden ominaisuudet: \u2800 \ud83e\udd29SULALA Siin\u00e4 on puhtaan punertava s\u00e4vy. Sopii t\u00e4ydellisesti luonnonmustan kanssa luoden neutraaleja ruskean s\u00e4vyj\u00e4 l\u00e4mpimist\u00e4 viileisiin. \u2800 \u26ab\ufe0fLUONNOLLINEN MUSTA Siin\u00e4 on vihre\u00e4 pohjav\u00e4ri. Se sopii hyvin punaisen v\u00e4rin ja sen s\u00e4vyjen neutraloimiseen. \u2800 \ud83d\udd39\u26ab\ufe0fBLUE-BLACK Klassinen syv\u00e4 s\u00e4vy. Soveltuu paitsi kulmakarvojen, my\u00f6s ripsien v\u00e4rj\u00e4\u00e4miseen. \u2800 \ud83d\udd34BORDO Puhtaassa muodossaan se on kylm\u00e4n punainen. Se neutraloi hyvin keltaisuutta kolmannen osapuolen v\u00e4riaineissa. Yhdistettyn\u00e4 luonnonmustan kanssa se antaa vaaleanpunaisen helmi\u00e4isen s\u00e4vyn. \u2800 Loca ei muuta v\u00e4ri\u00e4\u00e4n ajan my\u00f6t\u00e4. Se yksinkertaisesti huuhtoutuu pois v\u00e4hitellen vedell\u00e4 j\u00e4tt\u00e4m\u00e4tt\u00e4 sinisi\u00e4 tai vihreit\u00e4 pisteit\u00e4 kulmakarvoihin. \u2800 Loca &#8211; uusi taso estetiikassa ja korkeampi ammattitaito.<\/p>\n<p>&nbsp;<\/p>\n<p><strong>MITEN LOCA TOIMII VEDEN JA VEDEN KANSSA?<\/strong><br \/>\n\u2800 Harkitse kahta ratkaisuvaihtoehtoa: \u2043 vedell\u00e4 \u2043 kolmannen osapuolen oksidilla (mik\u00e4 tahansa merkki sopii)<\/p>\n<p>&nbsp;<\/p>\n<p>\ud83d\udca7 Veden k\u00e4ytt\u00f6: LOCA on water on neutraali s\u00e4vy, puhtaat v\u00e4rit.<\/p>\n<p>&nbsp;<\/p>\n<p>Suklaa n\u00e4ytt\u00e4\u00e4 l\u00e4mpim\u00e4n ruskealta, melkein punaiselta Luonnonmusta voi olla tummanvaaleaa tai vaaleaa grafiittia riippuen vesim\u00e4\u00e4r\u00e4st\u00e4. Bordeaux ja sini-musta &#8211; korjaimet: violetti ja sininen. \u2800 Vesi toimii katalyyttin\u00e4 ja aktivoi koostumuksen alkuaineita, jotka liukenevat siihen hyvin, samalla kun syntyy alkalinen ymp\u00e4rist\u00f6 ja hapetusreaktio alkaa.<\/p>\n<p>&nbsp;<\/p>\n<p>Vedess\u00e4, toisin kuin oksidissa, on vain yksi happimolekyyli, joten hapettumisnopeus on pienempi. Hiusten v\u00e4rj\u00e4ys kest\u00e4\u00e4 7-8 minuuttia, jonka j\u00e4lkeen reaktio pys\u00e4htyy. Valotusaika ei ylit\u00e4 10 minuuttia, mutta toimenpiteen kestoa voidaan pident\u00e4\u00e4 20 minuuttiin, jos on tarpeen kiinnitt\u00e4\u00e4 j\u00e4lki ihoon. \u2800 \u2800 Vedyn k\u00e4ytt\u00f6 tulee pit\u00e4\u00e4 mieless\u00e4: \u2800 \ud83d\udd3aV\u00e4rityksen suunta voi muuttua riippuen oksidissa olevien puskuriaineiden m\u00e4\u00e4r\u00e4st\u00e4 ja tyypeist\u00e4. Esimerkiksi Thuya maalaa l\u00e4mpim\u00e4mpi\u00e4 s\u00e4vyj\u00e4, kun taas Refectoc kylmempi\u00e4. Vety ei saa sis\u00e4lt\u00e4\u00e4 \u00f6ljypohjaista komponenttia miss\u00e4\u00e4n vaiheessa. \u2800 \ud83d\udd3aTy\u00f6nopeus on korkea ja turkki voi tummua hyvinkin, eli ihon s\u00e4vytaso ja v\u00e4risuunta on l\u00e4mpim\u00e4mpi ja vaaleampi kuin itse karvat. \u2800 \u2757\ufe0fEnnen kuin sekoitat eri merkkien tuotteita, sinun on tiedett\u00e4v\u00e4 kunkin ominaisuudet, jotta ymm\u00e4rr\u00e4t, mit\u00e4 saat loppujen lopuksi. \u2800  <\/p>\n","protected":false},"excerpt":{"rendered":"<p>Loca Professional on kolmannen sukupolven kulmakarvojen v\u00e4rj\u00e4ys!<\/p>\n<p>&nbsp;<\/p>\n<p>Uusi kulmakarvojen v\u00e4riaine toimii sek\u00e4 3 % vedyll\u00e4 ett\u00e4 tislattuun veteen sekoitettuna.<\/p>\n<p>&nbsp;<\/p>\n<p>Loca-v\u00e4rej\u00e4 voidaan k\u00e4ytt\u00e4\u00e4 my\u00f6s kulmakarvojen laminoinnin j\u00e4lkeen. \u2800<\/p>\n<p>&nbsp;<\/p>\n<p>\ud83e\udd29SULAA Sill\u00e4 on puhtaan punertava s\u00e4vy. Sopii t\u00e4ydellisesti luonnonmustan kanssa luoden neutraaleja ruskean s\u00e4vyj\u00e4 l\u00e4mpimist\u00e4 viileisiin. \u2800 \u26ab\ufe0fLUONNOLLINEN MUSTA Siin\u00e4 on vihre\u00e4 pohjav\u00e4ri. Se sopii hyvin punaisen v\u00e4rin ja sen s\u00e4vyjen neutraloimiseen. \u2800 \ud83d\udd39\u26ab\ufe0fBLUE-BLACK Klassinen syv\u00e4 s\u00e4vy. Soveltuu paitsi kulmakarvojen, my\u00f6s ripsien v\u00e4rj\u00e4\u00e4miseen. \u2800 \ud83d\udd34BORDO Puhtaassa muodossaan se on kylm\u00e4n punainen. Se neutraloi hyvin keltaisuutta kolmannen osapuolen v\u00e4riaineissa. Yhdistettyn\u00e4 luonnonmustan kanssa se antaa vaaleanpunaisen helmi\u00e4isen s\u00e4vyn.<\/p>\n<p>&nbsp;<\/p>\n<p>M\u00e4\u00e4r\u00e4: 1g Yhdess\u00e4 purkissa on noin 10 ty\u00f6paikkaa.<\/p>\n<p>&nbsp;<\/p>\n<p>Voit tutustua br\u00e4ndiin <a href=\"https:\/\/www.instagram.com\/loca_prof\/\"><strong>t\u00e4\u00e4ll\u00e4<\/strong><\/a><\/p>\n","protected":false},"featured_media":24040,"comment_status":"open","ping_status":"closed","template":"","meta":{"_monsterinsights_skip_tracking":false,"_monsterinsights_sitenote_active":false,"_monsterinsights_sitenote_note":"","_monsterinsights_sitenote_category":0},"product_cat":[508,476,479],"product_tag":[],"class_list":{"0":"post-24100","1":"product","2":"type-product","3":"status-publish","4":"has-post-thumbnail","6":"product_cat-henna-fi","7":"product_cat-kulmakarvat","8":"product_cat-ripsien-ja-kulmakarvojen-varit-fi","9":"pa_varv-blue-black-fi","10":"pa_varv-bordeaux-fi","11":"pa_varv-brown-fi","12":"pa_varv-chocolate-fi","13":"pa_varv-natural-black-fi","15":"first","16":"instock","17":"sale","18":"taxable","19":"shipping-taxable","20":"purchasable","21":"product-type-variable"},"_links":{"self":[{"href":"https:\/\/prelive2.pomello.ee\/fi\/wp-json\/wp\/v2\/product\/24100","targetHints":{"allow":["GET"]}}],"collection":[{"href":"https:\/\/prelive2.pomello.ee\/fi\/wp-json\/wp\/v2\/product"}],"about":[{"href":"https:\/\/prelive2.pomello.ee\/fi\/wp-json\/wp\/v2\/types\/product"}],"replies":[{"embeddable":true,"href":"https:\/\/prelive2.pomello.ee\/fi\/wp-json\/wp\/v2\/comments?post=24100"}],"version-history":[{"count":0,"href":"https:\/\/prelive2.pomello.ee\/fi\/wp-json\/wp\/v2\/product\/24100\/revisions"}],"wp:featuredmedia":[{"embeddable":true,"href":"https:\/\/prelive2.pomello.ee\/fi\/wp-json\/wp\/v2\/media\/24040"}],"wp:attachment":[{"href":"https:\/\/prelive2.pomello.ee\/fi\/wp-json\/wp\/v2\/media?parent=24100"}],"wp:term":[{"taxonomy":"product_cat","embeddable":true,"href":"https:\/\/prelive2.pomello.ee\/fi\/wp-json\/wp\/v2\/product_cat?post=24100"},{"taxonomy":"product_tag","embeddable":true,"href":"https:\/\/prelive2.pomello.ee\/fi\/wp-json\/wp\/v2\/product_tag?post=24100"}],"curies":[{"name":"wp","href":"https:\/\/api.w.org\/{rel}","templated":true}]}}