{"id":24089,"date":"2024-01-10T14:08:26","date_gmt":"2024-01-10T11:08:26","guid":{"rendered":"https:\/\/prelive2.pomello.ee\/toode\/elan-lashplex-seerumi\/"},"modified":"2024-04-02T20:35:59","modified_gmt":"2024-04-02T17:35:59","slug":"elan-lashplex-seerumi","status":"publish","type":"product","link":"https:\/\/prelive2.pomello.ee\/fi\/toode\/elan-lashplex-seerumi\/","title":{"rendered":"ELAN LashPLEX seerumi"},"content":{"rendered":"<p>ELAN LashPlex -seerumi sis\u00e4lt\u00e4\u00e4 aktiivisia ainesosia, jotka ravitsevat ripsi\u00e4, palauttavat niiden rakenteen ja antavat niille terveen ulkon\u00e4\u00f6n.<\/p>\n<p>&nbsp;<\/p>\n<p><strong>AminoPLEX:<\/strong> Ripsien suojaaminen sis\u00e4lt\u00e4.<\/p>\n<p>Konsentraatti on rikastettu patentoidulla kompleksilla, joka on formuloitu <strong>8 aminohapon<\/strong> (seriini, glysiini, glutamiinihappo, alaniini, lysiini, arginiini, treoniini, proliini) yhdistelm\u00e4ksi betaiinin ja pyrrolidonikarboksyylihapposuolan kanssa. Se on tehokas ainesosapohjainen kosteuttava kompleksi. Se on eritt\u00e4in tehokas kosteuttava ainesosa, joka perustuu luonnollisiin kosteuttaviin ainesosiin (NMF).<\/p>\n<p>&nbsp;<\/p>\n<p>Aminohappojen pieni molekyylipaino edist\u00e4\u00e4 parempaa tunkeutumista hiusten rakenteeseen ja s\u00e4ilytt\u00e4\u00e4 kosteuden hiuksissa. T\u00e4m\u00e4n seurauksena ripset tulevat joustavammiksi ja hyvin hoidetuiksi.<\/p>\n<p>&nbsp;<\/p>\n<p><strong>KeraPLEX:<\/strong> Suojaa ripsien rajaa ulkopuolelta. Proteiiniin, keratiiniin ja pantenoliin perustuva kompleksi:<\/p>\n<p>se edist\u00e4\u00e4 turkin paksuuntumista;<\/p>\n<p>palauttaa ripsien sileyden ja kiillon;<\/p>\n<p>s\u00e4ilytt\u00e4\u00e4 ripsien kiharan muodon laminoinnin j\u00e4lkeen.<\/p>\n<p>&nbsp;<\/p>\n<p>S\u00e4\u00e4nn\u00f6llisen k\u00e4yt\u00f6n seurauksena ripset tulevat paksummiksi ja visuaalisesti pidemmiksi.<\/p>\n<p>&nbsp;<\/p>\n<p><strong>Kuinka k\u00e4ytt\u00e4\u00e4:<\/strong><\/p>\n<ol>\n<li>Levit\u00e4 muutama tippa konsentraattia pipetill\u00e4 (sis\u00e4ltyy pakkaukseen) ripsien kampaan tai silm\u00e4luomeen siirtyen sis\u00e4kulmasta ulkonurkkaan.<\/li>\n<li>Levit\u00e4 seerumia varovasti ripsiin ripsikamman avulla ja anna sen imeyty\u00e4 kokonaan.<\/li>\n<\/ol>\n<p>&nbsp;<\/p>\n<p>Ammattik\u00e4ytt\u00f6\u00f6n suositellaan LashPLEXi\u00e4 viimeisen\u00e4 tuotteena ripsien kohotustoimenpiteen j\u00e4lkeen.<\/p>\n<p>Tuotteita voidaan k\u00e4ytt\u00e4\u00e4 my\u00f6s p\u00e4ivitt\u00e4iseen kotihoitoon, seerumi vahvistaa ja palauttaa ripsi\u00e4.<\/p>\n<p>&nbsp;<\/p>\n<p><strong>Huomautus!<\/strong> Konsentraattia tulee k\u00e4ytt\u00e4\u00e4 p\u00e4ivitt\u00e4in 1-2 kuukauden ajan n\u00e4kyvien tulosten saavuttamiseksi ripsill\u00e4.<\/p>\n","protected":false},"excerpt":{"rendered":"<p>ELAN LashPlex -seerumi on kehitetty ripsien kotihoitoon ja ammattik\u00e4ytt\u00f6\u00f6n lash lift- ja lam-mestareiden toimesta ripsien taivutuksen viimeisess\u00e4 vaiheessa, sopii k\u00e4ytett\u00e4v\u00e4ksi kaikkien merkkien kanssa. Tuotteen ainutlaatuinen koostumus auttaa v\u00e4hent\u00e4m\u00e4\u00e4n laminointitoimenpiteen aikana syntyneit\u00e4 hiusrakenteen vaurioita kosteuttamalla ja vahvistaen ripsi\u00e4. Erityisen koostumuksensa ansiosta tuote auttaa v\u00e4hent\u00e4m\u00e4\u00e4n kemiallisen altistuksen aiheuttamaa ripsien kuivumista ja vaurioita.<\/p>\n<p>&nbsp;<\/p>\n<p><strong>K\u00e4ytt\u00f6:<\/strong> Levit\u00e4 seerumia ripsille vaiheen 3 j\u00e4lkeen ripsikamman avulla ja anna sen imeyty\u00e4 kokonaan. Ei tarvitse pest\u00e4 pois.<\/p>\n<p>&nbsp;<\/p>\n<p>S\u00e4ilyvyys: 24 kuukautta.<\/p>\n<p>S\u00e4ilyvyys avaamisen j\u00e4lkeen: 6 kuukautta.<\/p>\n<p>Koko: 10ml<\/p>\n","protected":false},"featured_media":23022,"comment_status":"open","ping_status":"closed","template":"","meta":{"_monsterinsights_skip_tracking":false,"_monsterinsights_sitenote_active":false,"_monsterinsights_sitenote_note":"","_monsterinsights_sitenote_category":0},"product_cat":[923,518,516,475,514],"product_tag":[],"class_list":{"0":"post-24089","1":"product","2":"type-product","3":"status-publish","4":"has-post-thumbnail","6":"product_cat-jalkihoito-ja-kosteuttaminen","7":"product_cat-jalkihoito","8":"product_cat-lash-lift-fi","9":"product_cat-ripset","10":"product_cat-ripsi-ja-kulmakarvojen-seerumit","11":"pa_brand-elan-fi","12":"pa_suurus-10-ml-fi","14":"first","15":"instock","16":"taxable","17":"shipping-taxable","18":"purchasable","19":"product-type-simple"},"_links":{"self":[{"href":"https:\/\/prelive2.pomello.ee\/fi\/wp-json\/wp\/v2\/product\/24089","targetHints":{"allow":["GET"]}}],"collection":[{"href":"https:\/\/prelive2.pomello.ee\/fi\/wp-json\/wp\/v2\/product"}],"about":[{"href":"https:\/\/prelive2.pomello.ee\/fi\/wp-json\/wp\/v2\/types\/product"}],"replies":[{"embeddable":true,"href":"https:\/\/prelive2.pomello.ee\/fi\/wp-json\/wp\/v2\/comments?post=24089"}],"version-history":[{"count":1,"href":"https:\/\/prelive2.pomello.ee\/fi\/wp-json\/wp\/v2\/product\/24089\/revisions"}],"predecessor-version":[{"id":25374,"href":"https:\/\/prelive2.pomello.ee\/fi\/wp-json\/wp\/v2\/product\/24089\/revisions\/25374"}],"wp:featuredmedia":[{"embeddable":true,"href":"https:\/\/prelive2.pomello.ee\/fi\/wp-json\/wp\/v2\/media\/23022"}],"wp:attachment":[{"href":"https:\/\/prelive2.pomello.ee\/fi\/wp-json\/wp\/v2\/media?parent=24089"}],"wp:term":[{"taxonomy":"product_cat","embeddable":true,"href":"https:\/\/prelive2.pomello.ee\/fi\/wp-json\/wp\/v2\/product_cat?post=24089"},{"taxonomy":"product_tag","embeddable":true,"href":"https:\/\/prelive2.pomello.ee\/fi\/wp-json\/wp\/v2\/product_tag?post=24089"}],"curies":[{"name":"wp","href":"https:\/\/api.w.org\/{rel}","templated":true}]}}