{"id":24087,"date":"2023-11-14T09:37:14","date_gmt":"2023-11-14T06:37:14","guid":{"rendered":"https:\/\/prelive2.pomello.ee\/toode\/my-lamination-developer-2\/"},"modified":"2023-11-14T09:37:14","modified_gmt":"2023-11-14T06:37:14","slug":"my-lamination-developer-2","status":"publish","type":"product","link":"https:\/\/prelive2.pomello.ee\/fi\/toode\/my-lamination-developer-2\/","title":{"rendered":"My Lamination Developer 2%"},"content":{"rendered":"<p>Vain ammattik\u00e4ytt\u00f6\u00f6n. V\u00e4lt\u00e4 tuotteen joutumista silmiin. Jos ainetta joutuu silmiin, huuhtele v\u00e4litt\u00f6m\u00e4sti vedell\u00e4. Sis\u00e4lt\u00e4\u00e4 vetyperoksidia. Lue My Lamination\u00ae -v\u00e4rien ohjeet ja noudata niit\u00e4. Ennen k\u00e4ytt\u00f6\u00e4 suositellaan herkkyystesti\u00e4. K\u00e4yt\u00e4 asianmukaisia \u200b\u200bk\u00e4sineit\u00e4 kaikissa tuotteen k\u00e4sittelyn vaiheissa. Sulje huolellisesti jokaisen k\u00e4ytt\u00f6kerran j\u00e4lkeen. Pid\u00e4 poissa lasten ulottuvilta. Pid\u00e4 viile\u00e4ss\u00e4 ja v\u00e4lt\u00e4 suoraa valoa. Ulkoiseen k\u00e4ytt\u00f6\u00f6n. \u00c4l\u00e4 k\u00e4yt\u00e4 raskauden ja\/tai imetyksen aikana.<\/p>\n<p>&nbsp;<\/p>\n<p>Valmistettu Italiassa.<\/p>\n","protected":false},"excerpt":{"rendered":"<p>My Lamination Cream Developer 2%, sekoita 1 osa My Lamination Color -v\u00e4ri\u00e4 ja 2 osaa My Lamination Cream Hydrogenia, kunnes saat tasaisen tahnan.<\/p>\n<p>&nbsp;<\/p>\n<p>&nbsp;<\/p>\n","protected":false},"featured_media":22961,"comment_status":"open","ping_status":"closed","template":"","meta":{"_monsterinsights_skip_tracking":false,"_monsterinsights_sitenote_active":false,"_monsterinsights_sitenote_note":"","_monsterinsights_sitenote_category":0},"product_cat":[901,476,475,478,479],"product_tag":[],"class_list":{"0":"post-24087","1":"product","2":"type-product","3":"status-publish","4":"has-post-thumbnail","6":"product_cat-developers","7":"product_cat-kulmakarvat","8":"product_cat-ripset","9":"product_cat-ripsien-ja-kulmakarvojen-varit","10":"product_cat-ripsien-ja-kulmakarvojen-varit-fi","11":"pa_brand-my-lamination-fi","12":"pa_suurus-60ml-fi","14":"first","15":"instock","16":"taxable","17":"shipping-taxable","18":"purchasable","19":"product-type-simple"},"_links":{"self":[{"href":"https:\/\/prelive2.pomello.ee\/fi\/wp-json\/wp\/v2\/product\/24087","targetHints":{"allow":["GET"]}}],"collection":[{"href":"https:\/\/prelive2.pomello.ee\/fi\/wp-json\/wp\/v2\/product"}],"about":[{"href":"https:\/\/prelive2.pomello.ee\/fi\/wp-json\/wp\/v2\/types\/product"}],"replies":[{"embeddable":true,"href":"https:\/\/prelive2.pomello.ee\/fi\/wp-json\/wp\/v2\/comments?post=24087"}],"version-history":[{"count":0,"href":"https:\/\/prelive2.pomello.ee\/fi\/wp-json\/wp\/v2\/product\/24087\/revisions"}],"wp:featuredmedia":[{"embeddable":true,"href":"https:\/\/prelive2.pomello.ee\/fi\/wp-json\/wp\/v2\/media\/22961"}],"wp:attachment":[{"href":"https:\/\/prelive2.pomello.ee\/fi\/wp-json\/wp\/v2\/media?parent=24087"}],"wp:term":[{"taxonomy":"product_cat","embeddable":true,"href":"https:\/\/prelive2.pomello.ee\/fi\/wp-json\/wp\/v2\/product_cat?post=24087"},{"taxonomy":"product_tag","embeddable":true,"href":"https:\/\/prelive2.pomello.ee\/fi\/wp-json\/wp\/v2\/product_tag?post=24087"}],"curies":[{"name":"wp","href":"https:\/\/api.w.org\/{rel}","templated":true}]}}