{"id":24085,"date":"2023-11-14T21:11:12","date_gmt":"2023-11-14T18:11:12","guid":{"rendered":"https:\/\/prelive2.pomello.ee\/toode\/rica-aloe-vera-wax-pehmea\/"},"modified":"2023-11-14T21:11:12","modified_gmt":"2023-11-14T18:11:12","slug":"rica-aloe-vera-wax-pehmea","status":"publish","type":"product","link":"https:\/\/prelive2.pomello.ee\/fi\/toode\/rica-aloe-vera-wax-pehmea\/","title":{"rendered":"RICA Aloe Vera Wax pehme\u00e4"},"content":{"rendered":"<p>RICA Aloe Vera Wax pehme\u00e4 purkkivaha on tehokas hyvien ainesosien ansiosta. Ihanteellinen asiakkaille, joilla on herkk\u00e4 ja herkk\u00e4 iho, erityisesti kasvojen vahaukseen. Vahan k\u00e4ytt\u00f6\u00e4 varten tarvitaan vahapaperia.<\/p>\n<p><strong>Miksi tuotteiden Aloe Vera -pitoisuus on t\u00e4rke\u00e4?<\/strong><\/p>\n<p>Aloe vera on kasvi, jota on k\u00e4ytetty useiden terveys- ja kauneusongelmien hoitoon. T\u00e4ss\u00e4 on joitain aloe veran t\u00e4rkeimmist\u00e4 ominaisuuksista:<\/p>\n<ol>\n<li><strong>Kosteuttava<\/strong>: Aloe vera -geeli sis\u00e4lt\u00e4\u00e4 runsaasti vett\u00e4, mik\u00e4 auttaa kosteuttamaan ihoa.<\/li>\n<li><strong>Rauhoittava<\/strong>: Aloe vera tunnetaan rauhoittavista ominaisuuksistaan, jotka voivat auttaa rauhoittamaan ihotulehdusta ja \u00e4rsytyst\u00e4.<\/li>\n<li><strong>Anti-inflammatorinen:<\/strong> Aloe vera voi auttaa v\u00e4hent\u00e4m\u00e4\u00e4n tulehdusta ihon eri alueilla.<\/li>\n<li><strong>Edist\u00e4\u00e4 paranemista:<\/strong> Aloe vera voi nopeuttaa haavojen, viiltojen ja palovammojen paranemista, koska se stimuloi kudosten uusiutumista.<\/li>\n<li><strong>J\u00e4\u00e4hdytys<\/strong>: Aloe vera -geelill\u00e4 on viilent\u00e4v\u00e4 vaikutus, josta voi olla hy\u00f6ty\u00e4 auringonpolttamissa tai muissa ihotulehduksissa.<\/li>\n<li><strong>Antioksidantti<\/strong>: Aloe vera sis\u00e4lt\u00e4\u00e4 antioksidantteja, jotka voivat auttaa suojaamaan ihoa vapaiden radikaalien vaurioilta.<\/li>\n<li><strong>Antibakteerinen<\/strong>: Aloe veralla on joitain antibakteerisia ominaisuuksia, jotka voivat auttaa v\u00e4hent\u00e4m\u00e4\u00e4n bakteerien kasvua iholla.<\/li>\n<\/ol>\n<p>&nbsp;<\/p>\n<p><strong>K\u00e4ytt\u00f6:<\/strong><\/p>\n<p>\u2013 Kuumenna vaha sopivassa laitteessa haluttuun l\u00e4mp\u00f6tilaan<br \/>\n\u2013 Testaa vahan l\u00e4mp\u00f6tila levitt\u00e4m\u00e4ll\u00e4 pieni m\u00e4\u00e4r\u00e4 vahaa ranteen sis\u00e4puolelle<br \/>\n\u2013 Kun l\u00e4mp\u00f6tila on sopiva, levit\u00e4 vahaa halutulle alueelle karvan kasvusuunnassa ja aseta sen p\u00e4\u00e4lle vahapaperi<br \/>\n\u2013 Odota hetki, ved\u00e4 iho kire\u00e4lle ja poista sitten paperi nopealla liikkeell\u00e4 vet\u00e4m\u00e4ll\u00e4 sit\u00e4 vastakkaisen hiuksen suuntaan<\/p>\n","protected":false},"excerpt":{"rendered":"<p>RICA Aloe Vera Wax pehme\u00e4 purkkivaha on ihanteellinen herkk\u00e4ihoisille. RICAn rasvaliukoiset vahat sis\u00e4lt\u00e4v\u00e4t aktiivisia ainesosia, kuten Opuntia- ja Argan\u00f6ljyj\u00e4, aloe- ja manteli\u00f6ljy\u00e4, jotka tarjoavat poikkeuksellisen kosteuttavan, rauhoittavan ja parantavan vaikutuksen. Lis\u00e4ksi n\u00e4iden vahojen tarttuminen ihoon heikkenee, mik\u00e4 tarjoaa lis\u00e4suojaa.<\/p>\n<p>&nbsp;<\/p>\n<p>Aloe Vera pehme\u00e4 purkkivaha sopii erityisesti niille, jotka haluavat nauttia kivuttomasta vahauksesta ja v\u00e4ltt\u00e4\u00e4 ihon punoitusta toimenpiteen j\u00e4lkeen.<\/p>\n","protected":false},"featured_media":22962,"comment_status":"open","ping_status":"closed","template":"","meta":{"_monsterinsights_skip_tracking":false,"_monsterinsights_sitenote_active":false,"_monsterinsights_sitenote_note":"","_monsterinsights_sitenote_category":0},"product_cat":[507,542,555],"product_tag":[],"class_list":{"0":"post-24085","1":"product","2":"type-product","3":"status-publish","4":"has-post-thumbnail","6":"product_cat-karvanpoisto","7":"product_cat-karvanpoisto-tarvikkeet-fi","8":"product_cat-vahat","9":"pa_brand-rica-fi","10":"pa_suurus-400-ml-fi","12":"first","13":"instock","14":"taxable","15":"shipping-taxable","16":"purchasable","17":"product-type-simple"},"_links":{"self":[{"href":"https:\/\/prelive2.pomello.ee\/fi\/wp-json\/wp\/v2\/product\/24085","targetHints":{"allow":["GET"]}}],"collection":[{"href":"https:\/\/prelive2.pomello.ee\/fi\/wp-json\/wp\/v2\/product"}],"about":[{"href":"https:\/\/prelive2.pomello.ee\/fi\/wp-json\/wp\/v2\/types\/product"}],"replies":[{"embeddable":true,"href":"https:\/\/prelive2.pomello.ee\/fi\/wp-json\/wp\/v2\/comments?post=24085"}],"version-history":[{"count":0,"href":"https:\/\/prelive2.pomello.ee\/fi\/wp-json\/wp\/v2\/product\/24085\/revisions"}],"wp:featuredmedia":[{"embeddable":true,"href":"https:\/\/prelive2.pomello.ee\/fi\/wp-json\/wp\/v2\/media\/22962"}],"wp:attachment":[{"href":"https:\/\/prelive2.pomello.ee\/fi\/wp-json\/wp\/v2\/media?parent=24085"}],"wp:term":[{"taxonomy":"product_cat","embeddable":true,"href":"https:\/\/prelive2.pomello.ee\/fi\/wp-json\/wp\/v2\/product_cat?post=24085"},{"taxonomy":"product_tag","embeddable":true,"href":"https:\/\/prelive2.pomello.ee\/fi\/wp-json\/wp\/v2\/product_tag?post=24085"}],"curies":[{"name":"wp","href":"https:\/\/api.w.org\/{rel}","templated":true}]}}