{"id":24083,"date":"2023-11-15T16:45:09","date_gmt":"2023-11-15T13:45:09","guid":{"rendered":"https:\/\/prelive2.pomello.ee\/toode\/hoia-kulmien-seerumi-bush-7ml\/"},"modified":"2023-11-15T16:45:09","modified_gmt":"2023-11-15T13:45:09","slug":"hoia-kulmien-seerumi-bush-7ml","status":"publish","type":"product","link":"https:\/\/prelive2.pomello.ee\/fi\/toode\/hoia-kulmien-seerumi-bush-7ml\/","title":{"rendered":"HOIA kulmien seerumi Bush 7ml"},"content":{"rendered":"<p><strong>K\u00c4YTT\u00c4\u00c4<\/strong><\/p>\n<p>Levit\u00e4 tuotetta p\u00e4ivitt\u00e4in CLEAN kulmakarvoille.<\/p>\n<p>&nbsp;<\/p>\n<p>S\u00e4ilyt\u00e4 tuote alle 25 C ja poissa suorasta auringonvalosta.<\/p>\n","protected":false},"excerpt":{"rendered":"<p>Poikkeuksellisen rikkaan koostumuksensa ansiosta HOIA kulmien seerumi BUSH stimuloi kulmakarvojen kasvua, auttaa niit\u00e4 pysym\u00e4\u00e4n tervein\u00e4 ja kauniina sek\u00e4 tarjoaa niille tarvittavat rasvahapot, vitamiinit ja kivenn\u00e4isaineet. Seerumi sis\u00e4lt\u00e4\u00e4 rikkaan jalostamattoman tehokkaan koostumuksen mustakumina\u00f6ljy\u00e4, risiini\u00f6ljy\u00e4, gamma-linoleenihappoa ja granaattiomenansiemen\u00f6ljy\u00e4, jotka yhdess\u00e4 auttavat stimuloimaan hiusten kasvua, vahvistamaan olemassa olevien karvojen rakennetta ja parantamaan niiden ulkon\u00e4k\u00f6\u00e4. Seerumiin on lis\u00e4tty my\u00f6s mintun ja rosmariinin eteerisi\u00e4 \u00f6ljyj\u00e4, jotka parantavat kulmakarvojen verenkiertoa.<\/p>\n<p>7 ml<\/p>\n","protected":false},"featured_media":22964,"comment_status":"open","ping_status":"closed","template":"","meta":{"_monsterinsights_skip_tracking":false,"_monsterinsights_sitenote_active":false,"_monsterinsights_sitenote_note":"","_monsterinsights_sitenote_category":0},"product_cat":[476,475,514],"product_tag":[],"class_list":{"0":"post-24083","1":"product","2":"type-product","3":"status-publish","4":"has-post-thumbnail","6":"product_cat-kulmakarvat","7":"product_cat-ripset","8":"product_cat-ripsi-ja-kulmakarvojen-seerumit","9":"pa_brand-hoia-fi","10":"pa_suurus-7ml-fi","12":"first","13":"instock","14":"taxable","15":"shipping-taxable","16":"purchasable","17":"product-type-simple"},"_links":{"self":[{"href":"https:\/\/prelive2.pomello.ee\/fi\/wp-json\/wp\/v2\/product\/24083","targetHints":{"allow":["GET"]}}],"collection":[{"href":"https:\/\/prelive2.pomello.ee\/fi\/wp-json\/wp\/v2\/product"}],"about":[{"href":"https:\/\/prelive2.pomello.ee\/fi\/wp-json\/wp\/v2\/types\/product"}],"replies":[{"embeddable":true,"href":"https:\/\/prelive2.pomello.ee\/fi\/wp-json\/wp\/v2\/comments?post=24083"}],"version-history":[{"count":0,"href":"https:\/\/prelive2.pomello.ee\/fi\/wp-json\/wp\/v2\/product\/24083\/revisions"}],"wp:featuredmedia":[{"embeddable":true,"href":"https:\/\/prelive2.pomello.ee\/fi\/wp-json\/wp\/v2\/media\/22964"}],"wp:attachment":[{"href":"https:\/\/prelive2.pomello.ee\/fi\/wp-json\/wp\/v2\/media?parent=24083"}],"wp:term":[{"taxonomy":"product_cat","embeddable":true,"href":"https:\/\/prelive2.pomello.ee\/fi\/wp-json\/wp\/v2\/product_cat?post=24083"},{"taxonomy":"product_tag","embeddable":true,"href":"https:\/\/prelive2.pomello.ee\/fi\/wp-json\/wp\/v2\/product_tag?post=24083"}],"curies":[{"name":"wp","href":"https:\/\/api.w.org\/{rel}","templated":true}]}}