{"id":24079,"date":"2023-11-24T09:07:15","date_gmt":"2023-11-24T06:07:15","guid":{"rendered":"https:\/\/prelive2.pomello.ee\/toode\/bronsun-ripsi-ja-kulmavari-cream-dye\/"},"modified":"2023-11-24T09:07:15","modified_gmt":"2023-11-24T06:07:15","slug":"bronsun-ripsi-ja-kulmavari-cream-dye","status":"publish","type":"product","link":"https:\/\/prelive2.pomello.ee\/fi\/toode\/bronsun-ripsi-ja-kulmavari-cream-dye\/","title":{"rendered":"Bronsun ripsi- ja kulmav\u00e4ri Cream Dye"},"content":{"rendered":"<p><strong>Bronsun ripsi- ja kulmav\u00e4rit Cream Dye etuja:<\/strong><\/p>\n<p>&nbsp;<\/p>\n<ul>\n<li>CARE FORMULA ravitsevat komponentit ja antioksidanttikompleksi<\/li>\n<li>T\u00c4YDELLINEN V\u00c4RI ohuille, huokoisille ja kemiallisesti k\u00e4sitellyille hiuksille<\/li>\n<li>AINUTLAATUINEN KOOSTUMUS hell\u00e4varainen ja pehme\u00e4 vaikutus hiuksiin ja ihoon<\/li>\n<li>ERITT\u00c4IN MUKAVA SAAKUNTA sekoitus vain Bronsun Cream Developer kanssa<\/li>\n<li>EI TEE TURVASTA LIIAN TUMMAA samalla kun se tarjoaa intensiivist\u00e4 kiinteytt\u00e4 iholle<\/li>\n<li>BRONSUN HENKIL\u00d6KOHTAINEN KEST\u00c4VYYS jopa 7 p\u00e4iv\u00e4\u00e4 iholla ja jopa 7 viikkoa hiuksissa<\/li>\n<li>YMP\u00c4RIST\u00d6YST\u00c4V\u00c4LLINEN 40+ k\u00e4ytt\u00f6\u00f6n<\/li>\n<li>AMMONIAKITON<\/li>\n<\/ul>\n<p>&nbsp;<\/p>\n<p><b>Kuinka k\u00e4ytt\u00e4\u00e4:<\/b><\/p>\n<p>&nbsp;<\/p>\n<ul>\n<li>Poista meikki kulmakarvoista ja ripsist\u00e4 \u00f6ljytt\u00f6m\u00e4ll\u00e4 meikinpoistoaineella<\/li>\n<li>Purista maali pieneen lasi- tai muoviastiaan ja lis\u00e4\u00e4 sama m\u00e4\u00e4r\u00e4 kermanestett\u00e4 3% BRONSUN<\/li>\n<li>Sekoita, kunnes saat tasaisen koostumuksen<\/li>\n<li>Levit\u00e4 seos kulmakarvoihin<\/li>\n<li>K\u00e4yt\u00e4 vinoa sivellint\u00e4 ja lis\u00e4\u00e4 kulmakarvojen v\u00e4ri\u00e4, kunnes kulmakarvat ovat tasaiset<\/li>\n<li>Pese maali varovasti pois sopivan ajan kuluttua kostealla vanulapulla.<\/li>\n<\/ul>\n<p>&nbsp;<\/p>\n<p>Vaikutusaika kulmakarvoihin 7-10 minuuttia (pidemp\u00e4\u00e4n tarvittaessa)<\/p>\n<p>&nbsp;<\/p>\n<p>Sekoita suhteessa 1-1 <a href=\"https:\/\/prelive2.pomello.ee\/toode\/bronsun-kreemvesinik-3\/\"><b>BRONSUN Developer 3%<\/b><\/a><\/p>\n<p>&nbsp;<\/p>\n<p><b>S\u00e4ilytysohjeet:<\/b><\/p>\n<p>Varastoi +5\u00b0C &#8211; +25\u00b0C l\u00e4mp\u00f6tilassa. Pid\u00e4 kuivana. S\u00e4ilytett\u00e4v\u00e4 poissa l\u00e4mm\u00f6lt\u00e4 ja suoralta auringonvalolta.<\/p>\n<p><b>S\u00e4ilyvyys avattaessa: <\/b>12 kuukautta.<\/p>\n<p><b>Kulutus<\/b>: 40 menettely\u00e4.<\/p>\n","protected":false},"excerpt":{"rendered":"<p>Bronsun ripsi- ja kulmav\u00e4ri Cream Dye on kehitetty erityisesti k\u00e4ytett\u00e4v\u00e4ksi kemiallisten toimenpiteiden, kuten ripsien kohotuksen ja kulmakarvojen laminoinnin j\u00e4lkeen, v\u00e4rin etuna on, ett\u00e4 se ei kuivata hiuksia kemiallisen toimenpiteen j\u00e4lkeen. Kermav\u00e4rin rakenne on samettinen ja antaa t\u00e4ytel\u00e4isen v\u00e4rin iholle ja turkille luoden kiiltoa ja kiiltoa.<\/p>\n<p>&nbsp;<\/p>\n<p>Kermav\u00e4rin ainesosat sis\u00e4lt\u00e4v\u00e4t hydrolysoitua keratiinia, joka palauttaa ripsien ja kulmakarvojen rakenteen, lis\u00e4\u00e4 sileytt\u00e4 ja silkkyytt\u00e4. Hydrolysoitu silkki kosteuttaa, pehment\u00e4\u00e4 ja lis\u00e4\u00e4 kiiltoa, ja E-vitamiini vahvistaa, ravitsee ja stimuloi kulmakarvojen ja ripsien kasvua.<\/p>\n<p>&nbsp;<\/p>\n<p>Pitk\u00e4kestoinen, s\u00e4vy pysyy iholla jopa 7 p\u00e4iv\u00e4\u00e4 ja hiuksissa jopa 7 viikkoa.<\/p>\n","protected":false},"featured_media":22982,"comment_status":"open","ping_status":"closed","template":"","meta":{"_monsterinsights_skip_tracking":false,"_monsterinsights_sitenote_active":false,"_monsterinsights_sitenote_note":"","_monsterinsights_sitenote_category":0},"product_cat":[909,476,512,475,478,479],"product_tag":[],"class_list":{"0":"post-24079","1":"product","2":"type-product","3":"status-publish","4":"has-post-thumbnail","6":"product_cat-kestovari","7":"product_cat-kulmakarvat","8":"product_cat-parhaat-tarjoukset","9":"product_cat-ripset","10":"product_cat-ripsien-ja-kulmakarvojen-varit","11":"product_cat-ripsien-ja-kulmakarvojen-varit-fi","12":"pa_brand-bronsun-fi","13":"pa_varv-black-fi","14":"pa_varv-blue-black-fi","15":"pa_varv-brown-fi","16":"pa_varv-chestnut-fi","17":"pa_varv-dark-brown-fi","18":"pa_varv-graphite-fi","19":"pa_varv-light-brown-fi","21":"first","22":"instock","23":"sale","24":"taxable","25":"shipping-taxable","26":"purchasable","27":"product-type-variable"},"_links":{"self":[{"href":"https:\/\/prelive2.pomello.ee\/fi\/wp-json\/wp\/v2\/product\/24079","targetHints":{"allow":["GET"]}}],"collection":[{"href":"https:\/\/prelive2.pomello.ee\/fi\/wp-json\/wp\/v2\/product"}],"about":[{"href":"https:\/\/prelive2.pomello.ee\/fi\/wp-json\/wp\/v2\/types\/product"}],"replies":[{"embeddable":true,"href":"https:\/\/prelive2.pomello.ee\/fi\/wp-json\/wp\/v2\/comments?post=24079"}],"version-history":[{"count":0,"href":"https:\/\/prelive2.pomello.ee\/fi\/wp-json\/wp\/v2\/product\/24079\/revisions"}],"wp:featuredmedia":[{"embeddable":true,"href":"https:\/\/prelive2.pomello.ee\/fi\/wp-json\/wp\/v2\/media\/22982"}],"wp:attachment":[{"href":"https:\/\/prelive2.pomello.ee\/fi\/wp-json\/wp\/v2\/media?parent=24079"}],"wp:term":[{"taxonomy":"product_cat","embeddable":true,"href":"https:\/\/prelive2.pomello.ee\/fi\/wp-json\/wp\/v2\/product_cat?post=24079"},{"taxonomy":"product_tag","embeddable":true,"href":"https:\/\/prelive2.pomello.ee\/fi\/wp-json\/wp\/v2\/product_tag?post=24079"}],"curies":[{"name":"wp","href":"https:\/\/api.w.org\/{rel}","templated":true}]}}