{"id":24077,"date":"2023-12-06T20:05:32","date_gmt":"2023-12-06T17:05:32","guid":{"rendered":"https:\/\/prelive2.pomello.ee\/toode\/elan-boomplex-10ml\/"},"modified":"2024-03-19T20:36:25","modified_gmt":"2024-03-19T17:36:25","slug":"elan-boomplex-10ml","status":"publish","type":"product","link":"https:\/\/prelive2.pomello.ee\/fi\/toode\/elan-boomplex-10ml\/","title":{"rendered":"ELAN Boomplex 10ml"},"content":{"rendered":"<p><strong>Kuinka k\u00e4ytt\u00e4\u00e4 ELAN Boomplexi\u00e4:<\/strong><\/p>\n<p>&nbsp;<\/p>\n<p><strong>RIPSILLE<\/strong><\/p>\n<p>Ripsien kohotustoimenpiteen j\u00e4lkeen (viimeinen vaihe): levit\u00e4 pipetill\u00e4 muutama tippa konsentraattia ripsiin siirtyen silm\u00e4n sis\u00e4kulmasta ulkokulmaan. J\u00e4t\u00e4, kunnes se on t\u00e4ysin imeytynyt.<\/p>\n<p>Konsentraattia ei tarvitse pest\u00e4 pois. On suositeltavaa k\u00e4ytt\u00e4\u00e4 sit\u00e4 p\u00e4ivitt\u00e4in kotona kulmakarvojen ja ripsien hoitoon.<\/p>\n<p><strong>Huomautus:<\/strong> Konsentraattia suositellaan k\u00e4ytett\u00e4v\u00e4ksi p\u00e4ivitt\u00e4in 1-2 kuukauden ajan n\u00e4kyvien tulosten saavuttamiseksi kulmakarvojen ja ripsien palauttamisessa.<\/p>\n<p>&nbsp;<\/p>\n<p><strong>KULMAIHIN<\/strong><\/p>\n<ol>\n<li>Toimenpide ennen v\u00e4rj\u00e4yst\u00e4: Levit\u00e4 konsentraattia kulmakarvojen iholle ja kulmakarvojen ymp\u00e4rill\u00e4 olevalle iholle. Anna vaikuttaa 1-2 minuuttia, kunnes se on t\u00e4ysin imeytynyt.<\/li>\n<li>Kulmakarvojen valkaisutoimenpiteen aikana: lis\u00e4\u00e4 2-3 tippaa konsentraattia valkaisuseokseen v\u00e4hent\u00e4\u00e4ksesi kemiallista vaikutusta karvat.<\/li>\n<li>Kulmakarvojen laminoinnin j\u00e4lkeen (viimeinen vaihe): levit\u00e4 muutama tippa konsentraattia puhdistetulle kulmakarvojen alueelle pipetill\u00e4. J\u00e4t\u00e4, kunnes se on t\u00e4ysin imeytynyt.<\/li>\n<\/ol>\n<p>&nbsp;<\/p>\n<p><strong>&#8221;BOOMPLEX&#8221;-komponenttien ominaisuudet:<\/strong><\/p>\n<p>\u2013 Monosakkaridi- ja disakkaridikompleksi yhdess\u00e4 luonnollisten aminohappojen kanssa suojaa follikkelia oksidatiiviselta stressilt\u00e4 ja uudistaa kulmakarvojen ja ripsien karvojen proteiinirakennetta. Ainesosat tunkeutuvat kynsinauhojen aivokuoreen ja palauttavat vaurioituneita alueita sis\u00e4lt\u00e4p\u00e4in, s\u00e4ilytt\u00e4v\u00e4t kosteuden ja palauttavat kynsinauhokerroksen eheyden.<\/p>\n<p>\u2013 Prunella-uute stimuloi tehokkaasti oksitosiinin vapautumista stressiss\u00e4, mik\u00e4 v\u00e4hent\u00e4\u00e4 kortisolitasoja. Voimakas anti-stressivaikutus lis\u00e4\u00e4 karvojen m\u00e4\u00e4r\u00e4\u00e4 antigeenivaiheessa, eli stimuloi hiusten kasvua.<\/p>\n<p>\u2013 Hydrolysoitu keratiini integroituu helposti hiusrakenteeseen ja t\u00e4ytt\u00e4\u00e4 aukot vaurioituneilla alueilla.<\/p>\n<p>\u2013 Pantenoli antaa suojaa, parantaa turkin tiheytt\u00e4 ja antaa pehmeytt\u00e4, joustavuutta ja kiiltoa.<\/p>\n","protected":false},"excerpt":{"rendered":"<p>ELAN Boomplex on ammattimainen konsentraatti kulmakarvoille ja ripsille. Universaalikonsentraatti palauttaa kulmakarvojen ja ripsien proteiinirakenteen monosakkaridien ja disakkaridien ansiosta yhdistettyn\u00e4 luonnollisiin aminohappoihin, keratiiniin, pantenoliin ja Prun\u00e9lla-uutteeseen.<\/p>\n<p>&nbsp;<\/p>\n<p>BOOMPLEX on suunniteltu palauttamaan ja kosteuttamaan ripsi\u00e4 ja kulmakarvoja kemiallisten kauneushoitojen j\u00e4lkeen.<\/p>\n<p>&nbsp;<\/p>\n<p>Lis\u00e4ksi on suositeltavaa k\u00e4ytt\u00e4\u00e4 sit\u00e4 my\u00f6s p\u00e4ivitt\u00e4iseen kotihoitoon.<\/p>\n","protected":false},"featured_media":22984,"comment_status":"open","ping_status":"closed","template":"","meta":{"_monsterinsights_skip_tracking":false,"_monsterinsights_sitenote_active":false,"_monsterinsights_sitenote_note":"","_monsterinsights_sitenote_category":0},"product_cat":[923,518,915,917,476,516,475,514],"product_tag":[],"class_list":{"0":"post-24077","1":"product","2":"type-product","3":"status-publish","4":"has-post-thumbnail","6":"product_cat-jalkihoito-ja-kosteuttaminen","7":"product_cat-jalkihoito","8":"product_cat-esi-ja-jalkihoito","9":"product_cat-jalkihoito-fi","10":"product_cat-kulmakarvat","11":"product_cat-lash-lift-fi","12":"product_cat-ripset","13":"product_cat-ripsi-ja-kulmakarvojen-seerumit","14":"pa_brand-elan-fi","15":"pa_suurus-10-ml-fi","17":"first","18":"instock","19":"taxable","20":"shipping-taxable","21":"purchasable","22":"product-type-simple"},"_links":{"self":[{"href":"https:\/\/prelive2.pomello.ee\/fi\/wp-json\/wp\/v2\/product\/24077","targetHints":{"allow":["GET"]}}],"collection":[{"href":"https:\/\/prelive2.pomello.ee\/fi\/wp-json\/wp\/v2\/product"}],"about":[{"href":"https:\/\/prelive2.pomello.ee\/fi\/wp-json\/wp\/v2\/types\/product"}],"replies":[{"embeddable":true,"href":"https:\/\/prelive2.pomello.ee\/fi\/wp-json\/wp\/v2\/comments?post=24077"}],"version-history":[{"count":0,"href":"https:\/\/prelive2.pomello.ee\/fi\/wp-json\/wp\/v2\/product\/24077\/revisions"}],"wp:featuredmedia":[{"embeddable":true,"href":"https:\/\/prelive2.pomello.ee\/fi\/wp-json\/wp\/v2\/media\/22984"}],"wp:attachment":[{"href":"https:\/\/prelive2.pomello.ee\/fi\/wp-json\/wp\/v2\/media?parent=24077"}],"wp:term":[{"taxonomy":"product_cat","embeddable":true,"href":"https:\/\/prelive2.pomello.ee\/fi\/wp-json\/wp\/v2\/product_cat?post=24077"},{"taxonomy":"product_tag","embeddable":true,"href":"https:\/\/prelive2.pomello.ee\/fi\/wp-json\/wp\/v2\/product_tag?post=24077"}],"curies":[{"name":"wp","href":"https:\/\/api.w.org\/{rel}","templated":true}]}}