{"id":24068,"date":"2023-12-06T20:46:46","date_gmt":"2023-12-06T17:46:46","guid":{"rendered":"https:\/\/prelive2.pomello.ee\/toode\/elan-colour-fix-2-0\/"},"modified":"2023-12-06T20:46:46","modified_gmt":"2023-12-06T17:46:46","slug":"elan-colour-fix-2-0","status":"publish","type":"product","link":"https:\/\/prelive2.pomello.ee\/fi\/toode\/elan-colour-fix-2-0\/","title":{"rendered":"ELAN Colour Fix 2.0"},"content":{"rendered":"<p><strong>ELAN Color Fix 2.0:n k\u00e4ytt\u00f6:<\/strong><\/p>\n<p>&nbsp;<\/p>\n<p>Ammattik\u00e4ytt\u00f6\u00f6n: Pumppaa sopiva m\u00e4\u00e4r\u00e4 vanulapulle ja pyyhk\u00e4ise kulmakarvat tai ripset karvan kasvusuuntaan. K\u00e4yt\u00e4 <strong>viimeisess\u00e4<\/strong> vaiheessa kulmakarvojen tai ripsien v\u00e4rj\u00e4\u00e4miseen. \u00c4l\u00e4 huuhtele!<\/p>\n<p>Kotihoitoon: Pumppaa sopiva m\u00e4\u00e4r\u00e4 vanulapulle ja pyyhi kulmakarvat ja\/tai ripset karvan kasvun suuntaan. K\u00e4yt\u00e4 p\u00e4ivitt\u00e4in hoitotuotteena. \u00c4l\u00e4 huuhtele!<\/p>\n<p>&nbsp;<\/p>\n<p>Koko: 100 ml<\/p>\n<p>S\u00e4ilyvyys: 24 kuukautta valmistusp\u00e4iv\u00e4st\u00e4<\/p>\n<p>S\u00e4ilyvyys avaamisen j\u00e4lkeen: 6 kuukautta<\/p>\n<p>Alkuper\u00e4maa: Ukraina<\/p>\n","protected":false},"excerpt":{"rendered":"<p>ELAN Color Fix 2.0 on tarkoitettu ammattik\u00e4ytt\u00f6\u00f6n kulmakarvataiteilijoille ja kulmakarvojen laminaattoreille. Tuote soveltuu my\u00f6s p\u00e4ivitt\u00e4iseen ripsien ja kulmakarvojen kotik\u00e4ytt\u00f6\u00f6n.<\/p>\n<p>&nbsp;<\/p>\n<p>Tuote est\u00e4\u00e4 hiuksia haurastumasta ja hiusten haalistumista kemiallisen v\u00e4rj\u00e4yksen j\u00e4lkeen, auttaa pident\u00e4m\u00e4\u00e4n v\u00e4rin kestoa hiuksissa. Nestett\u00e4 ei tarvitse pest\u00e4 pois!<\/p>\n<p>&nbsp;<\/p>\n<p>Color Fixi\u00e4 suositellaan tehon pident\u00e4miseen kulmakarvojen ja\/tai ripsien v\u00e4rj\u00e4yksen j\u00e4lkeen. Lis\u00e4ksi tuote soveltuu my\u00f6s p\u00e4ivitt\u00e4iseen ripsien ja kulmakarvojen hoitoon kotona.<\/p>\n<p>&nbsp;<\/p>\n<p>Koostumukseen sis\u00e4ltyvien aktiivisten aineosien ominaisuudet:<\/p>\n<ul>\n<li>Hydrolysoitu keratiini ja auringonkukka\u00f6ljy est\u00e4v\u00e4t hiuksia haurastumasta ja tekev\u00e4t niist\u00e4 joustavia;<\/li>\n<li>Maitohappo neutraloi em\u00e4ksist\u00e4 ymp\u00e4rist\u00f6\u00e4 ja suojaa v\u00e4ri\u00e4 haalistumista;<\/li>\n<li>Pantenoli kosteuttaa hiuksia ja ihoa ja sill\u00e4 on my\u00f6s uudistavia ominaisuuksia.<\/li>\n<\/ul>\n","protected":false},"featured_media":22986,"comment_status":"open","ping_status":"closed","template":"","meta":{"_monsterinsights_skip_tracking":false,"_monsterinsights_sitenote_active":false,"_monsterinsights_sitenote_note":"","_monsterinsights_sitenote_category":0},"product_cat":[518,915,917,476,477,475,479,478],"product_tag":[],"class_list":{"0":"post-24068","1":"product","2":"type-product","3":"status-publish","4":"has-post-thumbnail","6":"product_cat-jalkihoito","7":"product_cat-esi-ja-jalkihoito","8":"product_cat-jalkihoito-fi","9":"product_cat-kulmakarvat","10":"product_cat-kulmien-laminointi","11":"product_cat-ripset","12":"product_cat-ripsien-ja-kulmakarvojen-varit-fi","13":"product_cat-ripsien-ja-kulmakarvojen-varit","14":"pa_brand-elan-fi","15":"pa_suurus-100-ml-fi","17":"first","18":"instock","19":"taxable","20":"shipping-taxable","21":"purchasable","22":"product-type-simple"},"_links":{"self":[{"href":"https:\/\/prelive2.pomello.ee\/fi\/wp-json\/wp\/v2\/product\/24068","targetHints":{"allow":["GET"]}}],"collection":[{"href":"https:\/\/prelive2.pomello.ee\/fi\/wp-json\/wp\/v2\/product"}],"about":[{"href":"https:\/\/prelive2.pomello.ee\/fi\/wp-json\/wp\/v2\/types\/product"}],"replies":[{"embeddable":true,"href":"https:\/\/prelive2.pomello.ee\/fi\/wp-json\/wp\/v2\/comments?post=24068"}],"version-history":[{"count":0,"href":"https:\/\/prelive2.pomello.ee\/fi\/wp-json\/wp\/v2\/product\/24068\/revisions"}],"wp:featuredmedia":[{"embeddable":true,"href":"https:\/\/prelive2.pomello.ee\/fi\/wp-json\/wp\/v2\/media\/22986"}],"wp:attachment":[{"href":"https:\/\/prelive2.pomello.ee\/fi\/wp-json\/wp\/v2\/media?parent=24068"}],"wp:term":[{"taxonomy":"product_cat","embeddable":true,"href":"https:\/\/prelive2.pomello.ee\/fi\/wp-json\/wp\/v2\/product_cat?post=24068"},{"taxonomy":"product_tag","embeddable":true,"href":"https:\/\/prelive2.pomello.ee\/fi\/wp-json\/wp\/v2\/product_tag?post=24068"}],"curies":[{"name":"wp","href":"https:\/\/api.w.org\/{rel}","templated":true}]}}